{"id":28541,"date":"2024-01-10T15:03:30","date_gmt":"2024-01-10T15:03:30","guid":{"rendered":"https:\/\/store.handsomecake.com\/product\/jujutsu-kaisen-mei-mei-14-resin-statue-von-atlas-studio\/"},"modified":"2025-12-03T10:09:48","modified_gmt":"2025-12-03T10:09:48","slug":"jujutsu-kaisen-mei-mei-14-resin-statue-von-atlas-studio","status":"publish","type":"product","link":"https:\/\/store.handsomecake.com\/en\/product\/jujutsu-kaisen-mei-mei-14-resin-statue-von-atlas-studio\/","title":{"rendered":"Jujutsu Kaisen &#8211; Mei Mei | 1:4 Resin Statue | von Atlas Studio"},"content":{"rendered":"<p><strong>Jujutsu Kaisen &#8211; Mei Mei | 1:4 Resin Statue | von Atlas Studio<\/strong><\/p>\n<p>I do ship EU-wide, please contact me, should questions arise.<\/p>\n<p>Tolle Statue von einer Jujutsu-Zauberin der Stufe 1.<br \/>\nWunderbar verarbeitete und sehr detaillierte Mei Mei Statue aus Polystone &#8211; k\u00fcnstlichem Stein-Harz-Gemisch.<\/p>\n<p><strong>Besonderheiten:<\/strong><\/p>\n<ul>\n<li>Regular Version: 2 austauschbare K\u00f6pfe<\/li>\n<li>Exclusive Version: Regular + Bikini + nackter K\u00f6rper<\/li>\n<li>weltweit nur 99 St\u00fcck<\/li>\n<\/ul>\n<p><strong>Release-Status:<\/strong><\/p>\n<ul>\n<li>Preorder. Statue wird voraussichtlich in Q3 2024 released und wir erwarten sie sch\u00e4tzungsweise Ende Oktober 2024 bei uns im Warenlager.<\/li>\n<li>Diese Angabe ist ohne Gew\u00e4hr! Wir leiten nur die Sch\u00e4tzung vom Hersteller weiter.<br \/>\nFalls das Datum \u00fcberschritten wurde und hier immer noch eine Sch\u00e4tzung aus der Vergangenheit steht, dann bedeutet das _NICHT_, dass die Figur bereits im Lager in Deutschland ist. Sie ist _NUR_ dann auf Lager in Deutschland, wenn der Text dies entsprechend sagt und\/oder die Kategorie weiter oben &#8222;Lagernd vor Ort&#8220; hei\u00dft.<\/li>\n<\/ul>\n<p>Wie immer bei meinen Aktionen &#8211; s\u00e4mtliche Geb\u00fchren sind, im Gegensatz zu anderen Angeboten, bereits inkludiert. Versand erfolgt ausschlie\u00dflich aus Deutschland, es fallen keine Zoll- und Importgeb\u00fchren an. Ihr kauft keine Katze im Sack \ud83d\ude42<\/p>\n<p><strong>Ma\u00dfe der Statue:<\/strong><\/p>\n<ul>\n<li>Gr\u00f6\u00dfe : ca. 55.7cm x 42.3cm x 39cm<\/li>\n<li>Gewicht: TBA, ca. 12kg (gesch\u00e4tzt)<\/li>\n<\/ul>\n<p>You are not prepared! \ud83d\ude42<\/p>","protected":false},"excerpt":{"rendered":"<p>Jujutsu Kaisen &#8211; Mei Mei | 1:4 Resin Statue | von Atlas Studio I do ship EU-wide, please contact me, should questions arise. Tolle Statue von einer Jujutsu-Zauberin der Stufe 1. Wunderbar verarbeitete und sehr detaillierte Mei Mei Statue aus Polystone &#8211; k\u00fcnstlichem Stein-Harz-Gemisch. Besonderheiten: Regular Version: 2 austauschbare K\u00f6pfe Exclusive Version: Regular + Bikini [&hellip;]<\/p>\n","protected":false},"featured_media":28563,"comment_status":"closed","ping_status":"closed","template":"","meta":[],"product_brand":[],"product_cat":[24,1237,568,84],"product_tag":[612,659,666,658,147,251,383,553,3037,795,1369,3140,1372,1374,3141,3143,3144,3142,154,136,554,379,381,552,547],"class_list":{"0":"post-28541","1":"product","2":"type-product","3":"status-publish","4":"has-post-thumbnail","6":"product_cat-action-figuren","7":"product_cat-jujutsu-kaisen","8":"product_cat-preorder","9":"product_cat-statuen-anime-comic-universum","10":"product_tag-anime","11":"product_tag-anime-figuren","12":"product_tag-anime-figuren-shop","13":"product_tag-anime-toys","14":"product_tag-collectibles","15":"product_tag-collectibles-kaufen","16":"product_tag-collector","17":"product_tag-figure-collector","18":"product_tag-geto-suguru-collectibles","19":"product_tag-handsomecake","20":"product_tag-jujutsu-kaisen","21":"product_tag-jujutsu-kaisen-mei-mei","22":"product_tag-jujutsu-kaisen-statue","23":"product_tag-jujutsu-kaisen-toys","24":"product_tag-mei-mei","25":"product_tag-mei-mei-resin","26":"product_tag-mei-mei-statue","27":"product_tag-meimei","28":"product_tag-resin-collectibles","29":"product_tag-resin-statuen","30":"product_tag-resin-statues","31":"product_tag-statue-collectible","32":"product_tag-statue-collectibles","33":"product_tag-statue-collector","34":"product_tag-statues-collector","35":"pa_brand-atlas-studio","36":"pa_scale-1_to_4","38":"first","39":"instock","40":"taxable","41":"shipping-taxable","42":"product-type-variable"},"_links":{"self":[{"href":"https:\/\/store.handsomecake.com\/en\/wp-json\/wp\/v2\/product\/28541","targetHints":{"allow":["GET"]}}],"collection":[{"href":"https:\/\/store.handsomecake.com\/en\/wp-json\/wp\/v2\/product"}],"about":[{"href":"https:\/\/store.handsomecake.com\/en\/wp-json\/wp\/v2\/types\/product"}],"replies":[{"embeddable":true,"href":"https:\/\/store.handsomecake.com\/en\/wp-json\/wp\/v2\/comments?post=28541"}],"wp:featuredmedia":[{"embeddable":true,"href":"https:\/\/store.handsomecake.com\/en\/wp-json\/wp\/v2\/media\/28563"}],"wp:attachment":[{"href":"https:\/\/store.handsomecake.com\/en\/wp-json\/wp\/v2\/media?parent=28541"}],"wp:term":[{"taxonomy":"product_brand","embeddable":true,"href":"https:\/\/store.handsomecake.com\/en\/wp-json\/wp\/v2\/product_brand?post=28541"},{"taxonomy":"product_cat","embeddable":true,"href":"https:\/\/store.handsomecake.com\/en\/wp-json\/wp\/v2\/product_cat?post=28541"},{"taxonomy":"product_tag","embeddable":true,"href":"https:\/\/store.handsomecake.com\/en\/wp-json\/wp\/v2\/product_tag?post=28541"}],"curies":[{"name":"wp","href":"https:\/\/api.w.org\/{rel}","templated":true}]}}