{"id":28418,"date":"2024-01-02T22:40:22","date_gmt":"2024-01-02T22:40:22","guid":{"rendered":"https:\/\/store.handsomecake.com\/product\/naruto-kakashi-obito-rin-17-resin-statue-von-surge-studio\/"},"modified":"2025-01-17T15:01:39","modified_gmt":"2025-01-17T15:01:39","slug":"naruto-kakashi-obito-rin-17-resin-statue-von-surge-studio","status":"publish","type":"product","link":"https:\/\/store.handsomecake.com\/en\/product\/naruto-kakashi-obito-rin-17-resin-statue-von-surge-studio\/","title":{"rendered":"Naruto &#8211; Kakashi &amp; Obito &amp; Rin | 1:7 Resin Statue | von Surge Studio"},"content":{"rendered":"<p><strong>Naruto &#8211; Kakashi &amp; Obito &amp; Rin | 1:7 Resin Statue | von Surge Studio<\/strong><\/p>\n<p>EU Taxfree! I do ship EU-wide, please contact me, should questions arise.<\/p>\n<p>Unglaubliche Statue einer herzzerrei\u00dfenden Szene.<br \/>\nWunderbar verarbeitete und sehr detaillierte Statue von Kakashi Hatake, Obito Uchiha und Rin Nohara aus Polystone &#8211; k\u00fcnstlichem Stein-Harz-Gemisch.<\/p>\n<p><strong>Besonderheiten:<\/strong><\/p>\n<ul>\n<li>keine<\/li>\n<\/ul>\n<p><strong>Release-Status:<\/strong><\/p>\n<ul>\n<li>Preorder. Statue wird sch\u00e4tzungsweise Ende Q3 2024 fertiggestellt und wir erwarten sie bei uns im Lager gegen Ende Oktober 2024.<\/li>\n<li>Diese Angabe ist ohne Gew\u00e4hr! Wir leiten nur die Sch\u00e4tzung vom Hersteller weiter.<\/li>\n<li>Falls das Datum \u00fcberschritten wurde und hier immer noch eine Sch\u00e4tzung aus der Vergangenheit steht, dann bedeutet das _NICHT_, dass die Figur bereits im Lager in Deutschland ist. Sie ist _NUR_ dann auf Lager in Deutschland, wenn der Text dies entsprechend sagt und\/oder die Kategorie weiter oben &#8222;Lagernd vor Ort&#8220; hei\u00dft.<\/li>\n<\/ul>\n<p>Wie immer bei meinen Artikeln &#8211; s\u00e4mtliche Geb\u00fchren sind, im Gegensatz zu anderen Angeboten, bereits inkludiert. Versand erfolgt ausschlie\u00dflich aus Deutschland, es fallen keine Zoll- und Importgeb\u00fchren an. Ihr kauft keine Katze im Sack \ud83d\ude42<\/p>\n<p><strong>Ma\u00dfe der Statue:<\/strong><\/p>\n<ul>\n<li>Gr\u00f6\u00dfe: H52cm x W44cm x D31cm<\/li>\n<li>Gewicht: ca. 12 kg (gesch\u00e4tzt)<\/li>\n<\/ul>\n<p>You are not prepared! \ud83d\ude42<\/p>","protected":false},"excerpt":{"rendered":"<p>Naruto &#8211; Kakashi &amp; Obito &amp; Rin | 1:7 Resin Statue | von Surge Studio EU Taxfree! I do ship EU-wide, please contact me, should questions arise. Unglaubliche Statue einer herzzerrei\u00dfenden Szene. Wunderbar verarbeitete und sehr detaillierte Statue von Kakashi Hatake, Obito Uchiha und Rin Nohara aus Polystone &#8211; k\u00fcnstlichem Stein-Harz-Gemisch. Besonderheiten: keine Release-Status: Preorder. [&hellip;]<\/p>\n","protected":false},"featured_media":28426,"comment_status":"closed","ping_status":"closed","template":"","meta":[],"product_brand":[],"product_cat":[24,88,568,84],"product_tag":[656,659,660,657,640,658,147,251,168,296,1992,1990,1991,1993,169,170,154,136,137],"class_list":{"0":"post-28418","1":"product","2":"type-product","3":"status-publish","4":"has-post-thumbnail","6":"product_cat-action-figuren","7":"product_cat-naruto","8":"product_cat-preorder","9":"product_cat-statuen-anime-comic-universum","10":"product_tag-anime-collectibles","11":"product_tag-anime-figuren","12":"product_tag-anime-figuren-naruto","13":"product_tag-anime-figures","14":"product_tag-anime-statuen","15":"product_tag-anime-toys","16":"product_tag-collectibles","17":"product_tag-collectibles-kaufen","18":"product_tag-naruto-collectibles","19":"product_tag-naruto-collectibles-kaufen","20":"product_tag-naruto-hatake-kakashi","21":"product_tag-naruto-kakashi","22":"product_tag-naruto-kakashi-collectibles","23":"product_tag-naruto-kakashi-statue","24":"product_tag-naruto-statuen","25":"product_tag-naruto-statuen-kaufen","26":"product_tag-resin-collectibles","27":"product_tag-resin-statuen","28":"product_tag-resin-statuen-kaufen","29":"pa_brand-surge-studio","30":"pa_scale-1_to_7","32":"first","33":"instock","34":"taxable","35":"shipping-taxable","36":"product-type-simple"},"_links":{"self":[{"href":"https:\/\/store.handsomecake.com\/en\/wp-json\/wp\/v2\/product\/28418","targetHints":{"allow":["GET"]}}],"collection":[{"href":"https:\/\/store.handsomecake.com\/en\/wp-json\/wp\/v2\/product"}],"about":[{"href":"https:\/\/store.handsomecake.com\/en\/wp-json\/wp\/v2\/types\/product"}],"replies":[{"embeddable":true,"href":"https:\/\/store.handsomecake.com\/en\/wp-json\/wp\/v2\/comments?post=28418"}],"wp:featuredmedia":[{"embeddable":true,"href":"https:\/\/store.handsomecake.com\/en\/wp-json\/wp\/v2\/media\/28426"}],"wp:attachment":[{"href":"https:\/\/store.handsomecake.com\/en\/wp-json\/wp\/v2\/media?parent=28418"}],"wp:term":[{"taxonomy":"product_brand","embeddable":true,"href":"https:\/\/store.handsomecake.com\/en\/wp-json\/wp\/v2\/product_brand?post=28418"},{"taxonomy":"product_cat","embeddable":true,"href":"https:\/\/store.handsomecake.com\/en\/wp-json\/wp\/v2\/product_cat?post=28418"},{"taxonomy":"product_tag","embeddable":true,"href":"https:\/\/store.handsomecake.com\/en\/wp-json\/wp\/v2\/product_tag?post=28418"}],"curies":[{"name":"wp","href":"https:\/\/api.w.org\/{rel}","templated":true}]}}