{"id":28409,"date":"2024-01-02T22:38:48","date_gmt":"2024-01-02T22:38:48","guid":{"rendered":"https:\/\/store.handsomecake.com\/product\/dc-comics-batman-14-resin-statue-von-mgl-toys\/"},"modified":"2024-06-12T16:20:25","modified_gmt":"2024-06-12T16:20:25","slug":"dc-comics-batman-14-resin-statue-von-mgl-toys","status":"publish","type":"product","link":"https:\/\/store.handsomecake.com\/en\/product\/dc-comics-batman-14-resin-statue-von-mgl-toys\/","title":{"rendered":"DC Comics &#8211; Batman | 1:4 Resin Statue | von MGL Toys"},"content":{"rendered":"<p><strong>DC Comics &#8211; Batman | 1:4 Resin Statue | von MGL Toys<\/strong><\/p>\n<p>I do ship EU-wide, please contact me, should questions arise.<\/p>\n<p>Tolle B\u00fcste vom Schrecken aller Verbrecher Gothams<br \/>\nWunderbar verarbeitete und sehr detaillierte Batman Statue aus Polystone &#8211; k\u00fcnstlichem Stein-Harz-Gemisch.<\/p>\n<p><strong>Besonderheiten:<\/strong><\/p>\n<ul>\n<li>keine<\/li>\n<\/ul>\n<p><strong>Release-Status:<\/strong><\/p>\n<ul>\n<li>Preorder. Statue wird voraussichtlich Ende Q3 2024 released. Wir erwarten sie bei uns gegen Ende November 2024 .<\/li>\n<li>Diese Angabe ist ohne Gew\u00e4hr! Wir leiten nur die Sch\u00e4tzung vom Hersteller weiter.<\/li>\n<li>Falls das Datum \u00fcberschritten wurde und hier immer noch eine Sch\u00e4tzung aus der Vergangenheit steht, dann bedeutet das _NICHT_, dass die Figur bereits im Lager in Deutschland ist. Sie ist _NUR_ dann auf Lager in Deutschland, wenn der Text dies entsprechend sagt und\/oder die Kategorie weiter oben &#8222;Lagernd vor Ort&#8220; hei\u00dft.<\/li>\n<\/ul>\n<p>Wie immer bei meinen Aktionen &#8211; s\u00e4mtliche Geb\u00fchren sind, im Gegensatz zu anderen Angeboten, bereits inkludiert. Versand erfolgt ausschlie\u00dflich aus Deutschland, es fallen keine Zoll- und Importgeb\u00fchren an. Ihr kauft keine Katze im Sack \ud83d\ude42<\/p>\n<p><strong>Ma\u00dfe der Statue:<\/strong><\/p>\n<ul>\n<li>Gr\u00f6\u00dfe: ca. H77cm x W55cm x D36cm<\/li>\n<li>Gewicht: TBA, gesch\u00e4tzt: ca. 18kg<\/li>\n<\/ul>\n<p>You are not prepared! \ud83d\ude42<\/p>","protected":false},"excerpt":{"rendered":"<p>DC Comics &#8211; Batman | 1:4 Resin Statue | von MGL Toys I do ship EU-wide, please contact me, should questions arise. Tolle B\u00fcste vom Schrecken aller Verbrecher Gothams Wunderbar verarbeitete und sehr detaillierte Batman Statue aus Polystone &#8211; k\u00fcnstlichem Stein-Harz-Gemisch. Besonderheiten: keine Release-Status: Preorder. Statue wird voraussichtlich Ende Q3 2024 released. Wir erwarten sie [&hellip;]<\/p>\n","protected":false},"featured_media":28428,"comment_status":"closed","ping_status":"closed","template":"","meta":[],"product_brand":[],"product_cat":[24,268,568,84],"product_tag":[612,640,29,796,797,798,799,801,1224,147,251,383,551,282,284,557,281,283,553,795,154,136,137,554,379,381,552,547,1247],"class_list":{"0":"post-28409","1":"product","2":"type-product","3":"status-publish","4":"has-post-thumbnail","6":"product_cat-action-figuren","7":"product_cat-dc","8":"product_cat-preorder","9":"product_cat-statuen-anime-comic-universum","10":"product_tag-anime","11":"product_tag-anime-statuen","12":"product_tag-batman","13":"product_tag-batman-bust","14":"product_tag-batman-bueste","15":"product_tag-batman-collectible","16":"product_tag-batman-collectibles","17":"product_tag-batman-statue","18":"product_tag-catwoman-collector","19":"product_tag-collectibles","20":"product_tag-collectibles-kaufen","21":"product_tag-collector","22":"product_tag-dc","23":"product_tag-dc-collectibles","24":"product_tag-dc-collectibles-kaufen","25":"product_tag-dc-collector","26":"product_tag-dc-comics","27":"product_tag-dc-comics-collectibles","28":"product_tag-figure-collector","29":"product_tag-handsomecake","30":"product_tag-resin-collectibles","31":"product_tag-resin-statuen","32":"product_tag-resin-statuen-kaufen","33":"product_tag-resin-statues","34":"product_tag-statue-collectible","35":"product_tag-statue-collectibles","36":"product_tag-statue-collector","37":"product_tag-statues-collector","38":"product_tag-the-batman","39":"pa_brand-mgl-toys","40":"pa_scale-1_to_4","42":"first","43":"instock","44":"taxable","45":"shipping-taxable","46":"product-type-simple"},"_links":{"self":[{"href":"https:\/\/store.handsomecake.com\/en\/wp-json\/wp\/v2\/product\/28409","targetHints":{"allow":["GET"]}}],"collection":[{"href":"https:\/\/store.handsomecake.com\/en\/wp-json\/wp\/v2\/product"}],"about":[{"href":"https:\/\/store.handsomecake.com\/en\/wp-json\/wp\/v2\/types\/product"}],"replies":[{"embeddable":true,"href":"https:\/\/store.handsomecake.com\/en\/wp-json\/wp\/v2\/comments?post=28409"}],"wp:featuredmedia":[{"embeddable":true,"href":"https:\/\/store.handsomecake.com\/en\/wp-json\/wp\/v2\/media\/28428"}],"wp:attachment":[{"href":"https:\/\/store.handsomecake.com\/en\/wp-json\/wp\/v2\/media?parent=28409"}],"wp:term":[{"taxonomy":"product_brand","embeddable":true,"href":"https:\/\/store.handsomecake.com\/en\/wp-json\/wp\/v2\/product_brand?post=28409"},{"taxonomy":"product_cat","embeddable":true,"href":"https:\/\/store.handsomecake.com\/en\/wp-json\/wp\/v2\/product_cat?post=28409"},{"taxonomy":"product_tag","embeddable":true,"href":"https:\/\/store.handsomecake.com\/en\/wp-json\/wp\/v2\/product_tag?post=28409"}],"curies":[{"name":"wp","href":"https:\/\/api.w.org\/{rel}","templated":true}]}}