{"id":28277,"date":"2023-12-30T01:12:08","date_gmt":"2023-12-30T01:12:08","guid":{"rendered":"https:\/\/store.handsomecake.com\/product\/hunter-x-hunter-chrollo-vs-hisoka-16-resin-statue-von-hunter-fan-studio\/"},"modified":"2024-06-12T16:19:21","modified_gmt":"2024-06-12T16:19:21","slug":"hunter-x-hunter-chrollo-vs-hisoka-16-resin-statue-von-hunter-fan-studio","status":"publish","type":"product","link":"https:\/\/store.handsomecake.com\/en\/product\/hunter-x-hunter-chrollo-vs-hisoka-16-resin-statue-von-hunter-fan-studio\/","title":{"rendered":"Hunter x Hunter &#8211; Chrollo vs. Hisoka | 1:6 Resin Statue | von Hunter Fan Studio"},"content":{"rendered":"<p><strong>Hunter x Hunter &#8211; Chrollo vs. Hisoka | 1:6 Resin Statue | von Hunter Fan Studio<\/strong><\/p>\n<p>I do ship EU-wide, please contact me, should questions arise.<\/p>\n<p>Tolle Statue des Kampfes zwischen Hisoka, ehemaligem Mitglied # 4 der Phantom Troupe, und dem Anf\u00fchrer von Phantom Troupe Chrollo..<br \/>\nWunderbar verarbeitete und sehr detaillierte Chrollo vs. Hisoka Statue aus Polystone &#8211; k\u00fcnstlichem Stein-Harz-Gemisch.<\/p>\n<p><strong>Besonderheiten:<\/strong><\/p>\n<ul>\n<li>weltweit 298 St\u00fcck<\/li>\n<li>Chrollo (mit austauschbarer Hand) und Hisoka (mit 2 austauschbaren H\u00e4nden) auch separat erh\u00e4ltlich<\/li>\n<li>bei der Hisoka Figur kann man die T-Shirt Farbe ausw\u00e4hlen<\/li>\n<\/ul>\n<p><strong>Release-Status:<\/strong><\/p>\n<ul>\n<li>Preorder. Statue wird sch\u00e4tzungsweise Ende Q4 2024 fertiggestellt und wir erwarten sie bei uns im Lager gegen Ende Februar 2025.<\/li>\n<li>Diese Angabe ist ohne Gew\u00e4hr! Wir leiten nur die Sch\u00e4tzung vom Hersteller weiter.<\/li>\n<li>Falls das Datum \u00fcberschritten wurde und hier immer noch eine Sch\u00e4tzung aus der Vergangenheit steht, dann bedeutet das _NICHT_, dass die Figur bereits im Lager in Deutschland ist. Sie ist _NUR_ dann auf Lager in Deutschland, wenn der Text dies entsprechend sagt und\/oder die Kategorie weiter oben &#8222;Lagernd vor Ort&#8220; hei\u00dft.<\/li>\n<\/ul>\n<p>Wie immer bei meinen Aktionen &#8211; s\u00e4mtliche Geb\u00fchren sind, im Gegensatz zu anderen Angeboten, bereits inkludiert. Versand erfolgt ausschlie\u00dflich aus Deutschland, es fallen keine Zoll- und Importgeb\u00fchren an. Ihr kauft keine Katze im Sack \ud83d\ude42<\/p>\n<p><strong>Ma\u00dfe der Statue:<\/strong><\/p>\n<ul>\n<li>Gr\u00f6\u00dfe (Chrollo vs. Hisoka) : ca. H47cm x W63.6cm x D28.1cm<\/li>\n<li>Gr\u00f6\u00dfe (Hisoka) : ca. H34.8cm x W34.8cm x D28.1cm<\/li>\n<li>Gr\u00f6\u00dfe (Chrollo) : ca. H47cm x W41.3cm x D27.5cm<\/li>\n<li>Gewicht: TBA, ca. 15kg (gesch\u00e4tzt)<\/li>\n<\/ul>\n<p>You are not prepared! \ud83d\ude42<\/p>","protected":false},"excerpt":{"rendered":"<p>Hunter x Hunter &#8211; Chrollo vs. Hisoka | 1:6 Resin Statue | von Hunter Fan Studio I do ship EU-wide, please contact me, should questions arise. Tolle Statue des Kampfes zwischen Hisoka, ehemaligem Mitglied # 4 der Phantom Troupe, und dem Anf\u00fchrer von Phantom Troupe Chrollo.. Wunderbar verarbeitete und sehr detaillierte Chrollo vs. Hisoka Statue [&hellip;]<\/p>\n","protected":false},"featured_media":28316,"comment_status":"closed","ping_status":"closed","template":"","meta":[],"product_brand":[],"product_cat":[24,568,84],"product_tag":[612,666,717,794,662,640,658,479,147,251,795,2232,2234,2235,2233,1513,1516,1517,154,255,136,137,379,381,552,665,380,382,547,718],"class_list":{"0":"post-28277","1":"product","2":"type-product","3":"status-publish","4":"has-post-thumbnail","6":"product_cat-action-figuren","7":"product_cat-preorder","8":"product_cat-statuen-anime-comic-universum","9":"product_tag-anime","10":"product_tag-anime-figuren-shop","11":"product_tag-anime-shop","12":"product_tag-anime-statue","13":"product_tag-anime-statue-shop","14":"product_tag-anime-statuen","15":"product_tag-anime-toys","16":"product_tag-collectible","17":"product_tag-collectibles","18":"product_tag-collectibles-kaufen","19":"product_tag-handsomecake","20":"product_tag-hisoka","21":"product_tag-hisoka-hunterxhunter","22":"product_tag-hisoka-statue","23":"product_tag-hisoka-vs-chorollo","24":"product_tag-hunterxhunter-collectible","25":"product_tag-hunterxhunter-collectibles","26":"product_tag-hunterxhunter-statuen","27":"product_tag-resin-collectibles","28":"product_tag-resin-collectibles-kaufen","29":"product_tag-resin-statuen","30":"product_tag-resin-statuen-kaufen","31":"product_tag-statue-collectible","32":"product_tag-statue-collectibles","33":"product_tag-statue-collector","34":"product_tag-statuen-shop","35":"product_tag-statues-collectible","36":"product_tag-statues-collectibles","37":"product_tag-statues-collector","38":"product_tag-toys","39":"pa_brand-hunter-fan-studio","40":"pa_scale-1_to_6","42":"first","43":"instock","44":"taxable","45":"shipping-taxable","46":"product-type-variable"},"_links":{"self":[{"href":"https:\/\/store.handsomecake.com\/en\/wp-json\/wp\/v2\/product\/28277","targetHints":{"allow":["GET"]}}],"collection":[{"href":"https:\/\/store.handsomecake.com\/en\/wp-json\/wp\/v2\/product"}],"about":[{"href":"https:\/\/store.handsomecake.com\/en\/wp-json\/wp\/v2\/types\/product"}],"replies":[{"embeddable":true,"href":"https:\/\/store.handsomecake.com\/en\/wp-json\/wp\/v2\/comments?post=28277"}],"wp:featuredmedia":[{"embeddable":true,"href":"https:\/\/store.handsomecake.com\/en\/wp-json\/wp\/v2\/media\/28316"}],"wp:attachment":[{"href":"https:\/\/store.handsomecake.com\/en\/wp-json\/wp\/v2\/media?parent=28277"}],"wp:term":[{"taxonomy":"product_brand","embeddable":true,"href":"https:\/\/store.handsomecake.com\/en\/wp-json\/wp\/v2\/product_brand?post=28277"},{"taxonomy":"product_cat","embeddable":true,"href":"https:\/\/store.handsomecake.com\/en\/wp-json\/wp\/v2\/product_cat?post=28277"},{"taxonomy":"product_tag","embeddable":true,"href":"https:\/\/store.handsomecake.com\/en\/wp-json\/wp\/v2\/product_tag?post=28277"}],"curies":[{"name":"wp","href":"https:\/\/api.w.org\/{rel}","templated":true}]}}