{"id":28250,"date":"2023-12-30T01:07:31","date_gmt":"2023-12-30T01:07:31","guid":{"rendered":"https:\/\/store.handsomecake.com\/product\/hells-paradise-jigokuraku-yuzuriha-16-resin-statue-von-zero-tetragonal-studio\/"},"modified":"2024-06-12T16:18:54","modified_gmt":"2024-06-12T16:18:54","slug":"hells-paradise-jigokuraku-yuzuriha-16-resin-statue-von-zero-tetragonal-studio","status":"publish","type":"product","link":"https:\/\/store.handsomecake.com\/en\/product\/hells-paradise-jigokuraku-yuzuriha-16-resin-statue-von-zero-tetragonal-studio\/","title":{"rendered":"Hell&#8217;s Paradise : Jigokuraku &#8211; Yuzuriha | 1:6 Resin Statue | von Zero Tetragonal Studio"},"content":{"rendered":"<p><strong>Hell&#8217;s Paradise : Jigokuraku &#8211; Yuzuriha | 1:6 Resin Statue | von Zero Tetragonal Studio<\/strong><\/p>\n<p>I do ship EU-wide, please contact me, should questions arise.<\/p>\n<p><em><span style=\"color: #ffffff;\"><span style=\"background-color: #2c3e50;\">&#8220; I don&#8217;t have a story. Getting to live and return home&#8217;s reason enough. I don&#8217;t wanna die while I&#8217;m still young! That&#8217;s all! &#8220;\u00a0<\/span><\/span><\/em><\/p>\n<p>Tolle Statue von Keishu no Yuzuriha.<br \/>\nWunderbar verarbeitete und sehr detaillierte Yuzuriha Statue aus Polystone &#8211; k\u00fcnstlichem Stein-Harz-Gemisch.<\/p>\n<p><strong>Besonderheiten<\/strong>:<\/p>\n<ul>\n<li>299 St\u00fcck weltweit<\/li>\n<li>austauschbarer Oberk\u00f6rper<\/li>\n<li>Kleid abnehmbar<\/li>\n<\/ul>\n<p><strong>Release-Status:<\/strong><\/p>\n<ul>\n<li>Preorder. Statue wird voraussichtlich Ende Q4 2024 released und wir erwarten sie im Warenlager sch\u00e4tzungsweise Ende Februar 2025.<\/li>\n<li>Diese Angabe ist ohne Gew\u00e4hr! Wir leiten nur die Sch\u00e4tzung vom Hersteller weiter.<\/li>\n<li>Falls das Datum \u00fcberschritten wurde und hier immer noch eine Sch\u00e4tzung aus der Vergangenheit steht, dann bedeutet das _NICHT_, dass die Figur bereits im Lager in Deutschland ist. Sie ist _NUR_ dann auf Lager in Deutschland, wenn der Text dies entsprechend sagt und\/oder die Kategorie weiter oben &#8222;Lagernd vor Ort&#8220; hei\u00dft.<\/li>\n<\/ul>\n<p>Wie immer bei meinen Artikeln &#8211; s\u00e4mtliche Geb\u00fchren sind, im Gegensatz zu anderen Angeboten, bereits inkludiert. Versand erfolgt ausschlie\u00dflich aus Deutschland, es fallen keine Zoll- und Importgeb\u00fchren an. Ihr kauft keine Katze im Sack \ud83d\ude42<\/p>\n<p><strong>Ma\u00dfe der Statue:<\/strong><\/p>\n<ul>\n<li>Gr\u00f6\u00dfe: ca. H28cm x W24cm x D25cm<\/li>\n<li>Gewicht: TBA ca. 9 kg (gesch\u00e4tzt)<\/li>\n<\/ul>\n<p>You are not prepared! \ud83d\ude42<\/p>","protected":false},"excerpt":{"rendered":"<p>Hell&#8217;s Paradise : Jigokuraku &#8211; Yuzuriha | 1:6 Resin Statue | von Zero Tetragonal Studio I do ship EU-wide, please contact me, should questions arise. &#8220; I don&#8217;t have a story. Getting to live and return home&#8217;s reason enough. I don&#8217;t wanna die while I&#8217;m still young! That&#8217;s all! &#8220;\u00a0 Tolle Statue von Keishu no [&hellip;]<\/p>\n","protected":false},"featured_media":28304,"comment_status":"closed","ping_status":"closed","template":"","meta":[],"product_brand":[],"product_cat":[24,568,84],"product_tag":[612,666,717,794,662,640,658,479,147,251,795,3129,3132,3133,3131,3134,154,255,136,137,379,381,552,665,380,382,547,718,3128,3130],"class_list":{"0":"post-28250","1":"product","2":"type-product","3":"status-publish","4":"has-post-thumbnail","6":"product_cat-action-figuren","7":"product_cat-preorder","8":"product_cat-statuen-anime-comic-universum","9":"product_tag-anime","10":"product_tag-anime-figuren-shop","11":"product_tag-anime-shop","12":"product_tag-anime-statue","13":"product_tag-anime-statue-shop","14":"product_tag-anime-statuen","15":"product_tag-anime-toys","16":"product_tag-collectible","17":"product_tag-collectibles","18":"product_tag-collectibles-kaufen","19":"product_tag-handsomecake","20":"product_tag-hells-paradise","21":"product_tag-hells-paradise-collectible","22":"product_tag-hells-paradise-collectibles","23":"product_tag-jigokuraku","24":"product_tag-jigokuraku-statuen","25":"product_tag-resin-collectibles","26":"product_tag-resin-collectibles-kaufen","27":"product_tag-resin-statuen","28":"product_tag-resin-statuen-kaufen","29":"product_tag-statue-collectible","30":"product_tag-statue-collectibles","31":"product_tag-statue-collector","32":"product_tag-statuen-shop","33":"product_tag-statues-collectible","34":"product_tag-statues-collectibles","35":"product_tag-statues-collector","36":"product_tag-toys","37":"product_tag-yuzuriha","38":"product_tag-yuzuriha-statue","39":"pa_brand-zero-tetragonal-studio","40":"pa_scale-1_to_6","42":"first","43":"instock","44":"taxable","45":"shipping-taxable","46":"product-type-simple"},"_links":{"self":[{"href":"https:\/\/store.handsomecake.com\/en\/wp-json\/wp\/v2\/product\/28250","targetHints":{"allow":["GET"]}}],"collection":[{"href":"https:\/\/store.handsomecake.com\/en\/wp-json\/wp\/v2\/product"}],"about":[{"href":"https:\/\/store.handsomecake.com\/en\/wp-json\/wp\/v2\/types\/product"}],"replies":[{"embeddable":true,"href":"https:\/\/store.handsomecake.com\/en\/wp-json\/wp\/v2\/comments?post=28250"}],"wp:featuredmedia":[{"embeddable":true,"href":"https:\/\/store.handsomecake.com\/en\/wp-json\/wp\/v2\/media\/28304"}],"wp:attachment":[{"href":"https:\/\/store.handsomecake.com\/en\/wp-json\/wp\/v2\/media?parent=28250"}],"wp:term":[{"taxonomy":"product_brand","embeddable":true,"href":"https:\/\/store.handsomecake.com\/en\/wp-json\/wp\/v2\/product_brand?post=28250"},{"taxonomy":"product_cat","embeddable":true,"href":"https:\/\/store.handsomecake.com\/en\/wp-json\/wp\/v2\/product_cat?post=28250"},{"taxonomy":"product_tag","embeddable":true,"href":"https:\/\/store.handsomecake.com\/en\/wp-json\/wp\/v2\/product_tag?post=28250"}],"curies":[{"name":"wp","href":"https:\/\/api.w.org\/{rel}","templated":true}]}}