{"id":2824,"date":"2021-04-15T20:57:18","date_gmt":"2021-04-15T20:57:18","guid":{"rendered":"https:\/\/store.handsomecake.com\/product\/street-fighter-chun-li-14-resin-statue-von-green-leaf-studio\/"},"modified":"2024-06-12T14:45:09","modified_gmt":"2024-06-12T14:45:09","slug":"street-fighter-chun-li-14-resin-statue-von-green-leaf-studio","status":"publish","type":"product","link":"https:\/\/store.handsomecake.com\/en\/product\/street-fighter-chun-li-14-resin-statue-von-green-leaf-studio\/","title":{"rendered":"Street Fighter &#8211; Chun Li | 1:4 Resin Statue | von Green Leaf Studio"},"content":{"rendered":"<p>Street Fighter &#8211; Chun Li &#8218; 1:4 Resin Statue &#8218; von Green Leaf Studio<\/p>\n<p>I do ship EU-wide, please contact me, should questions arise.<\/p>\n<p>Tolle Statue unserer geliebten Martial Arts K\u00e4mpferin<\/p>\n<p>Wunderbar verarbeitete und sehr detaillierte Chun Li Statue aus Polystone &#8211; k\u00fcnstlichem Stein-Harz-Gemisch.<\/p>\n<p>Besonderheiten:<\/p>\n<ul>\n<li>Es handelt sich ausschlie\u00dflich um die EX(clusive) Variante, bei der sich Kleidung ausziehen l\u00e4sst<\/li>\n<li>399 St\u00fcck weltweit<\/li>\n<\/ul>\n<p>Release-Status:<\/p>\n<ul>\n<li>Preorder. Statue wird sch\u00e4tzungsweise Q2 2021 released. Wir erwarten sie bei uns im Lager gegen Ende Juli 2021.<\/li>\n<\/ul>\n<p>Wie immer bei meinen Aktionen &#8211; s\u00e4mtliche Geb\u00fchren sind, im Gegensatz zu anderen Angeboten, bereits inkludiert. Versand erfolgt ausschlie\u00dflich aus Deutschland, es fallen keine Zoll- und Importgeb\u00fchren an. Ihr kauft keine Katze im Sack \ud83d\ude42<\/p>\n<p>Ma\u00dfe der Statue: H54*W25*D18cm<br \/>\nGewicht: 11kg<\/p>\n<p>You are not prepared! \ud83d\ude42<\/p>","protected":false},"excerpt":{"rendered":"<p>Street Fighter &#8211; Chun Li &#8218; 1:4 Resin Statue &#8218; von Green Leaf Studio I do ship EU-wide, please contact me, should questions arise. Tolle Statue unserer geliebten Martial Arts K\u00e4mpferin Wunderbar verarbeitete und sehr detaillierte Chun Li Statue aus Polystone &#8211; k\u00fcnstlichem Stein-Harz-Gemisch. Besonderheiten: Es handelt sich ausschlie\u00dflich um die EX(clusive) Variante, bei der [&hellip;]<\/p>\n","protected":false},"featured_media":2887,"comment_status":"closed","ping_status":"closed","template":"","meta":[],"product_brand":[],"product_cat":[568,81,430],"product_tag":[666,717,640,658,781,779,780,479,147,251,738,190,775,776,154,255,136,137,379,381,552,380,382,547,432,778,433,434],"class_list":{"0":"post-2824","1":"product","2":"type-product","3":"status-publish","4":"has-post-thumbnail","6":"product_cat-preorder","7":"product_cat-statuen-computerspieluniversum","8":"product_cat-street-fighter","9":"product_tag-anime-figuren-shop","10":"product_tag-anime-shop","11":"product_tag-anime-statuen","12":"product_tag-anime-toys","13":"product_tag-chun-li-figurine","14":"product_tag-chun-li-toy","15":"product_tag-chun-li-toys","16":"product_tag-collectible","17":"product_tag-collectibles","18":"product_tag-collectibles-kaufen","19":"product_tag-dragon-ball","20":"product_tag-dragon-ball-collectibles","21":"product_tag-ken-collectibles","22":"product_tag-ken-statue","23":"product_tag-resin-collectibles","24":"product_tag-resin-collectibles-kaufen","25":"product_tag-resin-statuen","26":"product_tag-resin-statuen-kaufen","27":"product_tag-statue-collectible","28":"product_tag-statue-collectibles","29":"product_tag-statue-collector","30":"product_tag-statues-collectible","31":"product_tag-statues-collectibles","32":"product_tag-statues-collector","33":"product_tag-street-fighter","34":"product_tag-street-fighter-chun-li","35":"product_tag-street-fighter-collectibles","36":"product_tag-street-fighter-statuen","37":"pa_brand-green-leaf-studio","38":"pa_scale-1_to_4","40":"first","41":"instock","42":"taxable","43":"shipping-taxable","44":"product-type-variable"},"_links":{"self":[{"href":"https:\/\/store.handsomecake.com\/en\/wp-json\/wp\/v2\/product\/2824","targetHints":{"allow":["GET"]}}],"collection":[{"href":"https:\/\/store.handsomecake.com\/en\/wp-json\/wp\/v2\/product"}],"about":[{"href":"https:\/\/store.handsomecake.com\/en\/wp-json\/wp\/v2\/types\/product"}],"replies":[{"embeddable":true,"href":"https:\/\/store.handsomecake.com\/en\/wp-json\/wp\/v2\/comments?post=2824"}],"wp:featuredmedia":[{"embeddable":true,"href":"https:\/\/store.handsomecake.com\/en\/wp-json\/wp\/v2\/media\/2887"}],"wp:attachment":[{"href":"https:\/\/store.handsomecake.com\/en\/wp-json\/wp\/v2\/media?parent=2824"}],"wp:term":[{"taxonomy":"product_brand","embeddable":true,"href":"https:\/\/store.handsomecake.com\/en\/wp-json\/wp\/v2\/product_brand?post=2824"},{"taxonomy":"product_cat","embeddable":true,"href":"https:\/\/store.handsomecake.com\/en\/wp-json\/wp\/v2\/product_cat?post=2824"},{"taxonomy":"product_tag","embeddable":true,"href":"https:\/\/store.handsomecake.com\/en\/wp-json\/wp\/v2\/product_tag?post=2824"}],"curies":[{"name":"wp","href":"https:\/\/api.w.org\/{rel}","templated":true}]}}