{"id":28239,"date":"2023-12-30T01:05:35","date_gmt":"2023-12-30T01:05:35","guid":{"rendered":"https:\/\/store.handsomecake.com\/product\/bleach-sosuke-aizen-16-resin-statue-von-cheng-studio\/"},"modified":"2024-12-21T19:16:19","modified_gmt":"2024-12-21T19:16:19","slug":"bleach-sosuke-aizen-16-resin-statue-von-cheng-studio","status":"publish","type":"product","link":"https:\/\/store.handsomecake.com\/en\/product\/bleach-sosuke-aizen-16-resin-statue-von-cheng-studio\/","title":{"rendered":"Bleach &#8211; S\u014dsuke Aizen | 1:6 Resin Statue | von Cheng Studio"},"content":{"rendered":"<p><strong>Bleach &#8211; S\u014dsuke Aizen | 1:6 Resin Statue | von Cheng Studio<\/strong><\/p>\n<p>EU Taxfree! I do ship EU-wide, please contact me, should questions arise.<\/p>\n<p>Tolle Statue des ehemaligen Kommandanten der 5. Kompanie.<br \/>\nWunderbar verarbeitete und sehr detaillierte Statue von S\u014dsuke Aizen aus Polystone &#8211; k\u00fcnstlichem Stein-Harz-Gemisch.<\/p>\n<p><strong>Besonderheiten:<\/strong><\/p>\n<ul>\n<li>weltweit auf 188 St\u00fcck begrenzt<\/li>\n<li>and 2 Versionen verf\u00fcgbar : Electroplate und Transparent<\/li>\n<\/ul>\n<p><strong>Release-Status:<\/strong><\/p>\n<ul>\n<li>Preorder. Statue wird voraussichtlich am Ende Q3 2024 erscheinen und wir erwarten sie voraussichtlich Ende Oktober 2024 im Warenlager.<\/li>\n<li>Diese Angabe ist ohne Gew\u00e4hr! Wir leiten nur die Sch\u00e4tzung vom Hersteller weiter.<\/li>\n<li>Falls das Datum \u00fcberschritten wurde und hier immer noch eine Sch\u00e4tzung aus der Vergangenheit steht, dann bedeutet das _NICHT_, dass die Figur bereits im Lager in Deutschland ist. Sie ist _NUR_ dann auf Lager in Deutschland, wenn der Text dies entsprechend sagt und\/oder die Kategorie weiter oben &#8222;Lagernd vor Ort&#8220; hei\u00dft.<\/li>\n<\/ul>\n<p>Wie immer bei meinen Artikeln &#8211; s\u00e4mtliche Geb\u00fchren sind, im Gegensatz zu anderen Angeboten, bereits inkludiert. Versand erfolgt ausschlie\u00dflich aus Deutschland, es fallen keine Zoll- und Importgeb\u00fchren an. Ihr kauft keine Katze im Sack \ud83d\ude42<\/p>\n<p><strong>Ma\u00dfe der Statue:<\/strong><\/p>\n<ul>\n<li>Gr\u00f6\u00dfe: ca. H52cm x W43cm x D31cm<\/li>\n<li>Gewicht: ca. 15kg (gesch\u00e4tzt)<\/li>\n<\/ul>\n<p>You are not prepared! \ud83d\ude42<\/p>","protected":false},"excerpt":{"rendered":"<p>Bleach &#8211; S\u014dsuke Aizen | 1:6 Resin Statue | von Cheng Studio EU Taxfree! I do ship EU-wide, please contact me, should questions arise. Tolle Statue des ehemaligen Kommandanten der 5. Kompanie. Wunderbar verarbeitete und sehr detaillierte Statue von S\u014dsuke Aizen aus Polystone &#8211; k\u00fcnstlichem Stein-Harz-Gemisch. Besonderheiten: weltweit auf 188 St\u00fcck begrenzt and 2 Versionen [&hellip;]<\/p>\n","protected":false},"featured_media":28367,"comment_status":"closed","ping_status":"closed","template":"","meta":[],"product_brand":[],"product_cat":[24,568,84],"product_tag":[3135,612,659,666,658,991,992,995,993,994,996,147,251,383,553,795,998,999,1000,1001,154,136,554,3136,379,381,552,547],"class_list":{"0":"post-28239","1":"product","2":"type-product","3":"status-publish","4":"has-post-thumbnail","6":"product_cat-action-figuren","7":"product_cat-preorder","8":"product_cat-statuen-anime-comic-universum","9":"product_tag-aizen","10":"product_tag-anime","11":"product_tag-anime-figuren","12":"product_tag-anime-figuren-shop","13":"product_tag-anime-toys","14":"product_tag-bleach-statue","15":"product_tag-bleach-collectibles","16":"product_tag-bleach","17":"product_tag-bleach-resin","18":"product_tag-bleach-statues","19":"product_tag-bleach-toys","20":"product_tag-collectibles","21":"product_tag-collectibles-kaufen","22":"product_tag-collector","23":"product_tag-figure-collector","24":"product_tag-handsomecake","25":"product_tag-ichigo-kurosaki-collectibles","26":"product_tag-ichigo-kurosaki-resin","27":"product_tag-ichigo-kurosaki-statues","28":"product_tag-ichigo-kurosaki-toys","29":"product_tag-resin-collectibles","30":"product_tag-resin-statuen","31":"product_tag-resin-statues","32":"product_tag-sousuke-aizen","33":"product_tag-statue-collectible","34":"product_tag-statue-collectibles","35":"product_tag-statue-collector","36":"product_tag-statues-collector","37":"pa_brand-cheng-studio","38":"pa_scale-1_to_6","40":"first","41":"instock","42":"taxable","43":"shipping-taxable","44":"product-type-variable"},"_links":{"self":[{"href":"https:\/\/store.handsomecake.com\/en\/wp-json\/wp\/v2\/product\/28239","targetHints":{"allow":["GET"]}}],"collection":[{"href":"https:\/\/store.handsomecake.com\/en\/wp-json\/wp\/v2\/product"}],"about":[{"href":"https:\/\/store.handsomecake.com\/en\/wp-json\/wp\/v2\/types\/product"}],"replies":[{"embeddable":true,"href":"https:\/\/store.handsomecake.com\/en\/wp-json\/wp\/v2\/comments?post=28239"}],"wp:featuredmedia":[{"embeddable":true,"href":"https:\/\/store.handsomecake.com\/en\/wp-json\/wp\/v2\/media\/28367"}],"wp:attachment":[{"href":"https:\/\/store.handsomecake.com\/en\/wp-json\/wp\/v2\/media?parent=28239"}],"wp:term":[{"taxonomy":"product_brand","embeddable":true,"href":"https:\/\/store.handsomecake.com\/en\/wp-json\/wp\/v2\/product_brand?post=28239"},{"taxonomy":"product_cat","embeddable":true,"href":"https:\/\/store.handsomecake.com\/en\/wp-json\/wp\/v2\/product_cat?post=28239"},{"taxonomy":"product_tag","embeddable":true,"href":"https:\/\/store.handsomecake.com\/en\/wp-json\/wp\/v2\/product_tag?post=28239"}],"curies":[{"name":"wp","href":"https:\/\/api.w.org\/{rel}","templated":true}]}}