{"id":28232,"date":"2023-12-30T01:03:20","date_gmt":"2023-12-30T01:03:20","guid":{"rendered":"https:\/\/store.handsomecake.com\/product\/bleach-hitsugaya-toshiro-16-resin-statue-von-yuanmeng-studio\/"},"modified":"2024-06-12T16:19:46","modified_gmt":"2024-06-12T16:19:46","slug":"bleach-hitsugaya-toshiro-16-resin-statue-von-yuanmeng-studio","status":"publish","type":"product","link":"https:\/\/store.handsomecake.com\/en\/product\/bleach-hitsugaya-toshiro-16-resin-statue-von-yuanmeng-studio\/","title":{"rendered":"Bleach &#8211; Hitsugaya T\u014dshir\u014d | 1:6 Resin Statue | von YuanMeng Studio"},"content":{"rendered":"<p><strong>Bleach &#8211; Hitsugaya T\u014dshir\u014d | 1:6 Resin Statue | von YuanMeng Studio<\/strong><\/p>\n<p>EU Taxfree! I do ship EU-wide, please contact me, should questions arise.<\/p>\n<p>Tolle Statue von dem Kommandant der 10. Kompanie<\/p>\n<p><em><span style=\"color: #ffffff;\"><span style=\"background-color: #2c3e50;\">&#8220; Ich bin nicht hergekommen, um dich zu bek\u00e4mpfen. Ich bin hierher gekommen, um dich gewaltsam zu t\u00f6ten! &#8220;\u00a0<\/span><\/span><\/em><\/p>\n<p>Wunderbar verarbeitete und sehr detaillierte Toshiro Statue aus Polystone &#8211; k\u00fcnstlichem Stein-Harz-Gemisch.<\/p>\n<p><strong>Besonderheiten<\/strong>:<\/p>\n<ul>\n<li>A Version: transparent , 2 austauschbare K\u00f6pfe, austauschbare Waffe<\/li>\n<li>B Version: opak , 2 austauschbare K\u00f6pfe, austauschbare Waffe<\/li>\n<li>C Version: 2 austauschbare K\u00f6pfe, 2 austauschbare H\u00e4nde<\/li>\n<li>S Version: A\/B+C+Art<\/li>\n<\/ul>\n<p><strong>Release-Status:<\/strong><\/p>\n<ul>\n<li>Preorder. Statue wird voraussichtlich Q3 2024 erscheinen und wir erwarten sie voraussichtlich Ende Oktober 2024 im Warenlager.<\/li>\n<li>Diese Angabe ist ohne Gew\u00e4hr! Wir leiten nur die Sch\u00e4tzung vom Hersteller weiter.<\/li>\n<li>Falls das Datum \u00fcberschritten wurde und hier immer noch eine Sch\u00e4tzung aus der Vergangenheit steht, dann bedeutet das _NICHT_, dass die Figur bereits im Lager in Deutschland ist. Sie ist _NUR_ dann auf Lager in Deutschland, wenn der Text dies entsprechend sagt und\/oder die Kategorie weiter oben &#8222;Lagernd vor Ort&#8220; hei\u00dft.<\/li>\n<\/ul>\n<p>Wie immer bei meinen Artikeln &#8211; s\u00e4mtliche Geb\u00fchren sind, im Gegensatz zu anderen Angeboten, bereits inkludiert. Versand erfolgt ausschlie\u00dflich aus Deutschland, es fallen keine Zoll- und Importgeb\u00fchren an. Ihr kauft keine Katze im Sack \ud83d\ude42<\/p>\n<p><strong>Ma\u00dfe der Statue:<\/strong><\/p>\n<ul>\n<li>Gr\u00f6\u00dfe(A\/B): ca. H59cm x W57cm x D32cm<\/li>\n<li>Gr\u00f6\u00dfe(C): ca. H31cm x W17cm x D21cm<\/li>\n<li>Gewicht: TBA, ca. 12kg (gesch\u00e4tzt)<\/li>\n<\/ul>\n<p>You are not prepared! \ud83d\ude42<\/p>","protected":false},"excerpt":{"rendered":"<p>Bleach &#8211; Hitsugaya T\u014dshir\u014d | 1:6 Resin Statue | von YuanMeng Studio EU Taxfree! I do ship EU-wide, please contact me, should questions arise. Tolle Statue von dem Kommandant der 10. Kompanie &#8220; Ich bin nicht hergekommen, um dich zu bek\u00e4mpfen. Ich bin hierher gekommen, um dich gewaltsam zu t\u00f6ten! &#8220;\u00a0 Wunderbar verarbeitete und sehr [&hellip;]<\/p>\n","protected":false},"featured_media":28329,"comment_status":"closed","ping_status":"closed","template":"","meta":[],"product_brand":[],"product_cat":[24,568,84],"product_tag":[612,659,666,658,991,992,995,993,994,2554,996,147,251,383,553,795,2550,154,136,554,379,381,552,547,2551,2552,2553],"class_list":{"0":"post-28232","1":"product","2":"type-product","3":"status-publish","4":"has-post-thumbnail","6":"product_cat-action-figuren","7":"product_cat-preorder","8":"product_cat-statuen-anime-comic-universum","9":"product_tag-anime","10":"product_tag-anime-figuren","11":"product_tag-anime-figuren-shop","12":"product_tag-anime-toys","13":"product_tag-bleach-statue","14":"product_tag-bleach-collectibles","15":"product_tag-bleach","16":"product_tag-bleach-resin","17":"product_tag-bleach-statues","18":"product_tag-bleach-toshiro","19":"product_tag-bleach-toys","20":"product_tag-collectibles","21":"product_tag-collectibles-kaufen","22":"product_tag-collector","23":"product_tag-figure-collector","24":"product_tag-handsomecake","25":"product_tag-hitsugaya-toshiro","26":"product_tag-resin-collectibles","27":"product_tag-resin-statuen","28":"product_tag-resin-statues","29":"product_tag-statue-collectible","30":"product_tag-statue-collectibles","31":"product_tag-statue-collector","32":"product_tag-statues-collector","33":"product_tag-toshiro","34":"product_tag-toshiro-hitsugaya","35":"product_tag-toshiro-statue","36":"pa_brand-yuanmeng-studio","37":"pa_scale-1_to_6","39":"first","40":"instock","41":"taxable","42":"shipping-taxable","43":"product-type-variable"},"_links":{"self":[{"href":"https:\/\/store.handsomecake.com\/en\/wp-json\/wp\/v2\/product\/28232","targetHints":{"allow":["GET"]}}],"collection":[{"href":"https:\/\/store.handsomecake.com\/en\/wp-json\/wp\/v2\/product"}],"about":[{"href":"https:\/\/store.handsomecake.com\/en\/wp-json\/wp\/v2\/types\/product"}],"replies":[{"embeddable":true,"href":"https:\/\/store.handsomecake.com\/en\/wp-json\/wp\/v2\/comments?post=28232"}],"wp:featuredmedia":[{"embeddable":true,"href":"https:\/\/store.handsomecake.com\/en\/wp-json\/wp\/v2\/media\/28329"}],"wp:attachment":[{"href":"https:\/\/store.handsomecake.com\/en\/wp-json\/wp\/v2\/media?parent=28232"}],"wp:term":[{"taxonomy":"product_brand","embeddable":true,"href":"https:\/\/store.handsomecake.com\/en\/wp-json\/wp\/v2\/product_brand?post=28232"},{"taxonomy":"product_cat","embeddable":true,"href":"https:\/\/store.handsomecake.com\/en\/wp-json\/wp\/v2\/product_cat?post=28232"},{"taxonomy":"product_tag","embeddable":true,"href":"https:\/\/store.handsomecake.com\/en\/wp-json\/wp\/v2\/product_tag?post=28232"}],"curies":[{"name":"wp","href":"https:\/\/api.w.org\/{rel}","templated":true}]}}