{"id":27863,"date":"2023-12-21T01:25:33","date_gmt":"2023-12-21T01:25:33","guid":{"rendered":"https:\/\/store.handsomecake.com\/product\/pokemon-cynthia-garchomp-16-resin-statue-von-fantasy-studio\/"},"modified":"2025-06-18T09:24:20","modified_gmt":"2025-06-18T09:24:20","slug":"pokemon-cynthia-garchomp-16-resin-statue-von-fantasy-studio","status":"publish","type":"product","link":"https:\/\/store.handsomecake.com\/en\/product\/pokemon-cynthia-garchomp-16-resin-statue-von-fantasy-studio\/","title":{"rendered":"Pok\u00e9mon &#8211; Cynthia &amp; Garchomp | 1:6 Resin Statue | von Fantasy Studio"},"content":{"rendered":"<p>Pok\u00e9mon &#8211; Cynthia &amp; Garchomp | 1:6 Resin Statue | von Fantasy Studio<\/p>\n<p>EU Taxfree! I do ship EU-wide, please contact me, should questions arise.<\/p>\n<p>Tolle Pok\u00e9mon Statue .<br \/>\nWunderbar verarbeitete und sehr detaillierte Cynthia &amp; Garchomp Statue aus Polystone &#8211; k\u00fcnstlichem Stein-Harz-Gemisch.<\/p>\n<p><strong>Besonderheiten<\/strong>:<\/p>\n<ul>\n<li>Wei\u00dfe Version und schwarze Version verf\u00fcgbar<\/li>\n<\/ul>\n<p><strong>Release-Status:<\/strong><\/p>\n<ul>\n<li>Vorbestellung, Release erwartet Ende Q4 2024, Collectible bei uns im Lager sch\u00e4tzungsweise Ende Februar 2025.<\/li>\n<li>Diese Angabe ist ohne Gew\u00e4hr! Wir leiten nur die Sch\u00e4tzung vom Hersteller weiter.<\/li>\n<li>Falls das Datum \u00fcberschritten wurde und hier immer noch eine Sch\u00e4tzung aus der Vergangenheit steht, dann bedeutet das _NICHT_, dass die Figur bereits im Lager in Deutschland ist. Sie ist _NUR_ dann auf Lager in Deutschland, wenn der Text dies entsprechend sagt und\/oder die Kategorie weiter oben &#8222;Lagernd vor Ort&#8220; hei\u00dft.<\/li>\n<\/ul>\n<p>Wie immer bei meinen Aktionen &#8211; s\u00e4mtliche Geb\u00fchren sind, im Gegensatz zu anderen Angeboten, bereits inkludiert. Versand erfolgt ausschlie\u00dflich aus Deutschland, es fallen keine Zoll- und Importgeb\u00fchren an. Ihr kauft keine Katze im Sack \ud83d\ude42<\/p>\n<p><strong>Ma\u00dfe der Statue:<\/strong><\/p>\n<ul>\n<li>Gr\u00f6\u00dfe: H35cm x W37cm x D28cm<\/li>\n<li>Gewicht: TBA, gesch\u00e4tzt: ca. 11 kg<\/li>\n<\/ul>\n<p>You are not prepared! \ud83d\ude42<\/p>","protected":false},"excerpt":{"rendered":"<p>Pok\u00e9mon &#8211; Cynthia &amp; Garchomp | 1:6 Resin Statue | von Fantasy Studio EU Taxfree! I do ship EU-wide, please contact me, should questions arise. Tolle Pok\u00e9mon Statue . Wunderbar verarbeitete und sehr detaillierte Cynthia &amp; Garchomp Statue aus Polystone &#8211; k\u00fcnstlichem Stein-Harz-Gemisch. Besonderheiten: Wei\u00dfe Version und schwarze Version verf\u00fcgbar Release-Status: Vorbestellung, Release erwartet Ende [&hellip;]<\/p>\n","protected":false},"featured_media":27912,"comment_status":"closed","ping_status":"closed","template":"","meta":[],"product_brand":[],"product_cat":[24,125,568,84],"product_tag":[147,251,3123,3126,3124,3125,211,213,212,154,136,137],"class_list":{"0":"post-27863","1":"product","2":"type-product","3":"status-publish","4":"has-post-thumbnail","6":"product_cat-action-figuren","7":"product_cat-pokemon","8":"product_cat-preorder","9":"product_cat-statuen-anime-comic-universum","10":"product_tag-collectibles","11":"product_tag-collectibles-kaufen","12":"product_tag-cynthia","13":"product_tag-cynthia-pokemon","14":"product_tag-garchomp","15":"product_tag-garchomp-pokemon","16":"product_tag-pokemon","17":"product_tag-pokemon-collectibles","18":"product_tag-pokemon-statuen","19":"product_tag-resin-collectibles","20":"product_tag-resin-statuen","21":"product_tag-resin-statuen-kaufen","22":"pa_brand-fantasy-studio","23":"pa_scale-1_to_6","25":"first","26":"instock","27":"taxable","28":"shipping-taxable","29":"product-type-variable"},"_links":{"self":[{"href":"https:\/\/store.handsomecake.com\/en\/wp-json\/wp\/v2\/product\/27863","targetHints":{"allow":["GET"]}}],"collection":[{"href":"https:\/\/store.handsomecake.com\/en\/wp-json\/wp\/v2\/product"}],"about":[{"href":"https:\/\/store.handsomecake.com\/en\/wp-json\/wp\/v2\/types\/product"}],"replies":[{"embeddable":true,"href":"https:\/\/store.handsomecake.com\/en\/wp-json\/wp\/v2\/comments?post=27863"}],"wp:featuredmedia":[{"embeddable":true,"href":"https:\/\/store.handsomecake.com\/en\/wp-json\/wp\/v2\/media\/27912"}],"wp:attachment":[{"href":"https:\/\/store.handsomecake.com\/en\/wp-json\/wp\/v2\/media?parent=27863"}],"wp:term":[{"taxonomy":"product_brand","embeddable":true,"href":"https:\/\/store.handsomecake.com\/en\/wp-json\/wp\/v2\/product_brand?post=27863"},{"taxonomy":"product_cat","embeddable":true,"href":"https:\/\/store.handsomecake.com\/en\/wp-json\/wp\/v2\/product_cat?post=27863"},{"taxonomy":"product_tag","embeddable":true,"href":"https:\/\/store.handsomecake.com\/en\/wp-json\/wp\/v2\/product_tag?post=27863"}],"curies":[{"name":"wp","href":"https:\/\/api.w.org\/{rel}","templated":true}]}}