{"id":27857,"date":"2023-12-21T01:23:35","date_gmt":"2023-12-21T01:23:35","guid":{"rendered":"https:\/\/store.handsomecake.com\/product\/naruto-hinata-neji-hyuga-14-resin-statue-von-surge-studio\/"},"modified":"2024-06-12T16:18:50","modified_gmt":"2024-06-12T16:18:50","slug":"naruto-hinata-neji-hyuga-14-resin-statue-von-surge-studio","status":"publish","type":"product","link":"https:\/\/store.handsomecake.com\/en\/product\/naruto-hinata-neji-hyuga-14-resin-statue-von-surge-studio\/","title":{"rendered":"Naruto &#8211; Hinata\/Neji Hyuga | 1:4 Resin Statue | von Surge Studio"},"content":{"rendered":"<p><strong>Naruto &#8211; Hinata\/Neji Hyuga | 1:4 Resin Statue | von Surge Studio<\/strong><\/p>\n<p>EU Taxfree! I do ship EU-wide, please contact me, should questions arise.<\/p>\n<p>Wunderbar verarbeitete und sehr detaillierte Statuen von Hinata, der Stammhalterin des ber\u00fchmten Hyuuga-Clans, und ihrem Cousin Neji, gefertigt aus Polystone &#8211; einem k\u00fcnstlichen Stein-Harz-Gemisch.<\/p>\n<p><strong>Besonderheiten:<\/strong><\/p>\n<ul>\n<li>Hinata und Neji sind separat erh\u00e4ltlich<\/li>\n<li>beide Figuren in Gr\u00f6\u00dfen 1:6 und 1:4 verf\u00fcgbar<\/li>\n<li>(1:6) 288 St\u00fcck weltweit<\/li>\n<li>(1:4) 128 St\u00fcck weltweit<\/li>\n<\/ul>\n<p><strong>Release-Status:<\/strong><\/p>\n<ul>\n<li>Preorder. Statue wird voraussichtlich Q4 2024 released und wir erwarten sie sch\u00e4tzungsweise Ende Februar 2025 im Lager.<\/li>\n<li>Diese Angabe ist ohne Gew\u00e4hr! Wir leiten nur die Sch\u00e4tzung vom Hersteller weiter.<\/li>\n<li>Falls das Datum \u00fcberschritten wurde und hier immer noch eine Sch\u00e4tzung aus der Vergangenheit steht, dann bedeutet das _NICHT_, dass die Figur bereits im Lager in Deutschland ist. Sie ist _NUR_ dann auf Lager in Deutschland, wenn der Text dies entsprechend sagt und\/oder die Kategorie weiter oben &#8222;Lagernd vor Ort&#8220; hei\u00dft.<\/li>\n<\/ul>\n<p>Wie immer bei meinen Aktionen &#8211; s\u00e4mtliche Geb\u00fchren sind, im Gegensatz zu anderen Angeboten, bereits inkludiert. Versand erfolgt ausschlie\u00dflich aus Deutschland, es fallen keine Zoll- und Importgeb\u00fchren an. Ihr kauft keine Katze im Sack \ud83d\ude42<\/p>\n<p><strong>Ma\u00dfe der Statue:<\/strong><\/p>\n<ul>\n<li>Gr\u00f6\u00dfe (Hinata 1:6): ca. H34.5cm x W17cm x D15cm<\/li>\n<li>Gr\u00f6\u00dfe (Hinata 1:4): ca. H51.7cm x W25cm x D23cm<\/li>\n<li>Gr\u00f6\u00dfe (Neji 1:6): ca. H36cm x W17.3cm x D16cm<\/li>\n<li>Gr\u00f6\u00dfe (Neji 1:4): ca. H54cm x W26cm x D24cm<\/li>\n<li>Gewicht: TBA, gesch\u00e4tzt: ca. 14 kg<\/li>\n<\/ul>\n<p>You are not prepared! \ud83d\ude42<\/p>","protected":false},"excerpt":{"rendered":"<p>Naruto &#8211; Hinata\/Neji Hyuga | 1:4 Resin Statue | von Surge Studio EU Taxfree! I do ship EU-wide, please contact me, should questions arise. Wunderbar verarbeitete und sehr detaillierte Statuen von Hinata, der Stammhalterin des ber\u00fchmten Hyuuga-Clans, und ihrem Cousin Neji, gefertigt aus Polystone &#8211; einem k\u00fcnstlichen Stein-Harz-Gemisch. Besonderheiten: Hinata und Neji sind separat erh\u00e4ltlich [&hellip;]<\/p>\n","protected":false},"featured_media":27913,"comment_status":"closed","ping_status":"closed","template":"","meta":[],"product_brand":[],"product_cat":[24,88,568,84],"product_tag":[656,659,660,657,640,658,147,251,1819,1821,1822,1820,1823,1824,168,1626,170,154],"class_list":{"0":"post-27857","1":"product","2":"type-product","3":"status-publish","4":"has-post-thumbnail","6":"product_cat-action-figuren","7":"product_cat-naruto","8":"product_cat-preorder","9":"product_cat-statuen-anime-comic-universum","10":"product_tag-anime-collectibles","11":"product_tag-anime-figuren","12":"product_tag-anime-figuren-naruto","13":"product_tag-anime-figures","14":"product_tag-anime-statuen","15":"product_tag-anime-toys","16":"product_tag-collectibles","17":"product_tag-collectibles-kaufen","18":"product_tag-hinata","19":"product_tag-hinata-collectibles","20":"product_tag-hinata-collectibles-kaufen","21":"product_tag-hinata-hyuuga","22":"product_tag-hinata-statue","23":"product_tag-hinata-statuen","24":"product_tag-naruto-collectibles","25":"product_tag-naruto-shippuden","26":"product_tag-naruto-statuen-kaufen","27":"product_tag-resin-collectibles","28":"pa_brand-surge-studio","30":"first","31":"instock","32":"taxable","33":"shipping-taxable","34":"product-type-variable"},"_links":{"self":[{"href":"https:\/\/store.handsomecake.com\/en\/wp-json\/wp\/v2\/product\/27857","targetHints":{"allow":["GET"]}}],"collection":[{"href":"https:\/\/store.handsomecake.com\/en\/wp-json\/wp\/v2\/product"}],"about":[{"href":"https:\/\/store.handsomecake.com\/en\/wp-json\/wp\/v2\/types\/product"}],"replies":[{"embeddable":true,"href":"https:\/\/store.handsomecake.com\/en\/wp-json\/wp\/v2\/comments?post=27857"}],"wp:featuredmedia":[{"embeddable":true,"href":"https:\/\/store.handsomecake.com\/en\/wp-json\/wp\/v2\/media\/27913"}],"wp:attachment":[{"href":"https:\/\/store.handsomecake.com\/en\/wp-json\/wp\/v2\/media?parent=27857"}],"wp:term":[{"taxonomy":"product_brand","embeddable":true,"href":"https:\/\/store.handsomecake.com\/en\/wp-json\/wp\/v2\/product_brand?post=27857"},{"taxonomy":"product_cat","embeddable":true,"href":"https:\/\/store.handsomecake.com\/en\/wp-json\/wp\/v2\/product_cat?post=27857"},{"taxonomy":"product_tag","embeddable":true,"href":"https:\/\/store.handsomecake.com\/en\/wp-json\/wp\/v2\/product_tag?post=27857"}],"curies":[{"name":"wp","href":"https:\/\/api.w.org\/{rel}","templated":true}]}}