{"id":27746,"date":"2023-12-20T02:21:35","date_gmt":"2023-12-20T02:21:35","guid":{"rendered":"https:\/\/store.handsomecake.com\/product\/one-piece-edward-newgate-whitebeard-14-resin-statue-von-revive-studio\/"},"modified":"2024-06-12T16:18:15","modified_gmt":"2024-06-12T16:18:15","slug":"one-piece-edward-newgate-whitebeard-14-resin-statue-von-revive-studio","status":"publish","type":"product","link":"https:\/\/store.handsomecake.com\/en\/product\/one-piece-edward-newgate-whitebeard-14-resin-statue-von-revive-studio\/","title":{"rendered":"One Piece &#8211; Edward Newgate (Whitebeard) | 1:4 Resin Statue | von Revive Studio"},"content":{"rendered":"<p><strong>One Piece &#8211; Edward Newgate (Whitebeard) | 1:4 Resin Statue | von Revive Studio<\/strong><\/p>\n<p>I do ship EU-wide, please contact me, should questions arise.<\/p>\n<p>Tolle Statue des Kapit\u00e4ns der Whitebeards<br \/>\nWunderbar verarbeitete und sehr detaillierte Whitebeard Statue aus Polystone &#8211; k\u00fcnstlichem Stein-Harz-Gemisch.<\/p>\n<p><strong>Besonderheiten:<\/strong><\/p>\n<ul>\n<li>kommt in 2 Boxen<\/li>\n<\/ul>\n<p><strong>Release-Status:<\/strong><\/p>\n<ul>\n<li>Released. Collectible wird voraussichtlich ab dem 15. Februar 2024 in unserem Lager verf\u00fcgbar sein.<\/li>\n<li>Diese Angabe ist ohne Gew\u00e4hr! Wir leiten nur die Sch\u00e4tzung vom Hersteller weiter.<\/li>\n<li>Falls das Datum \u00fcberschritten wurde und hier immer noch eine Sch\u00e4tzung aus der Vergangenheit steht, dann bedeutet das _NICHT_, dass die Figur bereits im Lager in Deutschland ist. Sie ist _NUR_ dann auf Lager in Deutschland, wenn der Text dies entsprechend sagt und\/oder die Kategorie weiter oben &#8222;Lagernd vor Ort&#8220; hei\u00dft.<\/li>\n<\/ul>\n<p>Wie immer bei meinen Aktionen &#8211; s\u00e4mtliche Geb\u00fchren sind, im Gegensatz zu anderen Angeboten, bereits inkludiert. Versand erfolgt ausschlie\u00dflich aus Deutschland, es fallen keine Zoll- und Importgeb\u00fchren an. Ihr kauft keine Katze im Sack \ud83d\ude42<\/p>\n<p><strong>Ma\u00dfe der Statue:<\/strong><\/p>\n<ul>\n<li>Gr\u00f6\u00dfe: ca. H72cm x 89cm x 85cm<\/li>\n<li>Gewicht: ca. 100 kg<\/li>\n<\/ul>\n<p>You are not prepared! \ud83d\ude42<\/p>","protected":false},"excerpt":{"rendered":"<p>One Piece &#8211; Edward Newgate (Whitebeard) | 1:4 Resin Statue | von Revive Studio I do ship EU-wide, please contact me, should questions arise. Tolle Statue des Kapit\u00e4ns der Whitebeards Wunderbar verarbeitete und sehr detaillierte Whitebeard Statue aus Polystone &#8211; k\u00fcnstlichem Stein-Harz-Gemisch. Besonderheiten: kommt in 2 Boxen Release-Status: Released. Collectible wird voraussichtlich ab dem 15. [&hellip;]<\/p>\n","protected":false},"featured_media":27837,"comment_status":"closed","ping_status":"closed","template":"","meta":[],"product_brand":[],"product_cat":[24,89,84,567],"product_tag":[612,656,1043,658,479,147,251,383,1246,795,164,501,502,165,1243,1244,1245,154,255,136,137,379,381,380,382,1241,1242],"class_list":{"0":"post-27746","1":"product","2":"type-product","3":"status-publish","4":"has-post-thumbnail","6":"product_cat-action-figuren","7":"product_cat-one-piece","8":"product_cat-statuen-anime-comic-universum","9":"product_cat-in_stock_warehouse_china","10":"product_tag-anime","11":"product_tag-anime-collectibles","12":"product_tag-anime-statues","13":"product_tag-anime-toys","14":"product_tag-collectible","15":"product_tag-collectibles","16":"product_tag-collectibles-kaufen","17":"product_tag-collector","18":"product_tag-edward-newgate","19":"product_tag-handsomecake","20":"product_tag-one-piece-collectibles","21":"product_tag-one-piece-lifesize","22":"product_tag-one-piece-resin","23":"product_tag-one-piece-statue","24":"product_tag-one-piece-whitebeard","25":"product_tag-one-piece-whitebeard-collectible","26":"product_tag-one-piece-whitebeard-statue","27":"product_tag-resin-collectibles","28":"product_tag-resin-collectibles-kaufen","29":"product_tag-resin-statuen","30":"product_tag-resin-statuen-kaufen","31":"product_tag-statue-collectible","32":"product_tag-statue-collectibles","33":"product_tag-statues-collectible","34":"product_tag-statues-collectibles","35":"product_tag-whitebeard-collectible","36":"product_tag-whitebeard-statue","37":"pa_brand-revive-studios","38":"pa_scale-1_to_4","40":"first","41":"outofstock","42":"taxable","43":"shipping-taxable","44":"product-type-simple"},"_links":{"self":[{"href":"https:\/\/store.handsomecake.com\/en\/wp-json\/wp\/v2\/product\/27746","targetHints":{"allow":["GET"]}}],"collection":[{"href":"https:\/\/store.handsomecake.com\/en\/wp-json\/wp\/v2\/product"}],"about":[{"href":"https:\/\/store.handsomecake.com\/en\/wp-json\/wp\/v2\/types\/product"}],"replies":[{"embeddable":true,"href":"https:\/\/store.handsomecake.com\/en\/wp-json\/wp\/v2\/comments?post=27746"}],"wp:featuredmedia":[{"embeddable":true,"href":"https:\/\/store.handsomecake.com\/en\/wp-json\/wp\/v2\/media\/27837"}],"wp:attachment":[{"href":"https:\/\/store.handsomecake.com\/en\/wp-json\/wp\/v2\/media?parent=27746"}],"wp:term":[{"taxonomy":"product_brand","embeddable":true,"href":"https:\/\/store.handsomecake.com\/en\/wp-json\/wp\/v2\/product_brand?post=27746"},{"taxonomy":"product_cat","embeddable":true,"href":"https:\/\/store.handsomecake.com\/en\/wp-json\/wp\/v2\/product_cat?post=27746"},{"taxonomy":"product_tag","embeddable":true,"href":"https:\/\/store.handsomecake.com\/en\/wp-json\/wp\/v2\/product_tag?post=27746"}],"curies":[{"name":"wp","href":"https:\/\/api.w.org\/{rel}","templated":true}]}}