{"id":27739,"date":"2023-12-20T02:17:51","date_gmt":"2023-12-20T02:17:51","guid":{"rendered":"https:\/\/store.handsomecake.com\/product\/star-wars-luke-leia-14-resin-statue-von-mfa-collectibles\/"},"modified":"2025-05-02T18:36:21","modified_gmt":"2025-05-02T18:36:21","slug":"star-wars-luke-leia-14-resin-statue-von-mfa-collectibles","status":"publish","type":"product","link":"https:\/\/store.handsomecake.com\/en\/product\/star-wars-luke-leia-14-resin-statue-von-mfa-collectibles\/","title":{"rendered":"Star Wars &#8211; Luke &amp; Leia | 1:4 Resin Statue | von MFA Collectibles"},"content":{"rendered":"<p><strong>Star Wars &#8211; Luke &amp; Leia | 1:4 Resin Statue | von MFA Collectibles<\/strong><\/p>\n<p>I do ship EU-wide, please contact me, should questions arise.<\/p>\n<p>Tolle Statue von Leia Organa und ihrem Zwillingsbruder Luke Skywalker.<br \/>\nWunderbar verarbeitete und sehr detaillierte Luke &amp; LeiaStatue aus Polystone &#8211; k\u00fcnstlichem Stein-Harz-Gemisch.<\/p>\n<p><strong>Besonderheiten:<\/strong><\/p>\n<ul>\n<li>wei\u00dfe und blaue Lichtschwerter enthalten<\/li>\n<li>weltweit nur 70 St\u00fcck<\/li>\n<\/ul>\n<p><strong>Release-Status:<\/strong><\/p>\n<ul>\n<li>Released. Ab Bestellzeitpunkt in ca. 3-4 Monaten bei euch.<\/li>\n<\/ul>\n<p>Wie immer bei meinen Aktionen &#8211; s\u00e4mtliche Geb\u00fchren sind, im Gegensatz zu anderen Angeboten, bereits inkludiert. Versand erfolgt ausschlie\u00dflich aus Deutschland, es fallen keine Zoll- und Importgeb\u00fchren an. Ihr kauft keine Katze im Sack \ud83d\ude42<\/p>\n<p><strong>Ma\u00dfe der Statue:<\/strong><\/p>\n<ul>\n<li>Gr\u00f6\u00dfe : ca. H90cm x W54.2 cm x D29.5 cm<\/li>\n<li>Gewicht: TBA, gesch\u00e4tzt: ca. 22 kg<\/li>\n<\/ul>\n<p>You are not prepared! \ud83d\ude42<\/p>","protected":false},"excerpt":{"rendered":"<p>Star Wars &#8211; Luke &amp; Leia | 1:4 Resin Statue | von MFA Collectibles I do ship EU-wide, please contact me, should questions arise. Tolle Statue von Leia Organa und ihrem Zwillingsbruder Luke Skywalker. Wunderbar verarbeitete und sehr detaillierte Luke &amp; LeiaStatue aus Polystone &#8211; k\u00fcnstlichem Stein-Harz-Gemisch. Besonderheiten: wei\u00dfe und blaue Lichtschwerter enthalten weltweit nur [&hellip;]<\/p>\n","protected":false},"featured_media":27802,"comment_status":"closed","ping_status":"closed","template":"","meta":[],"product_brand":[],"product_cat":[24,2298,568,2299,84],"product_tag":[612,666,717,794,662,640,658,479,147,251,795,3121,3122,154,255,136,137,1887,1889,1890,379,381,552,665,380,382,547,718],"class_list":{"0":"post-27739","1":"product","2":"type-product","3":"status-publish","4":"has-post-thumbnail","6":"product_cat-action-figuren","7":"product_cat-films-and-books","8":"product_cat-preorder","9":"product_cat-star-wars","10":"product_cat-statuen-anime-comic-universum","11":"product_tag-anime","12":"product_tag-anime-figuren-shop","13":"product_tag-anime-shop","14":"product_tag-anime-statue","15":"product_tag-anime-statue-shop","16":"product_tag-anime-statuen","17":"product_tag-anime-toys","18":"product_tag-collectible","19":"product_tag-collectibles","20":"product_tag-collectibles-kaufen","21":"product_tag-handsomecake","22":"product_tag-leia","23":"product_tag-luke-statue","24":"product_tag-resin-collectibles","25":"product_tag-resin-collectibles-kaufen","26":"product_tag-resin-statuen","27":"product_tag-resin-statuen-kaufen","28":"product_tag-star-wars-collectibles","29":"product_tag-star-wars-resin","30":"product_tag-star-wars-statue","31":"product_tag-statue-collectible","32":"product_tag-statue-collectibles","33":"product_tag-statue-collector","34":"product_tag-statuen-shop","35":"product_tag-statues-collectible","36":"product_tag-statues-collectibles","37":"product_tag-statues-collector","38":"product_tag-toys","39":"pa_brand-mfa-collectibles","40":"pa_scale-1_to_4","42":"first","43":"instock","44":"taxable","45":"shipping-taxable","46":"product-type-simple"},"_links":{"self":[{"href":"https:\/\/store.handsomecake.com\/en\/wp-json\/wp\/v2\/product\/27739","targetHints":{"allow":["GET"]}}],"collection":[{"href":"https:\/\/store.handsomecake.com\/en\/wp-json\/wp\/v2\/product"}],"about":[{"href":"https:\/\/store.handsomecake.com\/en\/wp-json\/wp\/v2\/types\/product"}],"replies":[{"embeddable":true,"href":"https:\/\/store.handsomecake.com\/en\/wp-json\/wp\/v2\/comments?post=27739"}],"wp:featuredmedia":[{"embeddable":true,"href":"https:\/\/store.handsomecake.com\/en\/wp-json\/wp\/v2\/media\/27802"}],"wp:attachment":[{"href":"https:\/\/store.handsomecake.com\/en\/wp-json\/wp\/v2\/media?parent=27739"}],"wp:term":[{"taxonomy":"product_brand","embeddable":true,"href":"https:\/\/store.handsomecake.com\/en\/wp-json\/wp\/v2\/product_brand?post=27739"},{"taxonomy":"product_cat","embeddable":true,"href":"https:\/\/store.handsomecake.com\/en\/wp-json\/wp\/v2\/product_cat?post=27739"},{"taxonomy":"product_tag","embeddable":true,"href":"https:\/\/store.handsomecake.com\/en\/wp-json\/wp\/v2\/product_tag?post=27739"}],"curies":[{"name":"wp","href":"https:\/\/api.w.org\/{rel}","templated":true}]}}