{"id":27711,"date":"2023-12-19T22:59:15","date_gmt":"2023-12-19T22:59:15","guid":{"rendered":"https:\/\/store.handsomecake.com\/product\/one-piece-franky-14-resin-statue-von-opm-studio\/"},"modified":"2024-06-12T16:17:50","modified_gmt":"2024-06-12T16:17:50","slug":"one-piece-franky-14-resin-statue-von-opm-studio","status":"publish","type":"product","link":"https:\/\/store.handsomecake.com\/en\/product\/one-piece-franky-14-resin-statue-von-opm-studio\/","title":{"rendered":"One Piece &#8211; Franky | 1:4 Resin Statue | von OPM Studio"},"content":{"rendered":"<p><strong>One Piece &#8211; Franky | 1:4 Resin Statue | von OPM Studio<\/strong><\/p>\n<p>I do ship EU-wide, please contact me, should questions arise.<\/p>\n<p>Tolle Statue unseres geliebten Schiffszimmermanns der Strohhut-Piratenbande<br \/>\nWunderbar verarbeitete und sehr detaillierte Franky Statue aus Polystone &#8211; k\u00fcnstlichem Stein-Harz-Gemisch.<\/p>\n<p><strong>Besonderheiten:<\/strong><\/p>\n<ul>\n<li>mit LED<\/li>\n<li>nur 188 St\u00fcck weltweit<\/li>\n<li>3 austauschbare K\u00f6pfe<\/li>\n<li>Kind-Version von Franky als Geschenk<\/li>\n<li>Energiewaffenarm + regul\u00e4rer austauschbarer Arm<\/li>\n<\/ul>\n<p><strong>Release-Status:<\/strong><\/p>\n<ul>\n<li>Preorder. Statue wird voraussichtlich Ende Q4 2024 released und wir erwarten sie im Warenlager sch\u00e4tzungsweise Ende Februar 2025.<\/li>\n<li>Diese Angabe ist ohne Gew\u00e4hr! Wir leiten nur die Sch\u00e4tzung vom Hersteller weiter.<\/li>\n<li>Falls das Datum \u00fcberschritten wurde und hier immer noch eine Sch\u00e4tzung aus der Vergangenheit steht, dann bedeutet das _NICHT_, dass die Figur bereits im Lager in Deutschland ist. Sie ist _NUR_ dann auf Lager in Deutschland, wenn der Text dies entsprechend sagt und\/oder die Kategorie weiter oben &#8222;Lagernd vor Ort&#8220; hei\u00dft.<\/li>\n<\/ul>\n<p>Wie immer bei meinen Artikeln &#8211; s\u00e4mtliche Geb\u00fchren sind, im Gegensatz zu anderen Angeboten, bereits inkludiert. Versand erfolgt ausschlie\u00dflich aus Deutschland, es fallen keine Zoll- und Importgeb\u00fchren an. Ihr kauft keine Katze im Sack \ud83d\ude42<\/p>\n<p><strong>Ma\u00dfe der Statue:<\/strong><\/p>\n<ul>\n<li>Gr\u00f6\u00dfe: ca. H65cm x W53cm x D56cm<\/li>\n<li>Gewicht: TBA ca. 20 kg (gesch\u00e4tzt)<\/li>\n<\/ul>\n<p>You are not prepared! \ud83d\ude42<\/p>","protected":false},"excerpt":{"rendered":"<p>One Piece &#8211; Franky | 1:4 Resin Statue | von OPM Studio I do ship EU-wide, please contact me, should questions arise. Tolle Statue unseres geliebten Schiffszimmermanns der Strohhut-Piratenbande Wunderbar verarbeitete und sehr detaillierte Franky Statue aus Polystone &#8211; k\u00fcnstlichem Stein-Harz-Gemisch. Besonderheiten: mit LED nur 188 St\u00fcck weltweit 3 austauschbare K\u00f6pfe Kind-Version von Franky als [&hellip;]<\/p>\n","protected":false},"featured_media":27724,"comment_status":"closed","ping_status":"closed","template":"","meta":[],"product_brand":[],"product_cat":[24,89,568,84],"product_tag":[612,656,1043,658,479,147,251,383,1319,1320,795,164,1316,1317,1318,501,502,165,154,255,136,137,379,381,380,382,1315],"class_list":{"0":"post-27711","1":"product","2":"type-product","3":"status-publish","4":"has-post-thumbnail","6":"product_cat-action-figuren","7":"product_cat-one-piece","8":"product_cat-preorder","9":"product_cat-statuen-anime-comic-universum","10":"product_tag-anime","11":"product_tag-anime-collectibles","12":"product_tag-anime-statues","13":"product_tag-anime-toys","14":"product_tag-collectible","15":"product_tag-collectibles","16":"product_tag-collectibles-kaufen","17":"product_tag-collector","18":"product_tag-franky-collectible","19":"product_tag-franky-statue","20":"product_tag-handsomecake","21":"product_tag-one-piece-collectibles","22":"product_tag-one-piece-franky","23":"product_tag-one-piece-franky-collectible","24":"product_tag-one-piece-franky-statue","25":"product_tag-one-piece-lifesize","26":"product_tag-one-piece-resin","27":"product_tag-one-piece-statue","28":"product_tag-resin-collectibles","29":"product_tag-resin-collectibles-kaufen","30":"product_tag-resin-statuen","31":"product_tag-resin-statuen-kaufen","32":"product_tag-statue-collectible","33":"product_tag-statue-collectibles","34":"product_tag-statues-collectible","35":"product_tag-statues-collectibles","36":"product_tag-super-franky","37":"pa_brand-opm-studio","38":"pa_scale-1_to_4","40":"first","41":"instock","42":"taxable","43":"shipping-taxable","44":"product-type-simple"},"_links":{"self":[{"href":"https:\/\/store.handsomecake.com\/en\/wp-json\/wp\/v2\/product\/27711","targetHints":{"allow":["GET"]}}],"collection":[{"href":"https:\/\/store.handsomecake.com\/en\/wp-json\/wp\/v2\/product"}],"about":[{"href":"https:\/\/store.handsomecake.com\/en\/wp-json\/wp\/v2\/types\/product"}],"replies":[{"embeddable":true,"href":"https:\/\/store.handsomecake.com\/en\/wp-json\/wp\/v2\/comments?post=27711"}],"wp:featuredmedia":[{"embeddable":true,"href":"https:\/\/store.handsomecake.com\/en\/wp-json\/wp\/v2\/media\/27724"}],"wp:attachment":[{"href":"https:\/\/store.handsomecake.com\/en\/wp-json\/wp\/v2\/media?parent=27711"}],"wp:term":[{"taxonomy":"product_brand","embeddable":true,"href":"https:\/\/store.handsomecake.com\/en\/wp-json\/wp\/v2\/product_brand?post=27711"},{"taxonomy":"product_cat","embeddable":true,"href":"https:\/\/store.handsomecake.com\/en\/wp-json\/wp\/v2\/product_cat?post=27711"},{"taxonomy":"product_tag","embeddable":true,"href":"https:\/\/store.handsomecake.com\/en\/wp-json\/wp\/v2\/product_tag?post=27711"}],"curies":[{"name":"wp","href":"https:\/\/api.w.org\/{rel}","templated":true}]}}