{"id":27698,"date":"2023-12-19T22:58:04","date_gmt":"2023-12-19T22:58:04","guid":{"rendered":"https:\/\/store.handsomecake.com\/product\/dark-souls-slave-knight-gael-14-resin-statue-von-hundian-studio\/"},"modified":"2024-06-12T16:17:31","modified_gmt":"2024-06-12T16:17:31","slug":"dark-souls-slave-knight-gael-14-resin-statue-von-hundian-studio","status":"publish","type":"product","link":"https:\/\/store.handsomecake.com\/en\/product\/dark-souls-slave-knight-gael-14-resin-statue-von-hundian-studio\/","title":{"rendered":"Dark Souls &#8211; Slave Knight Gael | 1:4 Resin Statue | von HunDian Studio"},"content":{"rendered":"<p><strong>Dark Souls &#8211; Slave Knight Gael | 1:4 Resin Statue | von HunDian Studio<\/strong><\/p>\n<p>I do ship EU-wide, please contact me, should questions arise.<\/p>\n<p>Fantastische Statue von Boss Gael aus Dark Souls 3.<br \/>\nWunderbar verarbeitete und sehr detaillierte Slave Knight Gael Statue aus Polystone &#8211; k\u00fcnstlichem Stein-Harz-Gemisch.<\/p>\n<p><strong>Besonderheiten:<\/strong><\/p>\n<ul>\n<li>99 St\u00fcck weltweit<\/li>\n<li>\u00d6lgem\u00e4ldepapier (60 x 80 cm)<\/li>\n<li>A Version: normaler Kopf<\/li>\n<li>B Version: Kopf mit Textur auf dem Gesicht<\/li>\n<\/ul>\n<p><strong>Release-Status:<\/strong><\/p>\n<ul>\n<li>Preorder. Statue wird sch\u00e4tzungsweise Q3 2024 fertiggestellt und wir erwarten sie bei uns im Lager gegen Ende Oktober 2024.<\/li>\n<li>Diese Angabe ist ohne Gew\u00e4hr! Wir leiten nur die Sch\u00e4tzung vom Hersteller weiter.<\/li>\n<li>Falls das Datum \u00fcberschritten wurde und hier immer noch eine Sch\u00e4tzung aus der Vergangenheit steht, dann bedeutet das _NICHT_, dass die Figur bereits im Lager in Deutschland ist. Sie ist _NUR_ dann auf Lager in Deutschland, wenn der Text dies entsprechend sagt und\/oder die Kategorie weiter oben &#8222;Lagernd vor Ort&#8220; hei\u00dft.<\/li>\n<\/ul>\n<p>Wie immer bei meinen Aktionen &#8211; s\u00e4mtliche Geb\u00fchren sind, im Gegensatz zu anderen Angeboten, bereits inkludiert. Versand erfolgt ausschlie\u00dflich aus Deutschland, es fallen keine Zoll- und Importgeb\u00fchren an. Ihr kauft keine Katze im Sack \ud83d\ude42<\/p>\n<p><strong>Ma\u00dfe der Statue:<\/strong><\/p>\n<ul>\n<li>Gr\u00f6\u00dfe : ca. H48cm x W50cm x D50cm<\/li>\n<li>Gewicht: TBA, gesch\u00e4tzt: ca. 16kg<\/li>\n<\/ul>\n<p>You are not prepared! \ud83d\ude42<\/p>","protected":false},"excerpt":{"rendered":"<p>Dark Souls &#8211; Slave Knight Gael | 1:4 Resin Statue | von HunDian Studio I do ship EU-wide, please contact me, should questions arise. Fantastische Statue von Boss Gael aus Dark Souls 3. Wunderbar verarbeitete und sehr detaillierte Slave Knight Gael Statue aus Polystone &#8211; k\u00fcnstlichem Stein-Harz-Gemisch. Besonderheiten: 99 St\u00fcck weltweit \u00d6lgem\u00e4ldepapier (60 x 80 [&hellip;]<\/p>\n","protected":false},"featured_media":27725,"comment_status":"closed","ping_status":"closed","template":"","meta":[],"product_brand":[],"product_cat":[24,568,81],"product_tag":[479,147,251,383,2755,2758,3117,553,3119,3120,795,154,255,136,137,554,3118,379,381,552,380,382,547],"class_list":{"0":"post-27698","1":"product","2":"type-product","3":"status-publish","4":"has-post-thumbnail","6":"product_cat-action-figuren","7":"product_cat-preorder","8":"product_cat-statuen-computerspieluniversum","9":"product_tag-collectible","10":"product_tag-collectibles","11":"product_tag-collectibles-kaufen","12":"product_tag-collector","13":"product_tag-dark-souls","14":"product_tag-dark-souls-collection","15":"product_tag-dark-souls-gael","16":"product_tag-figure-collector","17":"product_tag-gael","18":"product_tag-gael-dark-souls","19":"product_tag-handsomecake","20":"product_tag-resin-collectibles","21":"product_tag-resin-collectibles-kaufen","22":"product_tag-resin-statuen","23":"product_tag-resin-statuen-kaufen","24":"product_tag-resin-statues","25":"product_tag-slave-knight-gael","26":"product_tag-statue-collectible","27":"product_tag-statue-collectibles","28":"product_tag-statue-collector","29":"product_tag-statues-collectible","30":"product_tag-statues-collectibles","31":"product_tag-statues-collector","32":"pa_brand-hun-dian-studio","33":"pa_scale-1_to_4","35":"first","36":"instock","37":"taxable","38":"shipping-taxable","39":"product-type-variable"},"_links":{"self":[{"href":"https:\/\/store.handsomecake.com\/en\/wp-json\/wp\/v2\/product\/27698","targetHints":{"allow":["GET"]}}],"collection":[{"href":"https:\/\/store.handsomecake.com\/en\/wp-json\/wp\/v2\/product"}],"about":[{"href":"https:\/\/store.handsomecake.com\/en\/wp-json\/wp\/v2\/types\/product"}],"replies":[{"embeddable":true,"href":"https:\/\/store.handsomecake.com\/en\/wp-json\/wp\/v2\/comments?post=27698"}],"wp:featuredmedia":[{"embeddable":true,"href":"https:\/\/store.handsomecake.com\/en\/wp-json\/wp\/v2\/media\/27725"}],"wp:attachment":[{"href":"https:\/\/store.handsomecake.com\/en\/wp-json\/wp\/v2\/media?parent=27698"}],"wp:term":[{"taxonomy":"product_brand","embeddable":true,"href":"https:\/\/store.handsomecake.com\/en\/wp-json\/wp\/v2\/product_brand?post=27698"},{"taxonomy":"product_cat","embeddable":true,"href":"https:\/\/store.handsomecake.com\/en\/wp-json\/wp\/v2\/product_cat?post=27698"},{"taxonomy":"product_tag","embeddable":true,"href":"https:\/\/store.handsomecake.com\/en\/wp-json\/wp\/v2\/product_tag?post=27698"}],"curies":[{"name":"wp","href":"https:\/\/api.w.org\/{rel}","templated":true}]}}