{"id":27684,"date":"2023-12-19T22:56:33","date_gmt":"2023-12-19T22:56:33","guid":{"rendered":"https:\/\/store.handsomecake.com\/product\/dragon-ball-son-goku-ss3-14-resin-statue-von-du-studio\/"},"modified":"2024-06-12T16:17:47","modified_gmt":"2024-06-12T16:17:47","slug":"dragon-ball-son-goku-ss3-14-resin-statue-von-du-studio","status":"publish","type":"product","link":"https:\/\/store.handsomecake.com\/en\/product\/dragon-ball-son-goku-ss3-14-resin-statue-von-du-studio\/","title":{"rendered":"Dragon Ball &#8211; Son Goku SS3 | 1:4 Resin Statue | von DU Studio"},"content":{"rendered":"<p><strong>Dragon Ball &#8211; Son Goku SS3 | 1:4 Resin Statue | von DU Studio<\/strong><\/p>\n<p>I do ship EU-wide, please contact me, should questions arise.<\/p>\n<p>Tolle Statue von unserem geliebten Sayajin<br \/>\nWunderbar verarbeitete und sehr detaillierte Son Goku in Super Saiyan 3 Form Statue aus Polystone &#8211; k\u00fcnstlichem Stein-Harz-Gemisch.<\/p>\n<p><strong>Besonderheiten<\/strong>:<\/p>\n<ul>\n<li>EX Version mit Drachen<\/li>\n<li>auch Regular Version verf\u00fcgbar<\/li>\n<li>beide Versionen in den Gr\u00f6\u00dfen S- und S+ erh\u00e4ltlich<\/li>\n<li>weltweit: (S-) 288 (Regular)\/ 128 (EX)St\u00fcck<\/li>\n<li>(S+) 288 (Regular)\/ 128 (EX)St\u00fcck<\/li>\n<\/ul>\n<p><strong>Release-Status:<\/strong><\/p>\n<ul>\n<li>Preorder. Statue wird sch\u00e4tzungsweise Q2 2024 fertiggestellt und wir erwarten sie bei uns im Lager gegen Ende August 2024.<\/li>\n<li>Diese Angabe ist ohne Gew\u00e4hr! Wir leiten nur die Sch\u00e4tzung vom Hersteller weiter.<\/li>\n<li>Falls das Datum \u00fcberschritten wurde und hier immer noch eine Sch\u00e4tzung aus der Vergangenheit steht, dann bedeutet das _NICHT_, dass die Figur bereits im Lager in Deutschland ist. Sie ist _NUR_ dann auf Lager in Deutschland, wenn der Text dies entsprechend sagt und\/oder die Kategorie weiter oben &#8222;Lagernd vor Ort&#8220; hei\u00dft.<\/li>\n<\/ul>\n<p>Wie immer bei meinen Aktionen &#8211; s\u00e4mtliche Geb\u00fchren sind, im Gegensatz zu anderen Angeboten, bereits inkludiert. Versand erfolgt ausschlie\u00dflich aus Deutschland, es fallen keine Zoll- und Importgeb\u00fchren an. Ihr kauft keine Katze im Sack \ud83d\ude42<\/p>\n<p><strong>Ma\u00dfe der Statue:<\/strong><\/p>\n<ul>\n<li>Gr\u00f6\u00dfe(S-\/Regular): ca. H58cm x W34cm x D36cm<\/li>\n<li>Gr\u00f6\u00dfe(S+\/Regular): ca. H76cm x W37cm x D46cm<\/li>\n<li>Gr\u00f6\u00dfe(S-\/EX): ca. H65cm x W52cm x D44cm<\/li>\n<li>Gr\u00f6\u00dfe(S+\/EX): ca. H85cm x W73cm x D50cm<\/li>\n<li>Gewicht: TBA, gesch\u00e4tzt ca.20kg<\/li>\n<\/ul>\n<p>You are not prepared! \ud83d\ude42<\/p>","protected":false},"excerpt":{"rendered":"<p>Dragon Ball &#8211; Son Goku SS3 | 1:4 Resin Statue | von DU Studio I do ship EU-wide, please contact me, should questions arise. Tolle Statue von unserem geliebten Sayajin Wunderbar verarbeitete und sehr detaillierte Son Goku in Super Saiyan 3 Form Statue aus Polystone &#8211; k\u00fcnstlichem Stein-Harz-Gemisch. Besonderheiten: EX Version mit Drachen auch Regular [&hellip;]<\/p>\n","protected":false},"featured_media":27723,"comment_status":"closed","ping_status":"closed","template":"","meta":[],"product_brand":[],"product_cat":[24,87,568,84],"product_tag":[147,251,190,2252,191,171,346,97,2223,154,136,137,1273,472,379,381,380,382],"class_list":{"0":"post-27684","1":"product","2":"type-product","3":"status-publish","4":"has-post-thumbnail","6":"product_cat-action-figuren","7":"product_cat-dragon-ball","8":"product_cat-preorder","9":"product_cat-statuen-anime-comic-universum","10":"product_tag-collectibles","11":"product_tag-collectibles-kaufen","12":"product_tag-dragon-ball-collectibles","13":"product_tag-dragon-ball-goku","14":"product_tag-dragon-ball-resin","15":"product_tag-dragon-ball-son-goku","16":"product_tag-dragon-ball-son-goku-collectible","17":"product_tag-dragon-ball-statue","18":"product_tag-dragon-ball-z-goku","19":"product_tag-resin-collectibles","20":"product_tag-resin-statuen","21":"product_tag-resin-statuen-kaufen","22":"product_tag-resincollectors","23":"product_tag-son-goku-statue","24":"product_tag-statue-collectible","25":"product_tag-statue-collectibles","26":"product_tag-statues-collectible","27":"product_tag-statues-collectibles","28":"pa_brand-du-studio","30":"first","31":"instock","32":"taxable","33":"shipping-taxable","34":"product-type-variable"},"_links":{"self":[{"href":"https:\/\/store.handsomecake.com\/en\/wp-json\/wp\/v2\/product\/27684","targetHints":{"allow":["GET"]}}],"collection":[{"href":"https:\/\/store.handsomecake.com\/en\/wp-json\/wp\/v2\/product"}],"about":[{"href":"https:\/\/store.handsomecake.com\/en\/wp-json\/wp\/v2\/types\/product"}],"replies":[{"embeddable":true,"href":"https:\/\/store.handsomecake.com\/en\/wp-json\/wp\/v2\/comments?post=27684"}],"wp:featuredmedia":[{"embeddable":true,"href":"https:\/\/store.handsomecake.com\/en\/wp-json\/wp\/v2\/media\/27723"}],"wp:attachment":[{"href":"https:\/\/store.handsomecake.com\/en\/wp-json\/wp\/v2\/media?parent=27684"}],"wp:term":[{"taxonomy":"product_brand","embeddable":true,"href":"https:\/\/store.handsomecake.com\/en\/wp-json\/wp\/v2\/product_brand?post=27684"},{"taxonomy":"product_cat","embeddable":true,"href":"https:\/\/store.handsomecake.com\/en\/wp-json\/wp\/v2\/product_cat?post=27684"},{"taxonomy":"product_tag","embeddable":true,"href":"https:\/\/store.handsomecake.com\/en\/wp-json\/wp\/v2\/product_tag?post=27684"}],"curies":[{"name":"wp","href":"https:\/\/api.w.org\/{rel}","templated":true}]}}