{"id":2766,"date":"2021-04-09T20:14:52","date_gmt":"2021-04-09T20:14:52","guid":{"rendered":"https:\/\/store.handsomecake.com\/product\/final-fantasy-tifa-lockhart-14-resin-statue-von-pink-pink-studio\/"},"modified":"2024-06-12T14:44:44","modified_gmt":"2024-06-12T14:44:44","slug":"final-fantasy-tifa-lockhart-14-resin-statue-von-pink-pink-studio","status":"publish","type":"product","link":"https:\/\/store.handsomecake.com\/en\/product\/final-fantasy-tifa-lockhart-14-resin-statue-von-pink-pink-studio\/","title":{"rendered":"Final Fantasy &#8211; Tifa Lockhart | 1:4 Resin Statue | von Pink Pink Studio"},"content":{"rendered":"<p>Final Fantasy &#8211; Tifa Lockhart &#8218; 1:4 Resin Statue &#8218; von Pink Pink Studio<\/p>\n<p>Tolle Statue der Kindheitsfreundin von Cloud aus seiner Nibelheim Zeit.<br \/>\nWunderbar verarbeitete und sehr detaillierte Tifa Statue aus Polystone &#8211; k\u00fcnstlichem Stein-Harz-Gemisch.<\/p>\n<p>Besonderheiten:<\/p>\n<ul>\n<li>Kleidung kann ausgezogen werden<\/li>\n<li>weltweit auf 499 St\u00fcck begrenzt<\/li>\n<\/ul>\n<p>Release-Status:<\/p>\n<ul>\n<li>Released. Ab Bestellzeitpunkt in ca. 2-3 Monaten bei euch.<\/li>\n<\/ul>\n<p>Wie immer bei meinen Aktionen &#8211; s\u00e4mtliche Geb\u00fchren sind, im Gegensatz zu anderen Angeboten, bereits inkludiert. Versand erfolgt ausschlie\u00dflich aus Deutschland, es fallen keine Zoll- und Importgeb\u00fchren an. Ihr kauft keine Katze im Sack \ud83d\ude42<\/p>\n<p>Ma\u00dfe der Statue:<br \/>\nGr\u00f6\u00dfe: H56cm x W20cm x D20cm<br \/>\nGewicht: TBA, gesch\u00e4tzt: ca. 18 kg<\/p>\n<p>You are not prepared! \ud83d\ude42<\/p>","protected":false},"excerpt":{"rendered":"<p>Final Fantasy &#8211; Tifa Lockhart &#8218; 1:4 Resin Statue &#8218; von Pink Pink Studio Tolle Statue der Kindheitsfreundin von Cloud aus seiner Nibelheim Zeit. Wunderbar verarbeitete und sehr detaillierte Tifa Statue aus Polystone &#8211; k\u00fcnstlichem Stein-Harz-Gemisch. Besonderheiten: Kleidung kann ausgezogen werden weltweit auf 499 St\u00fcck begrenzt Release-Status: Released. Ab Bestellzeitpunkt in ca. 2-3 Monaten bei [&hellip;]<\/p>\n","protected":false},"featured_media":2767,"comment_status":"closed","ping_status":"closed","template":"","meta":[],"product_brand":[],"product_cat":[197,81,567],"product_tag":[666,717,640,658,720,723,722,719,721,147,251,198,201,724,725,199,200,154,255,136,137,379,381,552,380,382,547,257,258,718],"class_list":{"0":"post-2766","1":"product","2":"type-product","3":"status-publish","4":"has-post-thumbnail","6":"product_cat-final-fantasy","7":"product_cat-statuen-computerspieluniversum","8":"product_cat-in_stock_warehouse_china","9":"product_tag-anime-figuren-shop","10":"product_tag-anime-shop","11":"product_tag-anime-statuen","12":"product_tag-anime-toys","13":"product_tag-cloud-collectible","14":"product_tag-cloud-figur","15":"product_tag-cloud-figurine","16":"product_tag-cloud-strife","17":"product_tag-cloud-toys","18":"product_tag-collectibles","19":"product_tag-collectibles-kaufen","20":"product_tag-final-fantasy","21":"product_tag-final-fantasy-7-remake","22":"product_tag-final-fantasy-cloud","23":"product_tag-final-fantasy-cloud-toy","24":"product_tag-final-fantasy-collectibles","25":"product_tag-final-fantasy-statuen","26":"product_tag-resin-collectibles","27":"product_tag-resin-collectibles-kaufen","28":"product_tag-resin-statuen","29":"product_tag-resin-statuen-kaufen","30":"product_tag-statue-collectible","31":"product_tag-statue-collectibles","32":"product_tag-statue-collector","33":"product_tag-statues-collectible","34":"product_tag-statues-collectibles","35":"product_tag-statues-collector","36":"product_tag-tifa-lockhart","37":"product_tag-tifa-lockhart-collectible","38":"product_tag-toys","39":"pa_brand-pink-pink-studio","40":"pa_scale-1_to_4","42":"first","43":"instock","44":"taxable","45":"shipping-taxable","46":"product-type-simple"},"_links":{"self":[{"href":"https:\/\/store.handsomecake.com\/en\/wp-json\/wp\/v2\/product\/2766","targetHints":{"allow":["GET"]}}],"collection":[{"href":"https:\/\/store.handsomecake.com\/en\/wp-json\/wp\/v2\/product"}],"about":[{"href":"https:\/\/store.handsomecake.com\/en\/wp-json\/wp\/v2\/types\/product"}],"replies":[{"embeddable":true,"href":"https:\/\/store.handsomecake.com\/en\/wp-json\/wp\/v2\/comments?post=2766"}],"wp:featuredmedia":[{"embeddable":true,"href":"https:\/\/store.handsomecake.com\/en\/wp-json\/wp\/v2\/media\/2767"}],"wp:attachment":[{"href":"https:\/\/store.handsomecake.com\/en\/wp-json\/wp\/v2\/media?parent=2766"}],"wp:term":[{"taxonomy":"product_brand","embeddable":true,"href":"https:\/\/store.handsomecake.com\/en\/wp-json\/wp\/v2\/product_brand?post=2766"},{"taxonomy":"product_cat","embeddable":true,"href":"https:\/\/store.handsomecake.com\/en\/wp-json\/wp\/v2\/product_cat?post=2766"},{"taxonomy":"product_tag","embeddable":true,"href":"https:\/\/store.handsomecake.com\/en\/wp-json\/wp\/v2\/product_tag?post=2766"}],"curies":[{"name":"wp","href":"https:\/\/api.w.org\/{rel}","templated":true}]}}