{"id":27645,"date":"2023-12-19T03:53:07","date_gmt":"2023-12-19T03:53:07","guid":{"rendered":"https:\/\/store.handsomecake.com\/product\/super-mario-mario-family-14-resin-statue-von-joy-station-x-yhaha-studio\/"},"modified":"2025-06-27T11:09:12","modified_gmt":"2025-06-27T11:09:12","slug":"super-mario-mario-family-14-resin-statue-von-joy-station-x-yhaha-studio","status":"publish","type":"product","link":"https:\/\/store.handsomecake.com\/en\/product\/super-mario-mario-family-14-resin-statue-von-joy-station-x-yhaha-studio\/","title":{"rendered":"Super Mario &#8211; Mario Family | 1:4 Resin Statue | von JOY Station x YHAHA Studio"},"content":{"rendered":"<p><strong>Super Mario &#8211; Mario Family | 1:4 Resin Statue | von JOY Station x YHAHA Studio<\/strong><\/p>\n<p>I do ship EU-wide, please contact me, should questions arise.<\/p>\n<p>Tolle Statue von Mario Familie (Mario, Luigi, Princess Peach, Toad, Donkey Kong, Magikoopa, Bowser, Blue Spiny Koopa)<br \/>\nWunderbar verarbeitete und sehr detaillierte Mario Family Statue aus Polystone &#8211; k\u00fcnstlichem Stein-Harz-Gemisch.<\/p>\n<p><strong>Besonderheiten:<\/strong><\/p>\n<ul>\n<li>400 St\u00fcck weltweit<\/li>\n<li>EX Version mit Yoshi Figur<\/li>\n<\/ul>\n<p><strong>Release-Status:<\/strong><\/p>\n<ul>\n<li>Preorder. Statue wird sch\u00e4tzungsweise Q2 2024 fertiggestellt und wir erwarten sie bei uns im Lager gegen Ende August 2024.<\/li>\n<li>\u00a0Diese Angabe ist ohne Gew\u00e4hr! Wir leiten nur die Sch\u00e4tzung vom Hersteller weiter.<\/li>\n<li>Falls das Datum \u00fcberschritten wurde und hier immer noch eine Sch\u00e4tzung aus der Vergangenheit steht, dann bedeutet das _NICHT_, dass die Figur bereits im Lager in Deutschland ist. Sie ist _NUR_ dann auf Lager in Deutschland, wenn der Text dies entsprechend sagt und\/oder die Kategorie weiter oben &#8222;Lagernd vor Ort&#8220; hei\u00dft.<\/li>\n<\/ul>\n<p>Wie immer bei meinen Aktionen &#8211; s\u00e4mtliche Geb\u00fchren sind, im Gegensatz zu anderen Angeboten, bereits inkludiert. Versand erfolgt ausschlie\u00dflich aus Deutschland, es fallen keine Zoll- und Importgeb\u00fchren an. Ihr kauft keine Katze im Sack \ud83d\ude42<\/p>\n<p><strong>Ma\u00dfe der Statue:<\/strong><\/p>\n<ul>\n<li>Gr\u00f6\u00dfe : ca. H55cm x W45cm x L58cm<\/li>\n<li>Gewicht: TBA, gesch\u00e4tzt: ca. 14kg<\/li>\n<\/ul>\n<p>You are not prepared! \ud83d\ude42<\/p>","protected":false},"excerpt":{"rendered":"<p>Super Mario &#8211; Mario Family | 1:4 Resin Statue | von JOY Station x YHAHA Studio I do ship EU-wide, please contact me, should questions arise. Tolle Statue von Mario Familie (Mario, Luigi, Princess Peach, Toad, Donkey Kong, Magikoopa, Bowser, Blue Spiny Koopa) Wunderbar verarbeitete und sehr detaillierte Mario Family Statue aus Polystone &#8211; k\u00fcnstlichem [&hellip;]<\/p>\n","protected":false},"featured_media":27648,"comment_status":"closed","ping_status":"closed","template":"","meta":[],"product_brand":[],"product_cat":[24,568,81],"product_tag":[612,659,640,147,795,3108,3110,3115,3111,3116,154,136,137,3109,3107,3112,3113,3114],"class_list":{"0":"post-27645","1":"product","2":"type-product","3":"status-publish","4":"has-post-thumbnail","6":"product_cat-action-figuren","7":"product_cat-preorder","8":"product_cat-statuen-computerspieluniversum","9":"product_tag-anime","10":"product_tag-anime-figuren","11":"product_tag-anime-statuen","12":"product_tag-collectibles","13":"product_tag-handsomecake","14":"product_tag-mario-collectibles-kaufen","15":"product_tag-mario-family","16":"product_tag-mario-resin","17":"product_tag-mario-statue","18":"product_tag-mario-statuen-kaufen","19":"product_tag-resin-collectibles","20":"product_tag-resin-statuen","21":"product_tag-resin-statuen-kaufen","22":"product_tag-super-mario","23":"product_tag-super-mario-collectibles","24":"product_tag-super-mario-collection","25":"product_tag-super-mario-collector","26":"product_tag-super-mario-statue","27":"pa_brand-joy-station-collectibles","28":"pa_scale-1_to_4","30":"first","31":"instock","32":"taxable","33":"shipping-taxable","34":"product-type-variable"},"_links":{"self":[{"href":"https:\/\/store.handsomecake.com\/en\/wp-json\/wp\/v2\/product\/27645","targetHints":{"allow":["GET"]}}],"collection":[{"href":"https:\/\/store.handsomecake.com\/en\/wp-json\/wp\/v2\/product"}],"about":[{"href":"https:\/\/store.handsomecake.com\/en\/wp-json\/wp\/v2\/types\/product"}],"replies":[{"embeddable":true,"href":"https:\/\/store.handsomecake.com\/en\/wp-json\/wp\/v2\/comments?post=27645"}],"wp:featuredmedia":[{"embeddable":true,"href":"https:\/\/store.handsomecake.com\/en\/wp-json\/wp\/v2\/media\/27648"}],"wp:attachment":[{"href":"https:\/\/store.handsomecake.com\/en\/wp-json\/wp\/v2\/media?parent=27645"}],"wp:term":[{"taxonomy":"product_brand","embeddable":true,"href":"https:\/\/store.handsomecake.com\/en\/wp-json\/wp\/v2\/product_brand?post=27645"},{"taxonomy":"product_cat","embeddable":true,"href":"https:\/\/store.handsomecake.com\/en\/wp-json\/wp\/v2\/product_cat?post=27645"},{"taxonomy":"product_tag","embeddable":true,"href":"https:\/\/store.handsomecake.com\/en\/wp-json\/wp\/v2\/product_tag?post=27645"}],"curies":[{"name":"wp","href":"https:\/\/api.w.org\/{rel}","templated":true}]}}