{"id":27628,"date":"2023-12-19T03:51:28","date_gmt":"2023-12-19T03:51:28","guid":{"rendered":"https:\/\/store.handsomecake.com\/product\/dragon-ball-frieza-14-resin-statue-von-clouds-studio\/"},"modified":"2024-06-12T16:16:58","modified_gmt":"2024-06-12T16:16:58","slug":"dragon-ball-frieza-14-resin-statue-von-clouds-studio","status":"publish","type":"product","link":"https:\/\/store.handsomecake.com\/en\/product\/dragon-ball-frieza-14-resin-statue-von-clouds-studio\/","title":{"rendered":"Dragon Ball &#8211; Frieza | 1:4 Resin Statue | von Clouds Studio"},"content":{"rendered":"<p><strong>Dragon Ball &#8211; Frieza | 1:4 Resin Statue | von Clouds Studio<\/strong><\/p>\n<p>I do ship EU-wide, please contact me, should questions arise.<\/p>\n<p><span style=\"color: #ffffff;\"><em><span style=\"background-color: #2c3e50;\">&#8220; I Doubt I Need An Introduction, But Just In Case, I Am The Mighty Frieza&#8230; And Yes, All The Horrible Stories You&#8217;ve Heard Are True.&#8220;\u00a0 <\/span><\/em><\/span><\/p>\n<p>Tolle Statue des Imperators von Unverse 7.<br \/>\nWunderbar verarbeitete und sehr detaillierte Frieza Statue aus Polystone &#8211; k\u00fcnstlichem Stein-Harz-Gemisch.<\/p>\n<p><strong>Besonderheiten:<\/strong><\/p>\n<ul>\n<li>Anime und Manga Farben verf\u00fcgbar<\/li>\n<li>beide Versionen in Gr\u00f6\u00dfen 1:6 und 1:4 erh\u00e4ltlich<\/li>\n<\/ul>\n<p><strong>Release-Status:<\/strong><\/p>\n<ul>\n<li>Vorbestellung, Release erwartet Ende Q4 2024, Collectible bei uns im Lager sch\u00e4tzungsweise Ende Februar 2025.<\/li>\n<li>\u00a0Diese Angabe ist ohne Gew\u00e4hr! Wir leiten nur die Sch\u00e4tzung vom Hersteller weiter.<\/li>\n<li>Falls das Datum \u00fcberschritten wurde und hier immer noch eine Sch\u00e4tzung aus der Vergangenheit steht, dann bedeutet das _NICHT_, dass die Figur bereits im Lager in Deutschland ist. Sie ist _NUR_ dann auf Lager in Deutschland, wenn der Text dies entsprechend sagt und\/oder die Kategorie weiter oben &#8222;Lagernd vor Ort&#8220; hei\u00dft.<\/li>\n<\/ul>\n<p>Wie immer bei meinen Aktionen &#8211; s\u00e4mtliche Geb\u00fchren sind, im Gegensatz zu anderen Angeboten, bereits inkludiert. Versand erfolgt ausschlie\u00dflich aus Deutschland, es fallen keine Zoll- und Importgeb\u00fchren an. Ihr kauft keine Katze im Sack \ud83d\ude42<\/p>\n<p><strong>Ma\u00dfe der Statue:<\/strong><\/p>\n<ul>\n<li>Gr\u00f6\u00dfe(1:6): ca. H41.5cm x W22.5cm x D23.5cm<\/li>\n<li>Gr\u00f6\u00dfe(1:4): ca. H62cm x W34cm x D35cm<\/li>\n<li>Gewicht: TBA, gesch\u00e4tzt 12kg<\/li>\n<\/ul>\n<p>You are not prepared! \ud83d\ude42<\/p>","protected":false},"excerpt":{"rendered":"<p>Dragon Ball &#8211; Frieza | 1:4 Resin Statue | von Clouds Studio I do ship EU-wide, please contact me, should questions arise. &#8220; I Doubt I Need An Introduction, But Just In Case, I Am The Mighty Frieza&#8230; And Yes, All The Horrible Stories You&#8217;ve Heard Are True.&#8220;\u00a0 Tolle Statue des Imperators von Unverse 7. [&hellip;]<\/p>\n","protected":false},"featured_media":27649,"comment_status":"closed","ping_status":"closed","template":"","meta":[],"product_brand":[],"product_cat":[24,87,568,84],"product_tag":[612,659,640,147,190,340,336,338,337,191,97,339,795,154,136,137],"class_list":{"0":"post-27628","1":"product","2":"type-product","3":"status-publish","4":"has-post-thumbnail","6":"product_cat-action-figuren","7":"product_cat-dragon-ball","8":"product_cat-preorder","9":"product_cat-statuen-anime-comic-universum","10":"product_tag-anime","11":"product_tag-anime-figuren","12":"product_tag-anime-statuen","13":"product_tag-collectibles","14":"product_tag-dragon-ball-collectibles","15":"product_tag-dragon-ball-collectibles-kaufen","16":"product_tag-dragon-ball-frieza","17":"product_tag-dragon-ball-frieza-collectible","18":"product_tag-dragon-ball-frieza-statue","19":"product_tag-dragon-ball-resin","20":"product_tag-dragon-ball-statue","21":"product_tag-dragon-ball-statuen-kaufen","22":"product_tag-handsomecake","23":"product_tag-resin-collectibles","24":"product_tag-resin-statuen","25":"product_tag-resin-statuen-kaufen","26":"pa_brand-clouds-studio","28":"first","29":"instock","30":"taxable","31":"shipping-taxable","32":"product-type-variable"},"_links":{"self":[{"href":"https:\/\/store.handsomecake.com\/en\/wp-json\/wp\/v2\/product\/27628","targetHints":{"allow":["GET"]}}],"collection":[{"href":"https:\/\/store.handsomecake.com\/en\/wp-json\/wp\/v2\/product"}],"about":[{"href":"https:\/\/store.handsomecake.com\/en\/wp-json\/wp\/v2\/types\/product"}],"replies":[{"embeddable":true,"href":"https:\/\/store.handsomecake.com\/en\/wp-json\/wp\/v2\/comments?post=27628"}],"wp:featuredmedia":[{"embeddable":true,"href":"https:\/\/store.handsomecake.com\/en\/wp-json\/wp\/v2\/media\/27649"}],"wp:attachment":[{"href":"https:\/\/store.handsomecake.com\/en\/wp-json\/wp\/v2\/media?parent=27628"}],"wp:term":[{"taxonomy":"product_brand","embeddable":true,"href":"https:\/\/store.handsomecake.com\/en\/wp-json\/wp\/v2\/product_brand?post=27628"},{"taxonomy":"product_cat","embeddable":true,"href":"https:\/\/store.handsomecake.com\/en\/wp-json\/wp\/v2\/product_cat?post=27628"},{"taxonomy":"product_tag","embeddable":true,"href":"https:\/\/store.handsomecake.com\/en\/wp-json\/wp\/v2\/product_tag?post=27628"}],"curies":[{"name":"wp","href":"https:\/\/api.w.org\/{rel}","templated":true}]}}