{"id":27622,"date":"2023-12-19T03:49:28","date_gmt":"2023-12-19T03:49:28","guid":{"rendered":"https:\/\/store.handsomecake.com\/product\/one-piece-brook-14-resin-statue-von-lx-studio\/"},"modified":"2024-06-12T16:17:10","modified_gmt":"2024-06-12T16:17:10","slug":"one-piece-brook-14-resin-statue-von-lx-studio","status":"publish","type":"product","link":"https:\/\/store.handsomecake.com\/en\/product\/one-piece-brook-14-resin-statue-von-lx-studio\/","title":{"rendered":"One Piece &#8211; Brook | 1:6 Resin Statue | von LX Studio"},"content":{"rendered":"<p><strong>One Piece &#8211; Brook | 1:6 Resin Statue | von LX Studio<\/strong><\/p>\n<p>I do ship EU-wide, please contact me, should questions arise.<\/p>\n<p>Tolle Statue vom &#8222;Soul King&#8220;, dem Musikanten der Strohhutbande<br \/>\nWunderbar verarbeitete und sehr detaillierte Brook Statue aus Polystone &#8211; k\u00fcnstlichem Stein-Harz-Gemisch.<\/p>\n<p><strong>Besonderheiten:<\/strong><\/p>\n<ul>\n<li>499 St\u00fcck weltweit<\/li>\n<li><strong>A Version:<\/strong> &#8220; 2 years later &#8220; Brook + kleine schwarze Statue als Geschenk<\/li>\n<li><strong>B Version:<\/strong> &#8220; Ghost Island &#8220; Brook + kleine gr\u00fcne Statue als Geschenk<\/li>\n<li><strong>C Version:<\/strong> King Of Soul Effekt (ohne Brook)<\/li>\n<\/ul>\n<p><strong>Release-Status:<\/strong><\/p>\n<ul>\n<li>Preorder. Statue wird sch\u00e4tzungsweise Q2 2024 fertiggestellt und wir erwarten sie bei uns im Lager gegen Ende August 2024.<\/li>\n<li>\u00a0Diese Angabe ist ohne Gew\u00e4hr! Wir leiten nur die Sch\u00e4tzung vom Hersteller weiter.<\/li>\n<li>Falls das Datum \u00fcberschritten wurde und hier immer noch eine Sch\u00e4tzung aus der Vergangenheit steht, dann bedeutet das _NICHT_, dass die Figur bereits im Lager in Deutschland ist. Sie ist _NUR_ dann auf Lager in Deutschland, wenn der Text dies entsprechend sagt und\/oder die Kategorie weiter oben &#8222;Lagernd vor Ort&#8220; hei\u00dft.<\/li>\n<\/ul>\n<p>Wie immer bei meinen Aktionen &#8211; s\u00e4mtliche Geb\u00fchren sind, im Gegensatz zu anderen Angeboten, bereits inkludiert. Versand erfolgt ausschlie\u00dflich aus Deutschland, es fallen keine Zoll- und Importgeb\u00fchren an. Ihr kauft keine Katze im Sack \ud83d\ude42<\/p>\n<p><strong>Ma\u00dfe der Statue:<\/strong><\/p>\n<ul>\n<li>Gr\u00f6\u00dfe (A) : ca. H36cm x W21cm x D19cm<\/li>\n<li>Gr\u00f6\u00dfe (B) : ca. H34cm x W22cm x D20cm<\/li>\n<li>Gr\u00f6\u00dfe (C) : ca. H52cm x W45cm x D31cm<\/li>\n<li>Gewicht: TBA, gesch\u00e4tzt: ca. 12kg<\/li>\n<\/ul>\n<p>You are not prepared! \ud83d\ude42<\/p>","protected":false},"excerpt":{"rendered":"<p>One Piece &#8211; Brook | 1:6 Resin Statue | von LX Studio I do ship EU-wide, please contact me, should questions arise. Tolle Statue vom &#8222;Soul King&#8220;, dem Musikanten der Strohhutbande Wunderbar verarbeitete und sehr detaillierte Brook Statue aus Polystone &#8211; k\u00fcnstlichem Stein-Harz-Gemisch. Besonderheiten: 499 St\u00fcck weltweit A Version: &#8220; 2 years later &#8220; Brook [&hellip;]<\/p>\n","protected":false},"featured_media":27650,"comment_status":"closed","ping_status":"closed","template":"","meta":[],"product_brand":[],"product_cat":[24,89,568,84],"product_tag":[663,664,662,640,3100,3101,3102,3103,3104,147,251,620,3105,3106,164,502,165,166,154,136,137,379,381,665,380,382],"class_list":{"0":"post-27622","1":"product","2":"type-product","3":"status-publish","4":"has-post-thumbnail","6":"product_cat-action-figuren","7":"product_cat-one-piece","8":"product_cat-preorder","9":"product_cat-statuen-anime-comic-universum","10":"product_tag-anime-figur-shop","11":"product_tag-anime-figuren-one-piece","12":"product_tag-anime-statue-shop","13":"product_tag-anime-statuen","14":"product_tag-brook","15":"product_tag-brook-collectible","16":"product_tag-brook-figure","17":"product_tag-brook-one-piece","18":"product_tag-brook-statue","19":"product_tag-collectibles","20":"product_tag-collectibles-kaufen","21":"product_tag-luffy-figurine","22":"product_tag-one-piece-brook","23":"product_tag-one-piece-brook-statue","24":"product_tag-one-piece-collectibles","25":"product_tag-one-piece-resin","26":"product_tag-one-piece-statue","27":"product_tag-one-piece-statuen","28":"product_tag-resin-collectibles","29":"product_tag-resin-statuen","30":"product_tag-resin-statuen-kaufen","31":"product_tag-statue-collectible","32":"product_tag-statue-collectibles","33":"product_tag-statuen-shop","34":"product_tag-statues-collectible","35":"product_tag-statues-collectibles","36":"pa_brand-lx-studio","37":"pa_scale-1_to_6","39":"first","40":"instock","41":"taxable","42":"shipping-taxable","43":"product-type-variable"},"_links":{"self":[{"href":"https:\/\/store.handsomecake.com\/en\/wp-json\/wp\/v2\/product\/27622","targetHints":{"allow":["GET"]}}],"collection":[{"href":"https:\/\/store.handsomecake.com\/en\/wp-json\/wp\/v2\/product"}],"about":[{"href":"https:\/\/store.handsomecake.com\/en\/wp-json\/wp\/v2\/types\/product"}],"replies":[{"embeddable":true,"href":"https:\/\/store.handsomecake.com\/en\/wp-json\/wp\/v2\/comments?post=27622"}],"wp:featuredmedia":[{"embeddable":true,"href":"https:\/\/store.handsomecake.com\/en\/wp-json\/wp\/v2\/media\/27650"}],"wp:attachment":[{"href":"https:\/\/store.handsomecake.com\/en\/wp-json\/wp\/v2\/media?parent=27622"}],"wp:term":[{"taxonomy":"product_brand","embeddable":true,"href":"https:\/\/store.handsomecake.com\/en\/wp-json\/wp\/v2\/product_brand?post=27622"},{"taxonomy":"product_cat","embeddable":true,"href":"https:\/\/store.handsomecake.com\/en\/wp-json\/wp\/v2\/product_cat?post=27622"},{"taxonomy":"product_tag","embeddable":true,"href":"https:\/\/store.handsomecake.com\/en\/wp-json\/wp\/v2\/product_tag?post=27622"}],"curies":[{"name":"wp","href":"https:\/\/api.w.org\/{rel}","templated":true}]}}