{"id":27475,"date":"2023-12-13T02:44:49","date_gmt":"2023-12-13T02:44:49","guid":{"rendered":"https:\/\/store.handsomecake.com\/product\/genshin-impact-yae-miko-14-resin-statue-von-fallen-angel-studio\/"},"modified":"2024-06-12T16:16:39","modified_gmt":"2024-06-12T16:16:39","slug":"genshin-impact-yae-miko-14-resin-statue-von-fallen-angel-studio","status":"publish","type":"product","link":"https:\/\/store.handsomecake.com\/en\/product\/genshin-impact-yae-miko-14-resin-statue-von-fallen-angel-studio\/","title":{"rendered":"Genshin Impact &#8211; Yae Miko | 1:4 Resin Statue | von Fallen Angel Studio"},"content":{"rendered":"<p><strong>Genshin Impact &#8211; Yae Miko | 1:4 Resin Statue | von Fallen Angel Studio<\/strong><\/p>\n<p>EU Taxfree! I do ship EU-wide, please contact me, should questions arise.<\/p>\n<p><em><span style=\"color: #ffffff;\"><span style=\"background-color: #2c3e50;\">\u00a0&#8220; Die Guuji des Narukami-Schreins und Chefredakteurin des &#8222;Verlagshaus Yae&#8220;. Hinter ihrem sch\u00f6nen Aussehen verbergen sich unerwartete Intelligenz und Gerissenheit . &#8220;\u00a0 <\/span><\/span><\/em><\/p>\n<p>Tolle Statue von der \u00e4ltesten Tochter des Kamisato-Klans.<br \/>\nWunderbar verarbeitete und sehr detaillierte Kamisato Ayaka aus Polystone &#8211; k\u00fcnstlichem Stein-Harz-Gemisch.<\/p>\n<p><strong>Besonderheiten:<\/strong><\/p>\n<ul>\n<li>weltweit 199 St\u00fcck<\/li>\n<li>Exclusive Version ( Regular Version + Bikini Version<\/li>\n<li>Regular Version und Bikini Version sind auch separat erh\u00e4ltlich<\/li>\n<\/ul>\n<p><strong>Release-Status:<\/strong><\/p>\n<ul>\n<li>Preorder. Statue wird voraussichtlich Q1 2024 released und wir erwarten sie sch\u00e4tzungsweise Ende Mai 2024 im Lager.<\/li>\n<\/ul>\n<p>Wie immer bei meinen Aktionen &#8211; s\u00e4mtliche Geb\u00fchren sind, im Gegensatz zu anderen Angeboten, bereits inkludiert. Versand erfolgt ausschlie\u00dflich aus Deutschland, es fallen keine Zoll- und Importgeb\u00fchren an. Ihr kauft keine Katze im Sack \ud83d\ude42<\/p>\n<p><strong>Ma\u00dfe der Statue:<\/strong><\/p>\n<ul>\n<li>Gr\u00f6\u00dfe: ca. H52cm x D39cm x W39cm<\/li>\n<li>Gewicht: TBA, gesch\u00e4tzt: ca. 12 kg<\/li>\n<\/ul>\n<p>You are not prepared! \ud83d\ude42<\/p>","protected":false},"excerpt":{"rendered":"<p>Genshin Impact &#8211; Yae Miko | 1:4 Resin Statue | von Fallen Angel Studio EU Taxfree! I do ship EU-wide, please contact me, should questions arise. \u00a0&#8220; Die Guuji des Narukami-Schreins und Chefredakteurin des &#8222;Verlagshaus Yae&#8220;. Hinter ihrem sch\u00f6nen Aussehen verbergen sich unerwartete Intelligenz und Gerissenheit . &#8220;\u00a0 Tolle Statue von der \u00e4ltesten Tochter des [&hellip;]<\/p>\n","protected":false},"featured_media":27566,"comment_status":"closed","ping_status":"closed","template":"","meta":[],"product_brand":[],"product_cat":[24,568,84],"product_tag":[612,663,664,666,717,794,662,640,658,1463,479,147,251,2347,2350,2346,3005,2351,2352,2353,3006,795,154,255,136,137,379,381,552,665,380,382,547,3009,3007,3008],"class_list":{"0":"post-27475","1":"product","2":"type-product","3":"status-publish","4":"has-post-thumbnail","6":"product_cat-action-figuren","7":"product_cat-preorder","8":"product_cat-statuen-anime-comic-universum","9":"product_tag-anime","10":"product_tag-anime-figur-shop","11":"product_tag-anime-figuren-one-piece","12":"product_tag-anime-figuren-shop","13":"product_tag-anime-shop","14":"product_tag-anime-statue","15":"product_tag-anime-statue-shop","16":"product_tag-anime-statuen","17":"product_tag-anime-toys","18":"product_tag-battle-through-the-heavens-toys","19":"product_tag-collectible","20":"product_tag-collectibles","21":"product_tag-collectibles-kaufen","22":"product_tag-genshin-impact","23":"product_tag-genshin-impact-collectibles","24":"product_tag-genshin-impact-figurine","25":"product_tag-genshin-impact-miko","26":"product_tag-genshin-impact-resin","27":"product_tag-genshin-impact-statue","28":"product_tag-genshin-impact-statuen","29":"product_tag-genshin-impact-yae-miko","30":"product_tag-handsomecake","31":"product_tag-resin-collectibles","32":"product_tag-resin-collectibles-kaufen","33":"product_tag-resin-statuen","34":"product_tag-resin-statuen-kaufen","35":"product_tag-statue-collectible","36":"product_tag-statue-collectibles","37":"product_tag-statue-collector","38":"product_tag-statuen-shop","39":"product_tag-statues-collectible","40":"product_tag-statues-collectibles","41":"product_tag-statues-collector","42":"product_tag-yae-miko","43":"product_tag-yae-miko-collectible","44":"product_tag-yae-miko-figur","46":"first","47":"instock","48":"taxable","49":"shipping-taxable","50":"product-type-variable"},"_links":{"self":[{"href":"https:\/\/store.handsomecake.com\/en\/wp-json\/wp\/v2\/product\/27475","targetHints":{"allow":["GET"]}}],"collection":[{"href":"https:\/\/store.handsomecake.com\/en\/wp-json\/wp\/v2\/product"}],"about":[{"href":"https:\/\/store.handsomecake.com\/en\/wp-json\/wp\/v2\/types\/product"}],"replies":[{"embeddable":true,"href":"https:\/\/store.handsomecake.com\/en\/wp-json\/wp\/v2\/comments?post=27475"}],"wp:featuredmedia":[{"embeddable":true,"href":"https:\/\/store.handsomecake.com\/en\/wp-json\/wp\/v2\/media\/27566"}],"wp:attachment":[{"href":"https:\/\/store.handsomecake.com\/en\/wp-json\/wp\/v2\/media?parent=27475"}],"wp:term":[{"taxonomy":"product_brand","embeddable":true,"href":"https:\/\/store.handsomecake.com\/en\/wp-json\/wp\/v2\/product_brand?post=27475"},{"taxonomy":"product_cat","embeddable":true,"href":"https:\/\/store.handsomecake.com\/en\/wp-json\/wp\/v2\/product_cat?post=27475"},{"taxonomy":"product_tag","embeddable":true,"href":"https:\/\/store.handsomecake.com\/en\/wp-json\/wp\/v2\/product_tag?post=27475"}],"curies":[{"name":"wp","href":"https:\/\/api.w.org\/{rel}","templated":true}]}}