{"id":27472,"date":"2023-12-13T02:37:44","date_gmt":"2023-12-13T02:37:44","guid":{"rendered":"https:\/\/store.handsomecake.com\/product\/final-fantasy-beatrix-14-resin-statue-von-solar-studio\/"},"modified":"2024-06-12T16:16:29","modified_gmt":"2024-06-12T16:16:29","slug":"final-fantasy-beatrix-14-resin-statue-von-solar-studio","status":"publish","type":"product","link":"https:\/\/store.handsomecake.com\/en\/product\/final-fantasy-beatrix-14-resin-statue-von-solar-studio\/","title":{"rendered":"Final Fantasy &#8211; Beatrix | 1:4 Resin Statue | von Solar Studio"},"content":{"rendered":"<p><strong>Final Fantasy &#8211; Beatrix | 1:4 Resin Statue | von Solar Studio<\/strong><\/p>\n<p>EU Taxfree! I do ship EU-wide, please contact me, should questions arise.<\/p>\n<p><span style=\"color: #ffffff;\"><em><span style=\"background-color: #2c3e50;\">\u00a0&#8220; I once killed a hundred knights single-handedly&#8230; to me, you two are nothing more than insects. &#8220;\u00a0 <\/span><\/em><\/span><\/p>\n<p>Tolle Statuen von Gener\u00e4lin Beatrix.<br \/>\nWunderbar verarbeitete und sehr detaillierte Beatrix aus Polystone &#8211; k\u00fcnstlichem Stein-Harz-Gemisch.<\/p>\n<p><strong>Besonderheiten:<\/strong><\/p>\n<ul>\n<li>Schwertklinge aus echtem Metall<\/li>\n<\/ul>\n<p><strong>Release-Status:<\/strong><\/p>\n<ul>\n<li>Preorder. Statue wird voraussichtlich Ende Q1 2024 released. Wir erwarten sie bei uns gegen Ende Mai 2024.<\/li>\n<\/ul>\n<p>Wie immer bei meinen Aktionen &#8211; s\u00e4mtliche Geb\u00fchren sind, im Gegensatz zu anderen Angeboten, bereits inkludiert. Versand erfolgt ausschlie\u00dflich aus Deutschland, es fallen keine Zoll- und Importgeb\u00fchren an. Ihr kauft keine Katze im Sack \ud83d\ude42<\/p>\n<p><strong>Ma\u00dfe der Statue:<\/strong><\/p>\n<ul>\n<li>Gr\u00f6\u00dfe: H53cm x W30cm x D36.5cm<\/li>\n<li>Gewicht : TBA, gesch\u00e4tzt: ca. 12kg<\/li>\n<\/ul>\n<p>You are not prepared! \ud83d\ude42<\/p>","protected":false},"excerpt":{"rendered":"<p>Final Fantasy &#8211; Beatrix | 1:4 Resin Statue | von Solar Studio EU Taxfree! I do ship EU-wide, please contact me, should questions arise. \u00a0&#8220; I once killed a hundred knights single-handedly&#8230; to me, you two are nothing more than insects. &#8220;\u00a0 Tolle Statuen von Gener\u00e4lin Beatrix. Wunderbar verarbeitete und sehr detaillierte Beatrix aus Polystone [&hellip;]<\/p>\n","protected":false},"featured_media":27479,"comment_status":"closed","ping_status":"closed","template":"","meta":[],"product_brand":[],"product_cat":[15],"product_tag":[3098,3097,3099,198,201,3095,3096,199,822,200,795,154,255,136,137,379,381,552,665,380,382,547],"class_list":{"0":"post-27472","1":"product","2":"type-product","3":"status-publish","4":"has-post-thumbnail","6":"product_cat-sonstiges","7":"product_tag-beatrix","8":"product_tag-beatrix-collectible","9":"product_tag-beatrix-statue","10":"product_tag-final-fantasy","11":"product_tag-final-fantasy-7-remake","12":"product_tag-final-fantasy-beatrix","13":"product_tag-final-fantasy-beatrix-toy","14":"product_tag-final-fantasy-collectibles","15":"product_tag-final-fantasy-resin","16":"product_tag-final-fantasy-statuen","17":"product_tag-handsomecake","18":"product_tag-resin-collectibles","19":"product_tag-resin-collectibles-kaufen","20":"product_tag-resin-statuen","21":"product_tag-resin-statuen-kaufen","22":"product_tag-statue-collectible","23":"product_tag-statue-collectibles","24":"product_tag-statue-collector","25":"product_tag-statuen-shop","26":"product_tag-statues-collectible","27":"product_tag-statues-collectibles","28":"product_tag-statues-collector","29":"pa_brand-solar-eclipse-studio","30":"pa_scale-1_to_4","32":"first","33":"instock","34":"taxable","35":"shipping-taxable","36":"product-type-simple"},"_links":{"self":[{"href":"https:\/\/store.handsomecake.com\/en\/wp-json\/wp\/v2\/product\/27472","targetHints":{"allow":["GET"]}}],"collection":[{"href":"https:\/\/store.handsomecake.com\/en\/wp-json\/wp\/v2\/product"}],"about":[{"href":"https:\/\/store.handsomecake.com\/en\/wp-json\/wp\/v2\/types\/product"}],"replies":[{"embeddable":true,"href":"https:\/\/store.handsomecake.com\/en\/wp-json\/wp\/v2\/comments?post=27472"}],"wp:featuredmedia":[{"embeddable":true,"href":"https:\/\/store.handsomecake.com\/en\/wp-json\/wp\/v2\/media\/27479"}],"wp:attachment":[{"href":"https:\/\/store.handsomecake.com\/en\/wp-json\/wp\/v2\/media?parent=27472"}],"wp:term":[{"taxonomy":"product_brand","embeddable":true,"href":"https:\/\/store.handsomecake.com\/en\/wp-json\/wp\/v2\/product_brand?post=27472"},{"taxonomy":"product_cat","embeddable":true,"href":"https:\/\/store.handsomecake.com\/en\/wp-json\/wp\/v2\/product_cat?post=27472"},{"taxonomy":"product_tag","embeddable":true,"href":"https:\/\/store.handsomecake.com\/en\/wp-json\/wp\/v2\/product_tag?post=27472"}],"curies":[{"name":"wp","href":"https:\/\/api.w.org\/{rel}","templated":true}]}}