{"id":27414,"date":"2023-12-10T23:52:38","date_gmt":"2023-12-10T23:52:38","guid":{"rendered":"https:\/\/store.handsomecake.com\/product\/starcraft-sarah-kerrigan-14-resin-statue-von-sunbird-studio\/"},"modified":"2024-06-12T16:16:10","modified_gmt":"2024-06-12T16:16:10","slug":"starcraft-sarah-kerrigan-14-resin-statue-von-sunbird-studio","status":"publish","type":"product","link":"https:\/\/store.handsomecake.com\/en\/product\/starcraft-sarah-kerrigan-14-resin-statue-von-sunbird-studio\/","title":{"rendered":"Starcraft &#8211; Sarah Kerrigan | 1:4 Resin Statue | von Sunbird Studio"},"content":{"rendered":"<p><strong>Starcraft &#8211; Sarah Kerrigan | 1:4 Resin Statue | von Sunbird Studio<\/strong><\/p>\n<p>EU Taxfree! I do ship EU-wide, please contact me, should questions arise.<\/p>\n<p>Tolle Statue der Schwarmk\u00f6nigin in ihrer Ghost-Form<\/p>\n<p><span style=\"color: #ffffff;\"><em><span style=\"background-color: #2c3e50;\">&#8222;I am the Swarm. Armies will be shattered. Worlds will burn. Now at last, on this world, vengeance shall be mine. For I am the Queen of Blades.&#8220;<\/span><\/em><\/span><\/p>\n<p>Wunderbar verarbeitete und sehr detaillierte Kerrigan Statue aus Polystone &#8211; k\u00fcnstlichem Stein-Harz-Gemisch.<\/p>\n<p><strong>Besonderheiten:<\/strong><\/p>\n<ul>\n<li>keine<\/li>\n<\/ul>\n<p><strong>Release-Status:<\/strong><\/p>\n<ul>\n<li>Preorder. Voraussichtlicher Release-Termin: Q3 2024, voraussichtlich bei uns im Lager: Ende Oktober 2024.<\/li>\n<\/ul>\n<p>Wie immer bei meinen Aktionen &#8211; s\u00e4mtliche Geb\u00fchren sind, im Gegensatz zu anderen Angeboten, bereits inkludiert. Versand erfolgt ausschlie\u00dflich aus Deutschland, es fallen keine Zoll- und Importgeb\u00fchren an. Ihr kauft keine Katze im Sack \ud83d\ude42<\/p>\n<p><strong>Ma\u00dfe der Statue:<\/strong><\/p>\n<ul>\n<li>Gr\u00f6\u00dfe: ca. H60cm x L36cm x W35cm<\/li>\n<li>Gewicht: ca. 14 kg (gesch\u00e4tzt)<\/li>\n<\/ul>\n<p>You are not prepared! \ud83d\ude42<\/p>","protected":false},"excerpt":{"rendered":"<p>Starcraft &#8211; Sarah Kerrigan | 1:4 Resin Statue | von Sunbird Studio EU Taxfree! I do ship EU-wide, please contact me, should questions arise. Tolle Statue der Schwarmk\u00f6nigin in ihrer Ghost-Form &#8222;I am the Swarm. Armies will be shattered. Worlds will burn. Now at last, on this world, vengeance shall be mine. For I am [&hellip;]<\/p>\n","protected":false},"featured_media":27452,"comment_status":"closed","ping_status":"closed","template":"","meta":[],"product_brand":[],"product_cat":[24,568,192,81],"product_tag":[612,663,664,794,662,640,658,147,251,795,314,154,136,137,209,364,366,210,365,193,194,310,309,311,665,380,382,718],"class_list":{"0":"post-27414","1":"product","2":"type-product","3":"status-publish","4":"has-post-thumbnail","6":"product_cat-action-figuren","7":"product_cat-preorder","8":"product_cat-starcraft","9":"product_cat-statuen-computerspieluniversum","10":"product_tag-anime","11":"product_tag-anime-figur-shop","12":"product_tag-anime-figuren-one-piece","13":"product_tag-anime-statue","14":"product_tag-anime-statue-shop","15":"product_tag-anime-statuen","16":"product_tag-anime-toys","17":"product_tag-collectibles","18":"product_tag-collectibles-kaufen","19":"product_tag-handsomecake","20":"product_tag-mayflies-studio","21":"product_tag-resin-collectibles","22":"product_tag-resin-statuen","23":"product_tag-resin-statuen-kaufen","24":"product_tag-sarah-kerrigan","25":"product_tag-sarah-kerrigan-collectible","26":"product_tag-sarah-kerrigan-collectible-kaufen","27":"product_tag-sarah-kerrigan-statue","28":"product_tag-sarah-kerrigan-statue-kaufen","29":"product_tag-starcraft","30":"product_tag-starcraft-collectibles","31":"product_tag-starcraft-collectibles-kaufen","32":"product_tag-starcraft-statuen","33":"product_tag-starcraft-statuen-kaufen","34":"product_tag-statuen-shop","35":"product_tag-statues-collectible","36":"product_tag-statues-collectibles","37":"product_tag-toys","38":"pa_brand-sunbird-studio","39":"pa_scale-1_to_4","41":"first","42":"instock","43":"taxable","44":"shipping-taxable","45":"product-type-simple"},"_links":{"self":[{"href":"https:\/\/store.handsomecake.com\/en\/wp-json\/wp\/v2\/product\/27414","targetHints":{"allow":["GET"]}}],"collection":[{"href":"https:\/\/store.handsomecake.com\/en\/wp-json\/wp\/v2\/product"}],"about":[{"href":"https:\/\/store.handsomecake.com\/en\/wp-json\/wp\/v2\/types\/product"}],"replies":[{"embeddable":true,"href":"https:\/\/store.handsomecake.com\/en\/wp-json\/wp\/v2\/comments?post=27414"}],"wp:featuredmedia":[{"embeddable":true,"href":"https:\/\/store.handsomecake.com\/en\/wp-json\/wp\/v2\/media\/27452"}],"wp:attachment":[{"href":"https:\/\/store.handsomecake.com\/en\/wp-json\/wp\/v2\/media?parent=27414"}],"wp:term":[{"taxonomy":"product_brand","embeddable":true,"href":"https:\/\/store.handsomecake.com\/en\/wp-json\/wp\/v2\/product_brand?post=27414"},{"taxonomy":"product_cat","embeddable":true,"href":"https:\/\/store.handsomecake.com\/en\/wp-json\/wp\/v2\/product_cat?post=27414"},{"taxonomy":"product_tag","embeddable":true,"href":"https:\/\/store.handsomecake.com\/en\/wp-json\/wp\/v2\/product_tag?post=27414"}],"curies":[{"name":"wp","href":"https:\/\/api.w.org\/{rel}","templated":true}]}}