{"id":27404,"date":"2023-12-10T23:51:13","date_gmt":"2023-12-10T23:51:13","guid":{"rendered":"https:\/\/store.handsomecake.com\/product\/final-fantasy-tifa-lockhart-14-resin-statue-von-spring-palace-studio\/"},"modified":"2025-08-28T11:27:25","modified_gmt":"2025-08-28T11:27:25","slug":"final-fantasy-tifa-lockhart-14-resin-statue-von-spring-palace-studio","status":"publish","type":"product","link":"https:\/\/store.handsomecake.com\/en\/product\/final-fantasy-tifa-lockhart-14-resin-statue-von-spring-palace-studio\/","title":{"rendered":"Final Fantasy &#8211; Tifa Lockhart | 1:4 Resin Statue | von Spring Palace Studio"},"content":{"rendered":"<p><strong>Final Fantasy &#8211; Tifa Lockhart | 1:4 Resin Statue | von Spring Palace Studio<\/strong><\/p>\n<p>EU Taxfree! I do ship EU-wide, please contact me, should questions arise.<\/p>\n<p>Tolle Statue der Kindheitsfreundin von Cloud aus seiner Nibelheim Zeit.<br \/>\nWunderbar verarbeitete und sehr detaillierte &#8222;Urinate Tifa&#8220; Statue aus Polystone &#8211; k\u00fcnstlichem Stein-Harz-Gemisch.<\/p>\n<p><strong>Besonderheiten<\/strong>:<\/p>\n<ul>\n<li>EX Version mit mit austauschbaren nackten Silikonf\u00fc\u00dfen<\/li>\n<li>auch Regular Version verf\u00fcgbar<\/li>\n<li>weltweit 198 St\u00fcck<\/li>\n<\/ul>\n<p><strong>Release-Status:<\/strong><\/p>\n<ul>\n<li>Vorbestellung, Release erwartet Ende Q3 2024, Collectible bei uns im Lager sch\u00e4tzungsweise Ende Oktober 2024.<\/li>\n<\/ul>\n<p>Wie immer bei meinen Aktionen &#8211; s\u00e4mtliche Geb\u00fchren sind, im Gegensatz zu anderen Angeboten, bereits inkludiert. Versand erfolgt ausschlie\u00dflich aus Deutschland, es fallen keine Zoll- und Importgeb\u00fchren an. Ihr kauft keine Katze im Sack \ud83d\ude42<\/p>\n<p><strong>Ma\u00dfe der Statue:<\/strong><\/p>\n<ul>\n<li>Gr\u00f6\u00dfe: H34cm x W25cm x D25cm<\/li>\n<li>Gewicht: TBA, gesch\u00e4tzt: ca. 11 kg<\/li>\n<\/ul>\n<p>You are not prepared! \ud83d\ude42<\/p>","protected":false},"excerpt":{"rendered":"<p>Final Fantasy &#8211; Tifa Lockhart | 1:4 Resin Statue | von Spring Palace Studio EU Taxfree! I do ship EU-wide, please contact me, should questions arise. Tolle Statue der Kindheitsfreundin von Cloud aus seiner Nibelheim Zeit. Wunderbar verarbeitete und sehr detaillierte &#8222;Urinate Tifa&#8220; Statue aus Polystone &#8211; k\u00fcnstlichem Stein-Harz-Gemisch. Besonderheiten: EX Version mit mit austauschbaren [&hellip;]<\/p>\n","protected":false},"featured_media":27443,"comment_status":"closed","ping_status":"closed","template":"","meta":[],"product_brand":[],"product_cat":[24,197,2196,568,81],"product_tag":[612,666,717,794,662,640,658,147,251,198,201,199,822,200,1109,1110,795,154,255,136,137,379,381,552,665,380,382,547,1111,257,258,1112,1113,718],"class_list":{"0":"post-27404","1":"product","2":"type-product","3":"status-publish","4":"has-post-thumbnail","6":"product_cat-action-figuren","7":"product_cat-final-fantasy","8":"product_cat-hadaka-matsuri","9":"product_cat-preorder","10":"product_cat-statuen-computerspieluniversum","11":"product_tag-anime","12":"product_tag-anime-figuren-shop","13":"product_tag-anime-shop","14":"product_tag-anime-statue","15":"product_tag-anime-statue-shop","16":"product_tag-anime-statuen","17":"product_tag-anime-toys","18":"product_tag-collectibles","19":"product_tag-collectibles-kaufen","20":"product_tag-final-fantasy","21":"product_tag-final-fantasy-7-remake","22":"product_tag-final-fantasy-collectibles","23":"product_tag-final-fantasy-resin","24":"product_tag-final-fantasy-statuen","25":"product_tag-final-fantasy-tifa","26":"product_tag-final-fantasy-tifa-toy","27":"product_tag-handsomecake","28":"product_tag-resin-collectibles","29":"product_tag-resin-collectibles-kaufen","30":"product_tag-resin-statuen","31":"product_tag-resin-statuen-kaufen","32":"product_tag-statue-collectible","33":"product_tag-statue-collectibles","34":"product_tag-statue-collector","35":"product_tag-statuen-shop","36":"product_tag-statues-collectible","37":"product_tag-statues-collectibles","38":"product_tag-statues-collector","39":"product_tag-tifa-collectible","40":"product_tag-tifa-lockhart","41":"product_tag-tifa-lockhart-collectible","42":"product_tag-tifa-statue","43":"product_tag-tifa-toys","44":"product_tag-toys","45":"pa_brand-spring-palace-studio","46":"pa_scale-1_to_4","48":"first","49":"instock","50":"taxable","51":"shipping-taxable","52":"product-type-variable"},"_links":{"self":[{"href":"https:\/\/store.handsomecake.com\/en\/wp-json\/wp\/v2\/product\/27404","targetHints":{"allow":["GET"]}}],"collection":[{"href":"https:\/\/store.handsomecake.com\/en\/wp-json\/wp\/v2\/product"}],"about":[{"href":"https:\/\/store.handsomecake.com\/en\/wp-json\/wp\/v2\/types\/product"}],"replies":[{"embeddable":true,"href":"https:\/\/store.handsomecake.com\/en\/wp-json\/wp\/v2\/comments?post=27404"}],"wp:featuredmedia":[{"embeddable":true,"href":"https:\/\/store.handsomecake.com\/en\/wp-json\/wp\/v2\/media\/27443"}],"wp:attachment":[{"href":"https:\/\/store.handsomecake.com\/en\/wp-json\/wp\/v2\/media?parent=27404"}],"wp:term":[{"taxonomy":"product_brand","embeddable":true,"href":"https:\/\/store.handsomecake.com\/en\/wp-json\/wp\/v2\/product_brand?post=27404"},{"taxonomy":"product_cat","embeddable":true,"href":"https:\/\/store.handsomecake.com\/en\/wp-json\/wp\/v2\/product_cat?post=27404"},{"taxonomy":"product_tag","embeddable":true,"href":"https:\/\/store.handsomecake.com\/en\/wp-json\/wp\/v2\/product_tag?post=27404"}],"curies":[{"name":"wp","href":"https:\/\/api.w.org\/{rel}","templated":true}]}}