{"id":27251,"date":"2023-12-05T02:50:06","date_gmt":"2023-12-05T02:50:06","guid":{"rendered":"https:\/\/store.handsomecake.com\/product\/jujutsu-kaisen-geto-suguru-16-resin-statue-von-niren-studio\/"},"modified":"2025-01-26T11:51:21","modified_gmt":"2025-01-26T11:51:21","slug":"jujutsu-kaisen-geto-suguru-16-resin-statue-von-niren-studio","status":"publish","type":"product","link":"https:\/\/store.handsomecake.com\/en\/product\/jujutsu-kaisen-geto-suguru-16-resin-statue-von-niren-studio\/","title":{"rendered":"Jujutsu Kaisen &#8211; Geto Suguru | 1:6 Resin Statue | von Niren Studio"},"content":{"rendered":"<p><strong>Jujutsu Kaisen &#8211; Geto Suguru | 1:6 Resin Statue | von Niren Studio<\/strong><\/p>\n<p>I do ship EU-wide, please contact me, should questions arise.<\/p>\n<p>Tolle Statue des talentierten Jujutsu-Zauberers.<br \/>\nWunderbar verarbeitete und sehr detaillierte Geto Suguru Statue aus Polystone &#8211; k\u00fcnstlichem Stein-Harz-Gemisch.<\/p>\n<p><strong>Besonderheiten<\/strong>:<\/p>\n<ul>\n<li>mit LED<\/li>\n<\/ul>\n<p><strong>Release-Status:<\/strong><\/p>\n<ul>\n<li>Preorder. Statue wird voraussichtlich in Q3 2024 released und wir erwarten sie sch\u00e4tzungsweise Ende Oktober 2024 bei uns im Warenlager.<\/li>\n<\/ul>\n<p>Wie immer bei meinen Aktionen &#8211; s\u00e4mtliche Geb\u00fchren sind, im Gegensatz zu anderen Angeboten, bereits inkludiert. Versand erfolgt ausschlie\u00dflich aus Deutschland, es fallen keine Zoll- und Importgeb\u00fchren an. Ihr kauft keine Katze im Sack \ud83d\ude42<\/p>\n<p><strong>Ma\u00dfe der Statue:<\/strong><\/p>\n<ul>\n<li>Gr\u00f6\u00dfe: ca. H60cm x L58cm x D52cm<\/li>\n<li>Gewicht: TBA, ca. 15kg (gesch\u00e4tzt)<\/li>\n<\/ul>\n<p>You are not prepared! \ud83d\ude42<\/p>","protected":false},"excerpt":{"rendered":"<p>Jujutsu Kaisen &#8211; Geto Suguru | 1:6 Resin Statue | von Niren Studio I do ship EU-wide, please contact me, should questions arise. Tolle Statue des talentierten Jujutsu-Zauberers. Wunderbar verarbeitete und sehr detaillierte Geto Suguru Statue aus Polystone &#8211; k\u00fcnstlichem Stein-Harz-Gemisch. Besonderheiten: mit LED Release-Status: Preorder. Statue wird voraussichtlich in Q3 2024 released und wir [&hellip;]<\/p>\n","protected":false},"featured_media":27295,"comment_status":"closed","ping_status":"closed","template":"","meta":[],"product_brand":[],"product_cat":[24,1237,568,84],"product_tag":[612,659,666,658,147,251,383,553,3035,3039,3037,3041,3042,3038,795,1369,3040,1372,1374,154,136,554,2927,379,381,552,547,3036],"class_list":{"0":"post-27251","1":"product","2":"type-product","3":"status-publish","4":"has-post-thumbnail","6":"product_cat-action-figuren","7":"product_cat-jujutsu-kaisen","8":"product_cat-preorder","9":"product_cat-statuen-anime-comic-universum","10":"product_tag-anime","11":"product_tag-anime-figuren","12":"product_tag-anime-figuren-shop","13":"product_tag-anime-toys","14":"product_tag-collectibles","15":"product_tag-collectibles-kaufen","16":"product_tag-collector","17":"product_tag-figure-collector","18":"product_tag-geto","19":"product_tag-geto-suguru","20":"product_tag-geto-suguru-collectibles","21":"product_tag-geto-suguru-resin","22":"product_tag-geto-suguru-statue","23":"product_tag-geto-suguru-toys","24":"product_tag-handsomecake","25":"product_tag-jujutsu-kaisen","26":"product_tag-jujutsu-kaisen-geto-suguru","27":"product_tag-jujutsu-kaisen-statue","28":"product_tag-jujutsu-kaisen-toys","29":"product_tag-resin-collectibles","30":"product_tag-resin-statuen","31":"product_tag-resin-statues","32":"product_tag-satoru-gojo","33":"product_tag-statue-collectible","34":"product_tag-statue-collectibles","35":"product_tag-statue-collector","36":"product_tag-statues-collector","37":"product_tag-suguru","38":"pa_brand-niren-studio","39":"pa_scale-1_to_6","41":"first","42":"instock","43":"taxable","44":"shipping-taxable","45":"product-type-simple"},"_links":{"self":[{"href":"https:\/\/store.handsomecake.com\/en\/wp-json\/wp\/v2\/product\/27251","targetHints":{"allow":["GET"]}}],"collection":[{"href":"https:\/\/store.handsomecake.com\/en\/wp-json\/wp\/v2\/product"}],"about":[{"href":"https:\/\/store.handsomecake.com\/en\/wp-json\/wp\/v2\/types\/product"}],"replies":[{"embeddable":true,"href":"https:\/\/store.handsomecake.com\/en\/wp-json\/wp\/v2\/comments?post=27251"}],"wp:featuredmedia":[{"embeddable":true,"href":"https:\/\/store.handsomecake.com\/en\/wp-json\/wp\/v2\/media\/27295"}],"wp:attachment":[{"href":"https:\/\/store.handsomecake.com\/en\/wp-json\/wp\/v2\/media?parent=27251"}],"wp:term":[{"taxonomy":"product_brand","embeddable":true,"href":"https:\/\/store.handsomecake.com\/en\/wp-json\/wp\/v2\/product_brand?post=27251"},{"taxonomy":"product_cat","embeddable":true,"href":"https:\/\/store.handsomecake.com\/en\/wp-json\/wp\/v2\/product_cat?post=27251"},{"taxonomy":"product_tag","embeddable":true,"href":"https:\/\/store.handsomecake.com\/en\/wp-json\/wp\/v2\/product_tag?post=27251"}],"curies":[{"name":"wp","href":"https:\/\/api.w.org\/{rel}","templated":true}]}}