{"id":27249,"date":"2023-12-05T02:48:17","date_gmt":"2023-12-05T02:48:17","guid":{"rendered":"https:\/\/store.handsomecake.com\/product\/warhammer-40k-titus-16-resin-statue-von-weta-workshop\/"},"modified":"2024-12-05T15:33:05","modified_gmt":"2024-12-05T15:33:05","slug":"warhammer-40k-titus-16-resin-statue-von-weta-workshop","status":"publish","type":"product","link":"https:\/\/store.handsomecake.com\/en\/product\/warhammer-40k-titus-16-resin-statue-von-weta-workshop\/","title":{"rendered":"Warhammer 40k &#8211; Titus | 1:6 Resin Statue | von Weta Workshop"},"content":{"rendered":"<p><strong>Warhammer 40k &#8211; Titus | 1:6 Resin Statue | von Weta Workshop<\/strong><\/p>\n<p>I do ship EU-wide, please contact me, should questions arise.<\/p>\n<p>Tolle Statue von dem Captain der Ultramarines.<br \/>\nWunderbar verarbeitete und sehr detaillierte Titus Statue aus Polystone &#8211; k\u00fcnstlichem Stein-Harz-Gemisch.<\/p>\n<p><strong>Besonderheiten:<\/strong><\/p>\n<ul>\n<li>Limited Edition &#8211; mit austauschbarer Waffe (Hammer + Powerchainsaw)<\/li>\n<li>Beide Versionen haben austauschbare K\u00f6pfe &#8211; Helm &amp; Kopf ohne Helm<\/li>\n<\/ul>\n<p><strong>Release-Status:<\/strong><\/p>\n<ul>\n<li>Preorder. Statue wird sch\u00e4tzungsweise Q3 2024 fertiggestellt und wir erwarten sie bei uns im Lager gegen Ende Oktober 2024.<\/li>\n<\/ul>\n<p>Wie immer bei meinen Aktionen &#8211; s\u00e4mtliche Geb\u00fchren sind, im Gegensatz zu anderen Angeboten, bereits inkludiert. Versand erfolgt ausschlie\u00dflich aus Deutschland, es fallen keine Zoll- und Importgeb\u00fchren an. Ihr kauft keine Katze im Sack \ud83d\ude42<\/p>\n<p><strong>Ma\u00dfe der Statue:<\/strong><\/p>\n<ul>\n<li>Gr\u00f6\u00dfe: ca. H60.5cm x W51.5cm x D47cm<\/li>\n<li>Gewicht: TBA, gesch\u00e4tzt: ca. 22kg<\/li>\n<\/ul>\n<p>You are not prepared! \ud83d\ude42<\/p>","protected":false},"excerpt":{"rendered":"<p>Warhammer 40k &#8211; Titus | 1:6 Resin Statue | von Weta Workshop I do ship EU-wide, please contact me, should questions arise. Tolle Statue von dem Captain der Ultramarines. Wunderbar verarbeitete und sehr detaillierte Titus Statue aus Polystone &#8211; k\u00fcnstlichem Stein-Harz-Gemisch. Besonderheiten: Limited Edition &#8211; mit austauschbarer Waffe (Hammer + Powerchainsaw) Beide Versionen haben austauschbare [&hellip;]<\/p>\n","protected":false},"featured_media":27271,"comment_status":"closed","ping_status":"closed","template":"","meta":[],"product_brand":[],"product_cat":[24,568,81],"product_tag":[3056,3057,154,2455,136,3055,3050,3059,3048,3049,3053,3052,3054,3058,3051],"class_list":{"0":"post-27249","1":"product","2":"type-product","3":"status-publish","4":"has-post-thumbnail","6":"product_cat-action-figuren","7":"product_cat-preorder","8":"product_cat-statuen-computerspieluniversum","9":"product_tag-captain-titus","10":"product_tag-resin","11":"product_tag-resin-collectibles","12":"product_tag-resin-statue","13":"product_tag-resin-statuen","14":"product_tag-titis-statue","15":"product_tag-titus","16":"product_tag-titus-resin-statue","17":"product_tag-warhammer","18":"product_tag-warhammer-40k","19":"product_tag-warhammer-40k-collection","20":"product_tag-warhammer-40k-titus","21":"product_tag-warhammer-collector","22":"product_tag-warhammer-resin-statue","23":"product_tag-warhammer-titus","24":"pa_brand-weta-workshop","25":"pa_scale-1_to_6","27":"first","28":"outofstock","29":"taxable","30":"shipping-taxable","31":"product-type-variable"},"_links":{"self":[{"href":"https:\/\/store.handsomecake.com\/en\/wp-json\/wp\/v2\/product\/27249","targetHints":{"allow":["GET"]}}],"collection":[{"href":"https:\/\/store.handsomecake.com\/en\/wp-json\/wp\/v2\/product"}],"about":[{"href":"https:\/\/store.handsomecake.com\/en\/wp-json\/wp\/v2\/types\/product"}],"replies":[{"embeddable":true,"href":"https:\/\/store.handsomecake.com\/en\/wp-json\/wp\/v2\/comments?post=27249"}],"wp:featuredmedia":[{"embeddable":true,"href":"https:\/\/store.handsomecake.com\/en\/wp-json\/wp\/v2\/media\/27271"}],"wp:attachment":[{"href":"https:\/\/store.handsomecake.com\/en\/wp-json\/wp\/v2\/media?parent=27249"}],"wp:term":[{"taxonomy":"product_brand","embeddable":true,"href":"https:\/\/store.handsomecake.com\/en\/wp-json\/wp\/v2\/product_brand?post=27249"},{"taxonomy":"product_cat","embeddable":true,"href":"https:\/\/store.handsomecake.com\/en\/wp-json\/wp\/v2\/product_cat?post=27249"},{"taxonomy":"product_tag","embeddable":true,"href":"https:\/\/store.handsomecake.com\/en\/wp-json\/wp\/v2\/product_tag?post=27249"}],"curies":[{"name":"wp","href":"https:\/\/api.w.org\/{rel}","templated":true}]}}