{"id":27101,"date":"2023-11-30T03:09:32","date_gmt":"2023-11-30T03:09:32","guid":{"rendered":"https:\/\/store.handsomecake.com\/product\/one-piece-dracule-mihawk-16-resin-statue-von-lx-studio\/"},"modified":"2024-06-12T16:15:24","modified_gmt":"2024-06-12T16:15:24","slug":"one-piece-dracule-mihawk-16-resin-statue-von-lx-studio","status":"publish","type":"product","link":"https:\/\/store.handsomecake.com\/en\/product\/one-piece-dracule-mihawk-16-resin-statue-von-lx-studio\/","title":{"rendered":"One Piece &#8211; Dracule Mihawk | 1:6 Resin Statue | von LX Studio"},"content":{"rendered":"<p><strong>One Piece &#8211; Dracule Mihawk | 1:6 Resin Statue | von LX Studio<\/strong><\/p>\n<p>I do ship EU-wide, please contact me, should questions arise.<\/p>\n<p>Tolle Statue des besten Schwertmeisters der Welt.<br \/>\nWunderbar verarbeitete und sehr detaillierte Mihawk Statue aus Polystone &#8211; k\u00fcnstlichem Stein-Harz-Gemisch.<\/p>\n<p><strong>Besonderheiten<\/strong>:<\/p>\n<ul>\n<li>weltweit auf 499 St\u00fcck begrenzt.<\/li>\n<li>A-Version: mit erhobener Hand , die das Schwert h\u00e4lt.<\/li>\n<li>B-Version: mit gesenkter Hand, die das Schwert h\u00e4lt.<\/li>\n<\/ul>\n<p><strong>Release-Status:<\/strong><\/p>\n<ul>\n<li>Pre order. Release ca. Ende Q2 2024 erwartet, bei uns im Lager voraussichtlich Ende August 2024.<\/li>\n<\/ul>\n<p>Wie immer bei meinen Aktionen &#8211; s\u00e4mtliche Geb\u00fchren sind, im Gegensatz zu anderen Angeboten, bereits inkludiert. Versand erfolgt ausschlie\u00dflich aus Deutschland, es fallen keine Zoll- und Importgeb\u00fchren an. Ihr kauft keine Katze im Sack \ud83d\ude42<\/p>\n<p><strong>Ma\u00dfe der Statue:<\/strong><\/p>\n<ul>\n<li>Gr\u00f6\u00dfe (A): ca. H33cm x W22cm x D16cm<\/li>\n<li>Gr\u00f6\u00dfe (B): ca. H30cm x W22cm x D16cm<\/li>\n<li>Gewicht: ca 8 kg<\/li>\n<\/ul>\n<p>You are not prepared! \ud83d\ude42<\/p>","protected":false},"excerpt":{"rendered":"<p>One Piece &#8211; Dracule Mihawk | 1:6 Resin Statue | von LX Studio I do ship EU-wide, please contact me, should questions arise. Tolle Statue des besten Schwertmeisters der Welt. Wunderbar verarbeitete und sehr detaillierte Mihawk Statue aus Polystone &#8211; k\u00fcnstlichem Stein-Harz-Gemisch. Besonderheiten: weltweit auf 499 St\u00fcck begrenzt. A-Version: mit erhobener Hand , die das [&hellip;]<\/p>\n","protected":false},"featured_media":27139,"comment_status":"closed","ping_status":"closed","template":"","meta":[],"product_brand":[],"product_cat":[24,89,568,84],"product_tag":[612,664,666,717,794,662,640,658,479,147,251,795,3022,3023,3024,3025,164,502,165,154,255,136,137,379,381,552,380],"class_list":{"0":"post-27101","1":"product","2":"type-product","3":"status-publish","4":"has-post-thumbnail","6":"product_cat-action-figuren","7":"product_cat-one-piece","8":"product_cat-preorder","9":"product_cat-statuen-anime-comic-universum","10":"product_tag-anime","11":"product_tag-anime-figuren-one-piece","12":"product_tag-anime-figuren-shop","13":"product_tag-anime-shop","14":"product_tag-anime-statue","15":"product_tag-anime-statue-shop","16":"product_tag-anime-statuen","17":"product_tag-anime-toys","18":"product_tag-collectible","19":"product_tag-collectibles","20":"product_tag-collectibles-kaufen","21":"product_tag-handsomecake","22":"product_tag-mihawk","23":"product_tag-mihawk-collectible","24":"product_tag-mihawk-one-piece","25":"product_tag-mihawk-statue","26":"product_tag-one-piece-collectibles","27":"product_tag-one-piece-resin","28":"product_tag-one-piece-statue","29":"product_tag-resin-collectibles","30":"product_tag-resin-collectibles-kaufen","31":"product_tag-resin-statuen","32":"product_tag-resin-statuen-kaufen","33":"product_tag-statue-collectible","34":"product_tag-statue-collectibles","35":"product_tag-statue-collector","36":"product_tag-statues-collectible","37":"pa_brand-lx-studio","38":"pa_scale-1_to_6","40":"first","41":"instock","42":"taxable","43":"shipping-taxable","44":"product-type-variable"},"_links":{"self":[{"href":"https:\/\/store.handsomecake.com\/en\/wp-json\/wp\/v2\/product\/27101","targetHints":{"allow":["GET"]}}],"collection":[{"href":"https:\/\/store.handsomecake.com\/en\/wp-json\/wp\/v2\/product"}],"about":[{"href":"https:\/\/store.handsomecake.com\/en\/wp-json\/wp\/v2\/types\/product"}],"replies":[{"embeddable":true,"href":"https:\/\/store.handsomecake.com\/en\/wp-json\/wp\/v2\/comments?post=27101"}],"wp:featuredmedia":[{"embeddable":true,"href":"https:\/\/store.handsomecake.com\/en\/wp-json\/wp\/v2\/media\/27139"}],"wp:attachment":[{"href":"https:\/\/store.handsomecake.com\/en\/wp-json\/wp\/v2\/media?parent=27101"}],"wp:term":[{"taxonomy":"product_brand","embeddable":true,"href":"https:\/\/store.handsomecake.com\/en\/wp-json\/wp\/v2\/product_brand?post=27101"},{"taxonomy":"product_cat","embeddable":true,"href":"https:\/\/store.handsomecake.com\/en\/wp-json\/wp\/v2\/product_cat?post=27101"},{"taxonomy":"product_tag","embeddable":true,"href":"https:\/\/store.handsomecake.com\/en\/wp-json\/wp\/v2\/product_tag?post=27101"}],"curies":[{"name":"wp","href":"https:\/\/api.w.org\/{rel}","templated":true}]}}