{"id":27098,"date":"2023-11-30T03:07:26","date_gmt":"2023-11-30T03:07:26","guid":{"rendered":"https:\/\/store.handsomecake.com\/product\/dragon-ball-goku-black-11-resin-bust-von-zenkai-studio\/"},"modified":"2024-06-12T16:15:32","modified_gmt":"2024-06-12T16:15:32","slug":"dragon-ball-goku-black-11-resin-bust-von-zenkai-studio","status":"publish","type":"product","link":"https:\/\/store.handsomecake.com\/en\/product\/dragon-ball-goku-black-11-resin-bust-von-zenkai-studio\/","title":{"rendered":"Dragon Ball \u2013 Goku Black | 1:1 Resin Bust | von Zenkai Studio"},"content":{"rendered":"<p>Dragon Ball \u2013 Goku Black | 1:1 Resin Bust | von Zenkai Studio<\/p>\n<p>EU Taxfree! I do ship EU-wide, please contact me, should questions arise.<\/p>\n<p>Tolle B\u00fcste von Goku Black in Super Saiyan Rose Form.<br \/>\nWunderbar verarbeitete und sehr detaillierte lifesize B\u00fcste von Goku Black aus Polystone &#8211; k\u00fcnstlichem Stein-Harz-Gemisch.<\/p>\n<p><strong>Besonderheiten<\/strong>:<\/p>\n<ul>\n<li>EX Version(weltweit nur 50 St\u00fcck)<\/li>\n<li>Regular Version (weltweit nur 100 St\u00fcck)<\/li>\n<\/ul>\n<p><strong>Release-Status:<\/strong><\/p>\n<ul>\n<li>Preorder. Release ca. Q3 2024 erwartet, bei uns im Lager voraussichtlich Ende Oktober 2024.<\/li>\n<\/ul>\n<p>Wie immer bei meinen Artikeln &#8211; s\u00e4mtliche Geb\u00fchren sind, im Gegensatz zu anderen Angeboten, bereits inkludiert. Versand erfolgt ausschlie\u00dflich aus Deutschland, es fallen keine Zoll- und Importgeb\u00fchren an. Ihr kauft keine Katze im Sack \ud83d\ude42<\/p>\n<p><strong>Ma\u00dfe der B\u00fcste:<\/strong><\/p>\n<ul>\n<li>Gr\u00f6\u00dfe(EX): ca. H100cm x D47cm x W86cm<\/li>\n<li>Gr\u00f6\u00dfe(Regular): ca. H100cm x D48cm x W63cm<\/li>\n<li>Gewicht: \u00fcber 28kg (gesch\u00e4tzt)<\/li>\n<\/ul>\n<p>You are not prepared! \ud83d\ude42<\/p>","protected":false},"excerpt":{"rendered":"<p>Dragon Ball \u2013 Goku Black | 1:1 Resin Bust | von Zenkai Studio EU Taxfree! I do ship EU-wide, please contact me, should questions arise. Tolle B\u00fcste von Goku Black in Super Saiyan Rose Form. Wunderbar verarbeitete und sehr detaillierte lifesize B\u00fcste von Goku Black aus Polystone &#8211; k\u00fcnstlichem Stein-Harz-Gemisch. Besonderheiten: EX Version(weltweit nur 50 [&hellip;]<\/p>\n","protected":false},"featured_media":27138,"comment_status":"closed","ping_status":"closed","template":"","meta":[],"product_brand":[],"product_cat":[24,87,568,84],"product_tag":[147,251,190,471,191,171,346,97,98,674,469,470,154,136,137,1273,472,379,381,380,382,96,675,95],"class_list":{"0":"post-27098","1":"product","2":"type-product","3":"status-publish","4":"has-post-thumbnail","6":"product_cat-action-figuren","7":"product_cat-dragon-ball","8":"product_cat-preorder","9":"product_cat-statuen-anime-comic-universum","10":"product_tag-collectibles","11":"product_tag-collectibles-kaufen","12":"product_tag-dragon-ball-collectibles","13":"product_tag-dragon-ball-lifesize","14":"product_tag-dragon-ball-resin","15":"product_tag-dragon-ball-son-goku","16":"product_tag-dragon-ball-son-goku-collectible","17":"product_tag-dragon-ball-statue","18":"product_tag-dragon-ball-vegeta","19":"product_tag-dragon-ball-z-vegeta","20":"product_tag-lifesize-collectibles","21":"product_tag-lifesize-statuen","22":"product_tag-resin-collectibles","23":"product_tag-resin-statuen","24":"product_tag-resin-statuen-kaufen","25":"product_tag-resincollectors","26":"product_tag-son-goku-statue","27":"product_tag-statue-collectible","28":"product_tag-statue-collectibles","29":"product_tag-statues-collectible","30":"product_tag-statues-collectibles","31":"product_tag-vegeta","32":"product_tag-vegeta-collectible","33":"product_tag-vegeta-statue","34":"pa_brand-zenkai-studio","35":"pa_scale-1_to_1","37":"first","38":"instock","39":"taxable","40":"shipping-taxable","41":"product-type-variable"},"_links":{"self":[{"href":"https:\/\/store.handsomecake.com\/en\/wp-json\/wp\/v2\/product\/27098","targetHints":{"allow":["GET"]}}],"collection":[{"href":"https:\/\/store.handsomecake.com\/en\/wp-json\/wp\/v2\/product"}],"about":[{"href":"https:\/\/store.handsomecake.com\/en\/wp-json\/wp\/v2\/types\/product"}],"replies":[{"embeddable":true,"href":"https:\/\/store.handsomecake.com\/en\/wp-json\/wp\/v2\/comments?post=27098"}],"wp:featuredmedia":[{"embeddable":true,"href":"https:\/\/store.handsomecake.com\/en\/wp-json\/wp\/v2\/media\/27138"}],"wp:attachment":[{"href":"https:\/\/store.handsomecake.com\/en\/wp-json\/wp\/v2\/media?parent=27098"}],"wp:term":[{"taxonomy":"product_brand","embeddable":true,"href":"https:\/\/store.handsomecake.com\/en\/wp-json\/wp\/v2\/product_brand?post=27098"},{"taxonomy":"product_cat","embeddable":true,"href":"https:\/\/store.handsomecake.com\/en\/wp-json\/wp\/v2\/product_cat?post=27098"},{"taxonomy":"product_tag","embeddable":true,"href":"https:\/\/store.handsomecake.com\/en\/wp-json\/wp\/v2\/product_tag?post=27098"}],"curies":[{"name":"wp","href":"https:\/\/api.w.org\/{rel}","templated":true}]}}