{"id":27086,"date":"2023-11-30T03:04:19","date_gmt":"2023-11-30T03:04:19","guid":{"rendered":"https:\/\/store.handsomecake.com\/product\/one-piece-god-usopp-16-resin-statue-von-initial-aspiration-studio\/"},"modified":"2024-06-12T16:15:02","modified_gmt":"2024-06-12T16:15:02","slug":"one-piece-god-usopp-16-resin-statue-von-initial-aspiration-studio","status":"publish","type":"product","link":"https:\/\/store.handsomecake.com\/en\/product\/one-piece-god-usopp-16-resin-statue-von-initial-aspiration-studio\/","title":{"rendered":"One Piece &#8211; God Usopp | 1:6 Resin Statue | von Initial aspiration Studio"},"content":{"rendered":"<p><strong>One Piece &#8211; God Usopp | 1:6 Resin Statue | von Initial aspiration Studio<\/strong><\/p>\n<p>I do ship EU-wide, please contact me, should questions arise.<\/p>\n<p>Tolle Statue von &#8222;Scharfsch\u00fctzen&#8220; der Strohhutbande<br \/>\nWunderbar verarbeitete und sehr detaillierte God Usopp Statue aus Polystone &#8211; k\u00fcnstlichem Stein-Harz-Gemisch.<\/p>\n<p><strong>Besonderheiten:<\/strong><\/p>\n<ul>\n<li>keine<\/li>\n<\/ul>\n<p><strong>Release-Status:<\/strong><\/p>\n<ul>\n<li>Preorder. Statue wird sch\u00e4tzungsweise Q4 2024 fertiggestellt und wir erwarten sie bei uns im Lager gegen Ende Februar 2025.<\/li>\n<\/ul>\n<p>Wie immer bei meinen Aktionen &#8211; s\u00e4mtliche Geb\u00fchren sind, im Gegensatz zu anderen Angeboten, bereits inkludiert. Versand erfolgt ausschlie\u00dflich aus Deutschland, es fallen keine Zoll- und Importgeb\u00fchren an. Ihr kauft keine Katze im Sack \ud83d\ude42<\/p>\n<p><strong>Ma\u00dfe der Statue:<\/strong><\/p>\n<ul>\n<li>Gr\u00f6\u00dfe: ca. H55.5cm x W66.2cm x D51.3cm<\/li>\n<li>Gewicht: TBA, gesch\u00e4tzt: ca. 16kg<\/li>\n<\/ul>\n<p>You are not prepared! \ud83d\ude42<\/p>","protected":false},"excerpt":{"rendered":"<p>One Piece &#8211; God Usopp | 1:6 Resin Statue | von Initial aspiration Studio I do ship EU-wide, please contact me, should questions arise. Tolle Statue von &#8222;Scharfsch\u00fctzen&#8220; der Strohhutbande Wunderbar verarbeitete und sehr detaillierte God Usopp Statue aus Polystone &#8211; k\u00fcnstlichem Stein-Harz-Gemisch. Besonderheiten: keine Release-Status: Preorder. Statue wird sch\u00e4tzungsweise Q4 2024 fertiggestellt und wir [&hellip;]<\/p>\n","protected":false},"featured_media":27124,"comment_status":"closed","ping_status":"closed","template":"","meta":[],"product_brand":[],"product_cat":[24,89,568,84],"product_tag":[612,664,666,717,794,662,640,658,479,147,251,3030,795,164,502,165,154,255,136,137,379,381,552,380,3026,3027,3028,3029],"class_list":{"0":"post-27086","1":"product","2":"type-product","3":"status-publish","4":"has-post-thumbnail","6":"product_cat-action-figuren","7":"product_cat-one-piece","8":"product_cat-preorder","9":"product_cat-statuen-anime-comic-universum","10":"product_tag-anime","11":"product_tag-anime-figuren-one-piece","12":"product_tag-anime-figuren-shop","13":"product_tag-anime-shop","14":"product_tag-anime-statue","15":"product_tag-anime-statue-shop","16":"product_tag-anime-statuen","17":"product_tag-anime-toys","18":"product_tag-collectible","19":"product_tag-collectibles","20":"product_tag-collectibles-kaufen","21":"product_tag-god-usopp","22":"product_tag-handsomecake","23":"product_tag-one-piece-collectibles","24":"product_tag-one-piece-resin","25":"product_tag-one-piece-statue","26":"product_tag-resin-collectibles","27":"product_tag-resin-collectibles-kaufen","28":"product_tag-resin-statuen","29":"product_tag-resin-statuen-kaufen","30":"product_tag-statue-collectible","31":"product_tag-statue-collectibles","32":"product_tag-statue-collector","33":"product_tag-statues-collectible","34":"product_tag-usopp","35":"product_tag-usopp-collectible","36":"product_tag-usopp-one-piece","37":"product_tag-usopp-statue","38":"pa_brand-initial-aspiration-studio","39":"pa_scale-1_to_6","41":"first","42":"instock","43":"taxable","44":"shipping-taxable","45":"product-type-simple"},"_links":{"self":[{"href":"https:\/\/store.handsomecake.com\/en\/wp-json\/wp\/v2\/product\/27086","targetHints":{"allow":["GET"]}}],"collection":[{"href":"https:\/\/store.handsomecake.com\/en\/wp-json\/wp\/v2\/product"}],"about":[{"href":"https:\/\/store.handsomecake.com\/en\/wp-json\/wp\/v2\/types\/product"}],"replies":[{"embeddable":true,"href":"https:\/\/store.handsomecake.com\/en\/wp-json\/wp\/v2\/comments?post=27086"}],"wp:featuredmedia":[{"embeddable":true,"href":"https:\/\/store.handsomecake.com\/en\/wp-json\/wp\/v2\/media\/27124"}],"wp:attachment":[{"href":"https:\/\/store.handsomecake.com\/en\/wp-json\/wp\/v2\/media?parent=27086"}],"wp:term":[{"taxonomy":"product_brand","embeddable":true,"href":"https:\/\/store.handsomecake.com\/en\/wp-json\/wp\/v2\/product_brand?post=27086"},{"taxonomy":"product_cat","embeddable":true,"href":"https:\/\/store.handsomecake.com\/en\/wp-json\/wp\/v2\/product_cat?post=27086"},{"taxonomy":"product_tag","embeddable":true,"href":"https:\/\/store.handsomecake.com\/en\/wp-json\/wp\/v2\/product_tag?post=27086"}],"curies":[{"name":"wp","href":"https:\/\/api.w.org\/{rel}","templated":true}]}}