{"id":27070,"date":"2023-11-30T03:00:16","date_gmt":"2023-11-30T03:00:16","guid":{"rendered":"https:\/\/store.handsomecake.com\/product\/legend-of-zelda-link-zelda-14-resin-statue-von-fairyland-studios\/"},"modified":"2025-12-12T10:44:53","modified_gmt":"2025-12-12T10:44:53","slug":"legend-of-zelda-link-zelda-14-resin-statue-von-fairyland-studios","status":"publish","type":"product","link":"https:\/\/store.handsomecake.com\/en\/product\/legend-of-zelda-link-zelda-14-resin-statue-von-fairyland-studios\/","title":{"rendered":"Legend of Zelda &#8211; Link &amp; Zelda | 1:4 Resin Statue | von FairyLand Studios"},"content":{"rendered":"<p><strong>Legend of Zelda &#8211; Link &amp; Zelda | 1:4 Resin Statue | von FairyLand Studios<\/strong><\/p>\n<p>EU Taxfree! I do ship EU-wide, please contact me, should questions arise.<\/p>\n<p>Tolle Statue von unserem geliebten Hylianer und Prinzessin Zelda.<br \/>\nWunderbar verarbeitete und sehr detaillierte Statue von Link &amp; Zelda aus Polystone &#8211; k\u00fcnstlichem Stein-Harz-Gemisch.<\/p>\n<p><strong>Besonderheiten:<\/strong><br \/>\n<strong>weltweit 188 St\u00fcck<br \/>\nLink und Zelda sind auch separat mit kleinen Sockeln erh\u00e4ltlich.<br \/>\nDie Zelda-Version verf\u00fcgt \u00fcber 2 austauschbare K\u00f6pfe.<br \/>\nDie Zelda- &amp; Link-V<\/strong>ersion mit gro\u00dfem Sockel wird mit einer kleinen Figur als Geschenk geliefert.<\/p>\n<p><strong>Release-Status:<\/strong><\/p>\n<ul>\n<li>Pre order. Release ca. Ende Q3 2024 erwartet, bei uns im Lager voraussichtlich Ende Oktober 2024.<\/li>\n<\/ul>\n<p>Wie immer bei meinen Artikeln &#8211; s\u00e4mtliche Geb\u00fchren sind, im Gegensatz zu anderen Angeboten, bereits inkludiert. Versand erfolgt ausschlie\u00dflich aus Deutschland, es fallen keine Zoll- und Importgeb\u00fchren an. Ihr kauft keine Katze im Sack \ud83d\ude42<\/p>\n<p><strong>Ma\u00dfe der Statue:<\/strong><\/p>\n<ul>\n<li>Gr\u00f6\u00dfe(Zelda): ca. H38cm x cm x cm<\/li>\n<li>Gr\u00f6\u00dfe(Link): ca. H46cm x cm x cm<\/li>\n<li>Gr\u00f6\u00dfe(Zelda &amp; Link): ca. H51cm x W23cm x D22cm<\/li>\n<li>Gewicht: ca. 15kg (gesch\u00e4tzt)<\/li>\n<\/ul>\n<p>You are not prepared! \ud83d\ude42<\/p>","protected":false},"excerpt":{"rendered":"<p>Legend of Zelda &#8211; Link &amp; Zelda | 1:4 Resin Statue | von FairyLand Studios EU Taxfree! I do ship EU-wide, please contact me, should questions arise. Tolle Statue von unserem geliebten Hylianer und Prinzessin Zelda. Wunderbar verarbeitete und sehr detaillierte Statue von Link &amp; Zelda aus Polystone &#8211; k\u00fcnstlichem Stein-Harz-Gemisch. Besonderheiten: weltweit 188 St\u00fcck [&hellip;]<\/p>\n","protected":false},"featured_media":27120,"comment_status":"closed","ping_status":"closed","template":"","meta":[],"product_brand":[],"product_cat":[24,1207,568,81],"product_tag":[612,659,666,658,147,251,383,553,795,1215,1208,1209,1210,1211,1212,1213,154,136,554,379,381,552,547,1216,1214,1218,1217],"class_list":{"0":"post-27070","1":"product","2":"type-product","3":"status-publish","4":"has-post-thumbnail","6":"product_cat-action-figuren","7":"product_cat-legend-of-zelda","8":"product_cat-preorder","9":"product_cat-statuen-computerspieluniversum","10":"product_tag-anime","11":"product_tag-anime-figuren","12":"product_tag-anime-figuren-shop","13":"product_tag-anime-toys","14":"product_tag-collectibles","15":"product_tag-collectibles-kaufen","16":"product_tag-collector","17":"product_tag-figure-collector","18":"product_tag-handsomecake","19":"product_tag-legend-of-zelda","20":"product_tag-link","21":"product_tag-link-collectibles","22":"product_tag-link-resin","23":"product_tag-link-statue","24":"product_tag-link-statues","25":"product_tag-link-toys","26":"product_tag-resin-collectibles","27":"product_tag-resin-statuen","28":"product_tag-resin-statues","29":"product_tag-statue-collectible","30":"product_tag-statue-collectibles","31":"product_tag-statue-collector","32":"product_tag-statues-collector","33":"product_tag-the-legend-of-zelda","34":"product_tag-zelda","35":"product_tag-zelda-collectibles","36":"product_tag-zelda-toys","37":"pa_brand-fairyland-studios","38":"pa_scale-1_to_4","40":"first","41":"instock","42":"taxable","43":"shipping-taxable","44":"product-type-variable"},"_links":{"self":[{"href":"https:\/\/store.handsomecake.com\/en\/wp-json\/wp\/v2\/product\/27070","targetHints":{"allow":["GET"]}}],"collection":[{"href":"https:\/\/store.handsomecake.com\/en\/wp-json\/wp\/v2\/product"}],"about":[{"href":"https:\/\/store.handsomecake.com\/en\/wp-json\/wp\/v2\/types\/product"}],"replies":[{"embeddable":true,"href":"https:\/\/store.handsomecake.com\/en\/wp-json\/wp\/v2\/comments?post=27070"}],"wp:featuredmedia":[{"embeddable":true,"href":"https:\/\/store.handsomecake.com\/en\/wp-json\/wp\/v2\/media\/27120"}],"wp:attachment":[{"href":"https:\/\/store.handsomecake.com\/en\/wp-json\/wp\/v2\/media?parent=27070"}],"wp:term":[{"taxonomy":"product_brand","embeddable":true,"href":"https:\/\/store.handsomecake.com\/en\/wp-json\/wp\/v2\/product_brand?post=27070"},{"taxonomy":"product_cat","embeddable":true,"href":"https:\/\/store.handsomecake.com\/en\/wp-json\/wp\/v2\/product_cat?post=27070"},{"taxonomy":"product_tag","embeddable":true,"href":"https:\/\/store.handsomecake.com\/en\/wp-json\/wp\/v2\/product_tag?post=27070"}],"curies":[{"name":"wp","href":"https:\/\/api.w.org\/{rel}","templated":true}]}}