{"id":26993,"date":"2023-11-27T00:04:21","date_gmt":"2023-11-27T00:04:21","guid":{"rendered":"https:\/\/store.handsomecake.com\/product\/naruto-gaara-14-resin-statue-von-trieagles-studio\/"},"modified":"2024-06-12T16:14:27","modified_gmt":"2024-06-12T16:14:27","slug":"naruto-gaara-14-resin-statue-von-trieagles-studio","status":"publish","type":"product","link":"https:\/\/store.handsomecake.com\/en\/product\/naruto-gaara-14-resin-statue-von-trieagles-studio\/","title":{"rendered":"Naruto &#8211; Gaara | 1:4 Resin Statue | von TriEagles Studio"},"content":{"rendered":"<p><strong>Naruto &#8211; Gaara | 1:4 Resin Statue | von TriEagles Studio<\/strong><\/p>\n<p>EU Taxfree! I do ship EU-wide, please contact me, should questions arise.<\/p>\n<p>Tolle Statue von Gaara aus der W\u00fcste<br \/>\nWunderbar verarbeitete und sehr detaillierte Statue von Gaara aus Polystone &#8211; k\u00fcnstlichem Stein-Harz-Gemisch.<\/p>\n<p><strong>Besonderheiten:<\/strong><\/p>\n<ul>\n<li>weltweit 299 St\u00fcck<\/li>\n<li>mit LED<\/li>\n<\/ul>\n<p><strong>Release-Status:<\/strong><\/p>\n<ul>\n<li>Preorder. Statue wird voraussichtlich Q3 2024 erscheinen und wir erwarten sie voraussichtlich Ende Oktober 2024 im Warenlager.<\/li>\n<\/ul>\n<p>Wie immer bei meinen Artikeln &#8211; s\u00e4mtliche Geb\u00fchren sind, im Gegensatz zu anderen Angeboten, bereits inkludiert. Versand erfolgt ausschlie\u00dflich aus Deutschland, es fallen keine Zoll- und Importgeb\u00fchren an. Ihr kauft keine Katze im Sack \ud83d\ude42<\/p>\n<p><strong>Ma\u00dfe der Statue:<\/strong><\/p>\n<ul>\n<li>Gr\u00f6\u00dfe: ca. H58cm x W53cm x L47cm<\/li>\n<li>Gewicht: TBA, gesch\u00e4tzt: ca. 14kg<\/li>\n<\/ul>\n<p>You are not prepared! \ud83d\ude42<\/p>","protected":false},"excerpt":{"rendered":"<p>Naruto &#8211; Gaara | 1:4 Resin Statue | von TriEagles Studio EU Taxfree! I do ship EU-wide, please contact me, should questions arise. Tolle Statue von Gaara aus der W\u00fcste Wunderbar verarbeitete und sehr detaillierte Statue von Gaara aus Polystone &#8211; k\u00fcnstlichem Stein-Harz-Gemisch. Besonderheiten: weltweit 299 St\u00fcck mit LED Release-Status: Preorder. Statue wird voraussichtlich Q3 [&hellip;]<\/p>\n","protected":false},"featured_media":27044,"comment_status":"closed","ping_status":"closed","template":"","meta":[],"product_brand":[],"product_cat":[24,88,568,84],"product_tag":[656,659,660,657,640,658,147,251,1782,1783,1780,1784,1781,168,1626,170,154,136,137],"class_list":{"0":"post-26993","1":"product","2":"type-product","3":"status-publish","4":"has-post-thumbnail","6":"product_cat-action-figuren","7":"product_cat-naruto","8":"product_cat-preorder","9":"product_cat-statuen-anime-comic-universum","10":"product_tag-anime-collectibles","11":"product_tag-anime-figuren","12":"product_tag-anime-figuren-naruto","13":"product_tag-anime-figures","14":"product_tag-anime-statuen","15":"product_tag-anime-toys","16":"product_tag-collectibles","17":"product_tag-collectibles-kaufen","18":"product_tag-gaara","19":"product_tag-gaara-collectibles","20":"product_tag-gaara-collectibles-kaufen","21":"product_tag-gaara-statue","22":"product_tag-gaara-statuen","23":"product_tag-naruto-collectibles","24":"product_tag-naruto-shippuden","25":"product_tag-naruto-statuen-kaufen","26":"product_tag-resin-collectibles","27":"product_tag-resin-statuen","28":"product_tag-resin-statuen-kaufen","29":"pa_brand-tri-eagles-studio","30":"pa_scale-1_to_4","32":"first","33":"instock","34":"taxable","35":"shipping-taxable","36":"product-type-simple"},"_links":{"self":[{"href":"https:\/\/store.handsomecake.com\/en\/wp-json\/wp\/v2\/product\/26993","targetHints":{"allow":["GET"]}}],"collection":[{"href":"https:\/\/store.handsomecake.com\/en\/wp-json\/wp\/v2\/product"}],"about":[{"href":"https:\/\/store.handsomecake.com\/en\/wp-json\/wp\/v2\/types\/product"}],"replies":[{"embeddable":true,"href":"https:\/\/store.handsomecake.com\/en\/wp-json\/wp\/v2\/comments?post=26993"}],"wp:featuredmedia":[{"embeddable":true,"href":"https:\/\/store.handsomecake.com\/en\/wp-json\/wp\/v2\/media\/27044"}],"wp:attachment":[{"href":"https:\/\/store.handsomecake.com\/en\/wp-json\/wp\/v2\/media?parent=26993"}],"wp:term":[{"taxonomy":"product_brand","embeddable":true,"href":"https:\/\/store.handsomecake.com\/en\/wp-json\/wp\/v2\/product_brand?post=26993"},{"taxonomy":"product_cat","embeddable":true,"href":"https:\/\/store.handsomecake.com\/en\/wp-json\/wp\/v2\/product_cat?post=26993"},{"taxonomy":"product_tag","embeddable":true,"href":"https:\/\/store.handsomecake.com\/en\/wp-json\/wp\/v2\/product_tag?post=26993"}],"curies":[{"name":"wp","href":"https:\/\/api.w.org\/{rel}","templated":true}]}}