{"id":26989,"date":"2023-11-27T00:03:13","date_gmt":"2023-11-27T00:03:13","guid":{"rendered":"https:\/\/store.handsomecake.com\/product\/one-piece-yamato-16-resin-statue-von-dragon-x-pop-studio\/"},"modified":"2024-06-12T16:14:24","modified_gmt":"2024-06-12T16:14:24","slug":"one-piece-yamato-16-resin-statue-von-dragon-x-pop-studio","status":"publish","type":"product","link":"https:\/\/store.handsomecake.com\/en\/product\/one-piece-yamato-16-resin-statue-von-dragon-x-pop-studio\/","title":{"rendered":"One Piece &#8211; Yamato | 1:6 Resin Statue | von Dragon x POP Studio"},"content":{"rendered":"<p><strong>One Piece &#8211; Yamato | 1:6 Resin Statue | von Dragon x POP Studio<\/strong><\/p>\n<p>I do ship EU-wide, please contact me, should questions arise.<\/p>\n<p>Tolle Statue des Sohnes von Kaidou<br \/>\nWunderbar verarbeitete und sehr detaillierte Yamato aus Polystone &#8211; k\u00fcnstlichem Stein-Harz-Gemisch.<\/p>\n<p><strong>Besonderheiten:<\/strong><\/p>\n<ul>\n<li>weltweit 188 St\u00fcck<\/li>\n<li>Kleidung abnehmbar<\/li>\n<li>Regular Version<\/li>\n<li>auch EX Version verf\u00fcgbar (EX Sockel+extra Hiyori Kopf)<\/li>\n<\/ul>\n<p><strong>Release-Status:<\/strong><\/p>\n<ul>\n<li>Preorder. Statue wird sch\u00e4tzungsweise Q3 2024 fertiggestellt und wir erwarten sie bei uns im Lager gegen Ende Oktober 2024.<\/li>\n<\/ul>\n<p>Wie immer bei meinen Aktionen &#8211; s\u00e4mtliche Geb\u00fchren sind, im Gegensatz zu anderen Angeboten, bereits inkludiert. Versand erfolgt ausschlie\u00dflich aus Deutschland, es fallen keine Zoll- und Importgeb\u00fchren an. Ihr kauft keine Katze im Sack \ud83d\ude42<\/p>\n<p><strong>Ma\u00dfe der Statue:<\/strong><\/p>\n<ul>\n<li>Gr\u00f6\u00dfe(Regular): ca. H38cm x W24cm x D21cm<\/li>\n<li>Gr\u00f6\u00dfe(EX): ca. H43cm x W24cm x D23cm<\/li>\n<li>Gewicht: TBA, gesch\u00e4tzt: ca. 13kg<\/li>\n<\/ul>\n<p>You are not prepared! \ud83d\ude42<\/p>","protected":false},"excerpt":{"rendered":"<p>One Piece &#8211; Yamato | 1:6 Resin Statue | von Dragon x POP Studio I do ship EU-wide, please contact me, should questions arise. Tolle Statue des Sohnes von Kaidou Wunderbar verarbeitete und sehr detaillierte Yamato aus Polystone &#8211; k\u00fcnstlichem Stein-Harz-Gemisch. Besonderheiten: weltweit 188 St\u00fcck Kleidung abnehmbar Regular Version auch EX Version verf\u00fcgbar (EX Sockel+extra [&hellip;]<\/p>\n","protected":false},"featured_media":26992,"comment_status":"closed","ping_status":"closed","template":"","meta":[],"product_brand":[],"product_cat":[24,89,568,84],"product_tag":[612,664,666,717,794,662,640,658,479,147,251,795,164,502,165,154,255,136,137,379,381,552,380,2046,2047,2048,2049],"class_list":{"0":"post-26989","1":"product","2":"type-product","3":"status-publish","4":"has-post-thumbnail","6":"product_cat-action-figuren","7":"product_cat-one-piece","8":"product_cat-preorder","9":"product_cat-statuen-anime-comic-universum","10":"product_tag-anime","11":"product_tag-anime-figuren-one-piece","12":"product_tag-anime-figuren-shop","13":"product_tag-anime-shop","14":"product_tag-anime-statue","15":"product_tag-anime-statue-shop","16":"product_tag-anime-statuen","17":"product_tag-anime-toys","18":"product_tag-collectible","19":"product_tag-collectibles","20":"product_tag-collectibles-kaufen","21":"product_tag-handsomecake","22":"product_tag-one-piece-collectibles","23":"product_tag-one-piece-resin","24":"product_tag-one-piece-statue","25":"product_tag-resin-collectibles","26":"product_tag-resin-collectibles-kaufen","27":"product_tag-resin-statuen","28":"product_tag-resin-statuen-kaufen","29":"product_tag-statue-collectible","30":"product_tag-statue-collectibles","31":"product_tag-statue-collector","32":"product_tag-statues-collectible","33":"product_tag-yamato","34":"product_tag-yamato-collectible","35":"product_tag-yamato-one-piece","36":"product_tag-yamato-statue","37":"pa_brand-dragon-studio","38":"pa_scale-1_to_6","40":"first","41":"instock","42":"product-type-variable"},"_links":{"self":[{"href":"https:\/\/store.handsomecake.com\/en\/wp-json\/wp\/v2\/product\/26989","targetHints":{"allow":["GET"]}}],"collection":[{"href":"https:\/\/store.handsomecake.com\/en\/wp-json\/wp\/v2\/product"}],"about":[{"href":"https:\/\/store.handsomecake.com\/en\/wp-json\/wp\/v2\/types\/product"}],"replies":[{"embeddable":true,"href":"https:\/\/store.handsomecake.com\/en\/wp-json\/wp\/v2\/comments?post=26989"}],"wp:featuredmedia":[{"embeddable":true,"href":"https:\/\/store.handsomecake.com\/en\/wp-json\/wp\/v2\/media\/26992"}],"wp:attachment":[{"href":"https:\/\/store.handsomecake.com\/en\/wp-json\/wp\/v2\/media?parent=26989"}],"wp:term":[{"taxonomy":"product_brand","embeddable":true,"href":"https:\/\/store.handsomecake.com\/en\/wp-json\/wp\/v2\/product_brand?post=26989"},{"taxonomy":"product_cat","embeddable":true,"href":"https:\/\/store.handsomecake.com\/en\/wp-json\/wp\/v2\/product_cat?post=26989"},{"taxonomy":"product_tag","embeddable":true,"href":"https:\/\/store.handsomecake.com\/en\/wp-json\/wp\/v2\/product_tag?post=26989"}],"curies":[{"name":"wp","href":"https:\/\/api.w.org\/{rel}","templated":true}]}}