{"id":26866,"date":"2023-11-22T00:43:33","date_gmt":"2023-11-22T00:43:33","guid":{"rendered":"https:\/\/store.handsomecake.com\/product\/naruto-sasuke-uchiha-14-resin-statue-von-zh-studio\/"},"modified":"2024-08-24T19:00:11","modified_gmt":"2024-08-24T19:00:11","slug":"naruto-sasuke-uchiha-14-resin-statue-von-zh-studio","status":"publish","type":"product","link":"https:\/\/store.handsomecake.com\/en\/product\/naruto-sasuke-uchiha-14-resin-statue-von-zh-studio\/","title":{"rendered":"Naruto &#8211; Sasuke Uchiha | 1:4 Resin Statue | von ZH Studio"},"content":{"rendered":"<p><strong>Naruto &#8211; Sasuke Uchiha | 1:4 Resin Statue | von ZH Studio<\/strong><\/p>\n<p>EU Taxfree! I do ship EU-wide, please contact me, should questions arise.<\/p>\n<p><span style=\"color: #ffffff;\"><em><span style=\"background-color: #2c3e50;\">&#8222;Those who do not understand true pain can never understand true peace.&#8220;<\/span><\/em><\/span><\/p>\n<p>Tolle Statue eines der letzten noch lebenden Mitglieder des Uchiha-Clans<br \/>\nWunderbar verarbeitete und sehr detaillierte Statue von Sasuke aus Polystone &#8211; k\u00fcnstlichem Stein-Harz-Gemisch.<\/p>\n<p><strong>Besonderheiten:<\/strong><\/p>\n<ul>\n<li>in Gr\u00f6sse 1:6 und 1:4 verf\u00fcgbar<\/li>\n<li>2 austauschbare K\u00f6pfe<\/li>\n<li>Art als Gescenk<\/li>\n<\/ul>\n<p><strong>Release-Status:<\/strong><\/p>\n<ul>\n<li>Preorder. Statue wird voraussichtlich Q2 2024 erscheinen und wir erwarten sie voraussichtlich August 2024 im Warenlager.<\/li>\n<\/ul>\n<p>Wie immer bei meinen Artikeln &#8211; s\u00e4mtliche Geb\u00fchren sind, im Gegensatz zu anderen Angeboten, bereits inkludiert. Versand erfolgt ausschlie\u00dflich aus Deutschland, es fallen keine Zoll- und Importgeb\u00fchren an. Ihr kauft keine Katze im Sack \ud83d\ude42<\/p>\n<p><strong>Ma\u00dfe der Statue:<\/strong><\/p>\n<ul>\n<li>Gr\u00f6\u00dfe (1\/4 ): ca. H38cm x W39cm x D30cm<\/li>\n<li>Gr\u00f6\u00dfe (1\/6 ): ca. H35cm x W22cm x D19cm<\/li>\n<li>Gewicht: ca. 9kg (gesch\u00e4tzt)<\/li>\n<\/ul>\n<p>You are not prepared! \ud83d\ude42<\/p>","protected":false},"excerpt":{"rendered":"<p>Naruto &#8211; Sasuke Uchiha | 1:4 Resin Statue | von ZH Studio EU Taxfree! I do ship EU-wide, please contact me, should questions arise. &#8222;Those who do not understand true pain can never understand true peace.&#8220; Tolle Statue eines der letzten noch lebenden Mitglieder des Uchiha-Clans Wunderbar verarbeitete und sehr detaillierte Statue von Sasuke aus [&hellip;]<\/p>\n","protected":false},"featured_media":26869,"comment_status":"closed","ping_status":"closed","template":"","meta":[],"product_brand":[],"product_cat":[24,88,568,84],"product_tag":[656,659,660,657,640,658,147,251,168,296,1304,169,170,154,136,137,1303,2634,2635,2636],"class_list":{"0":"post-26866","1":"product","2":"type-product","3":"status-publish","4":"has-post-thumbnail","6":"product_cat-action-figuren","7":"product_cat-naruto","8":"product_cat-preorder","9":"product_cat-statuen-anime-comic-universum","10":"product_tag-anime-collectibles","11":"product_tag-anime-figuren","12":"product_tag-anime-figuren-naruto","13":"product_tag-anime-figures","14":"product_tag-anime-statuen","15":"product_tag-anime-toys","16":"product_tag-collectibles","17":"product_tag-collectibles-kaufen","18":"product_tag-naruto-collectibles","19":"product_tag-naruto-collectibles-kaufen","20":"product_tag-naruto-sasuke","21":"product_tag-naruto-statuen","22":"product_tag-naruto-statuen-kaufen","23":"product_tag-resin-collectibles","24":"product_tag-resin-statuen","25":"product_tag-resin-statuen-kaufen","26":"product_tag-sasuke","27":"product_tag-sasuke-uchiha","28":"product_tag-uchiha","29":"product_tag-uchiha-statue","30":"pa_brand-zh-studio","32":"first","33":"instock","34":"taxable","35":"shipping-taxable","36":"product-type-variable"},"_links":{"self":[{"href":"https:\/\/store.handsomecake.com\/en\/wp-json\/wp\/v2\/product\/26866","targetHints":{"allow":["GET"]}}],"collection":[{"href":"https:\/\/store.handsomecake.com\/en\/wp-json\/wp\/v2\/product"}],"about":[{"href":"https:\/\/store.handsomecake.com\/en\/wp-json\/wp\/v2\/types\/product"}],"replies":[{"embeddable":true,"href":"https:\/\/store.handsomecake.com\/en\/wp-json\/wp\/v2\/comments?post=26866"}],"wp:featuredmedia":[{"embeddable":true,"href":"https:\/\/store.handsomecake.com\/en\/wp-json\/wp\/v2\/media\/26869"}],"wp:attachment":[{"href":"https:\/\/store.handsomecake.com\/en\/wp-json\/wp\/v2\/media?parent=26866"}],"wp:term":[{"taxonomy":"product_brand","embeddable":true,"href":"https:\/\/store.handsomecake.com\/en\/wp-json\/wp\/v2\/product_brand?post=26866"},{"taxonomy":"product_cat","embeddable":true,"href":"https:\/\/store.handsomecake.com\/en\/wp-json\/wp\/v2\/product_cat?post=26866"},{"taxonomy":"product_tag","embeddable":true,"href":"https:\/\/store.handsomecake.com\/en\/wp-json\/wp\/v2\/product_tag?post=26866"}],"curies":[{"name":"wp","href":"https:\/\/api.w.org\/{rel}","templated":true}]}}