{"id":26860,"date":"2023-11-22T00:42:09","date_gmt":"2023-11-22T00:42:09","guid":{"rendered":"https:\/\/store.handsomecake.com\/product\/genshin-impact-yae-miko-14-resin-statue-von-lc-studio\/"},"modified":"2024-07-29T19:47:48","modified_gmt":"2024-07-29T19:47:48","slug":"genshin-impact-yae-miko-14-resin-statue-von-lc-studio","status":"publish","type":"product","link":"https:\/\/store.handsomecake.com\/en\/product\/genshin-impact-yae-miko-14-resin-statue-von-lc-studio\/","title":{"rendered":"Genshin Impact &#8211; Yae Miko | 1:4 Resin Statue | von LC Studio"},"content":{"rendered":"<p><strong>Genshin Impact &#8211; Yae Miko | 1:4 Resin Statue | von LC Studio<\/strong><\/p>\n<p>Tolle Statue von der \u00e4ltesten Tochter des Kamisato-Klans<br \/>\nWunderbar verarbeitete und sehr detaillierte Kamisato Ayaka aus Polystone &#8211; k\u00fcnstlichem Stein-Harz-Gemisch.<\/p>\n<p><strong>Besonderheiten:<\/strong><\/p>\n<ul>\n<li>weltweit nur 160 St\u00fcck<\/li>\n<li>2 austauschbare Oberk\u00f6rper<\/li>\n<li>Abnehmbare Unterk\u00f6rperbekleidung<\/li>\n<\/ul>\n<p><strong>Release-Status:<\/strong><\/p>\n<ul>\n<li>Released \/ Warehouse China. Ab Bestellzeitpunkt in ca. 3-4 Monaten bei euch.<\/li>\n<\/ul>\n<p>Wie immer bei meinen Aktionen &#8211; s\u00e4mtliche Geb\u00fchren sind, im Gegensatz zu anderen Angeboten, bereits inkludiert. Versand erfolgt ausschlie\u00dflich aus Deutschland, es fallen keine Zoll- und Importgeb\u00fchren an. Ihr kauft keine Katze im Sack \ud83d\ude42<\/p>\n<p><strong>Ma\u00dfe der Statue:<\/strong><\/p>\n<ul>\n<li>Gr\u00f6\u00dfe: ca. H60cm x D25cm x W35cm<\/li>\n<li>Gewicht: TBA, gesch\u00e4tzt: ca. 12 kg<\/li>\n<\/ul>\n<p>You are not prepared! \ud83d\ude42<\/p>","protected":false},"excerpt":{"rendered":"<p>Genshin Impact &#8211; Yae Miko | 1:4 Resin Statue | von LC Studio Tolle Statue von der \u00e4ltesten Tochter des Kamisato-Klans Wunderbar verarbeitete und sehr detaillierte Kamisato Ayaka aus Polystone &#8211; k\u00fcnstlichem Stein-Harz-Gemisch. Besonderheiten: weltweit nur 160 St\u00fcck 2 austauschbare Oberk\u00f6rper Abnehmbare Unterk\u00f6rperbekleidung Release-Status: Released \/ Warehouse China. Ab Bestellzeitpunkt in ca. 3-4 Monaten bei [&hellip;]<\/p>\n","protected":false},"featured_media":26861,"comment_status":"closed","ping_status":"closed","template":"","meta":[],"product_brand":[],"product_cat":[81,567],"product_tag":[612,663,664,666,717,794,662,640,658,1463,479,147,251,2347,2350,2346,3005,2351,2352,2353,3006,795,154,255,136,137,379,381,552,665,380,382,547,3009,3007,3008],"class_list":{"0":"post-26860","1":"product","2":"type-product","3":"status-publish","4":"has-post-thumbnail","6":"product_cat-statuen-computerspieluniversum","7":"product_cat-in_stock_warehouse_china","8":"product_tag-anime","9":"product_tag-anime-figur-shop","10":"product_tag-anime-figuren-one-piece","11":"product_tag-anime-figuren-shop","12":"product_tag-anime-shop","13":"product_tag-anime-statue","14":"product_tag-anime-statue-shop","15":"product_tag-anime-statuen","16":"product_tag-anime-toys","17":"product_tag-battle-through-the-heavens-toys","18":"product_tag-collectible","19":"product_tag-collectibles","20":"product_tag-collectibles-kaufen","21":"product_tag-genshin-impact","22":"product_tag-genshin-impact-collectibles","23":"product_tag-genshin-impact-figurine","24":"product_tag-genshin-impact-miko","25":"product_tag-genshin-impact-resin","26":"product_tag-genshin-impact-statue","27":"product_tag-genshin-impact-statuen","28":"product_tag-genshin-impact-yae-miko","29":"product_tag-handsomecake","30":"product_tag-resin-collectibles","31":"product_tag-resin-collectibles-kaufen","32":"product_tag-resin-statuen","33":"product_tag-resin-statuen-kaufen","34":"product_tag-statue-collectible","35":"product_tag-statue-collectibles","36":"product_tag-statue-collector","37":"product_tag-statuen-shop","38":"product_tag-statues-collectible","39":"product_tag-statues-collectibles","40":"product_tag-statues-collector","41":"product_tag-yae-miko","42":"product_tag-yae-miko-collectible","43":"product_tag-yae-miko-figur","44":"pa_brand-lc-studio","45":"pa_scale-1_to_4","47":"first","48":"instock","49":"taxable","50":"shipping-taxable","51":"product-type-simple"},"_links":{"self":[{"href":"https:\/\/store.handsomecake.com\/en\/wp-json\/wp\/v2\/product\/26860","targetHints":{"allow":["GET"]}}],"collection":[{"href":"https:\/\/store.handsomecake.com\/en\/wp-json\/wp\/v2\/product"}],"about":[{"href":"https:\/\/store.handsomecake.com\/en\/wp-json\/wp\/v2\/types\/product"}],"replies":[{"embeddable":true,"href":"https:\/\/store.handsomecake.com\/en\/wp-json\/wp\/v2\/comments?post=26860"}],"wp:featuredmedia":[{"embeddable":true,"href":"https:\/\/store.handsomecake.com\/en\/wp-json\/wp\/v2\/media\/26861"}],"wp:attachment":[{"href":"https:\/\/store.handsomecake.com\/en\/wp-json\/wp\/v2\/media?parent=26860"}],"wp:term":[{"taxonomy":"product_brand","embeddable":true,"href":"https:\/\/store.handsomecake.com\/en\/wp-json\/wp\/v2\/product_brand?post=26860"},{"taxonomy":"product_cat","embeddable":true,"href":"https:\/\/store.handsomecake.com\/en\/wp-json\/wp\/v2\/product_cat?post=26860"},{"taxonomy":"product_tag","embeddable":true,"href":"https:\/\/store.handsomecake.com\/en\/wp-json\/wp\/v2\/product_tag?post=26860"}],"curies":[{"name":"wp","href":"https:\/\/api.w.org\/{rel}","templated":true}]}}