{"id":26821,"date":"2023-11-21T01:39:45","date_gmt":"2023-11-21T01:39:45","guid":{"rendered":"https:\/\/store.handsomecake.com\/product\/one-piece-enel-14-resin-statue-von-lb-studio\/"},"modified":"2025-08-26T23:27:12","modified_gmt":"2025-08-26T23:27:12","slug":"one-piece-enel-14-resin-statue-von-lb-studio","status":"publish","type":"product","link":"https:\/\/store.handsomecake.com\/en\/product\/one-piece-enel-14-resin-statue-von-lb-studio\/","title":{"rendered":"One Piece &#8211; Enel | 1:4 Resin Statue | von LB Studio"},"content":{"rendered":"<p><strong>One Piece &#8211; Enel | 1:4 Resin Statue | von LB Studio<\/strong><\/p>\n<p>I do ship EU-wide, please contact me, should questions arise.<\/p>\n<p><span style=\"color: #ffffff;\"><em><span style=\"background-color: #2c3e50;\">&#8222;Everyone should fear, worship and devote themselves to me&#8230;! I am omnipotent. I am god!&#8220;<\/span><\/em><\/span><\/p>\n<p>Tolle Statue des ehemaligen tyrannischen &#8222;Gott&#8220; von Skypiea<br \/>\nWunderbar verarbeitete und sehr detaillierte Enel Statue aus Polystone &#8211; k\u00fcnstlichem Stein-Harz-Gemisch.<\/p>\n<p><strong>Besonderheiten<\/strong>:<\/p>\n<ul>\n<li>mit LED<\/li>\n<li>188 St\u00fcck weltweit<\/li>\n<\/ul>\n<p><strong>Release-Status:<\/strong><\/p>\n<ul>\n<li>Vorbestellung, Release erwartet Ende Q2 2024, Collectible bei uns im Lager sch\u00e4tzungsweise Ende August 2024.<\/li>\n<\/ul>\n<p>Wie immer bei meinen Artikeln &#8211; s\u00e4mtliche Geb\u00fchren sind, im Gegensatz zu anderen Angeboten, bereits inkludiert. Versand erfolgt ausschlie\u00dflich aus Deutschland, es fallen keine Zoll- und Importgeb\u00fchren an. Ihr kauft keine Katze im Sack \ud83d\ude42<\/p>\n<p><strong>Ma\u00dfe der Statue:<\/strong><\/p>\n<ul>\n<li>Gr\u00f6\u00dfe: ca. H70cm x W46.6cm x D47.4cm<\/li>\n<li>Gewicht: TBA, ca. 16 kg (gesch\u00e4tzt)<\/li>\n<\/ul>\n<p>You are not prepared! \ud83d\ude42<\/p>","protected":false},"excerpt":{"rendered":"<p>One Piece &#8211; Enel | 1:4 Resin Statue | von LB Studio I do ship EU-wide, please contact me, should questions arise. &#8222;Everyone should fear, worship and devote themselves to me&#8230;! I am omnipotent. I am god!&#8220; Tolle Statue des ehemaligen tyrannischen &#8222;Gott&#8220; von Skypiea Wunderbar verarbeitete und sehr detaillierte Enel Statue aus Polystone &#8211; [&hellip;]<\/p>\n","protected":false},"featured_media":26822,"comment_status":"closed","ping_status":"closed","template":"","meta":[],"product_brand":[],"product_cat":[24,89,568,84],"product_tag":[612,664,666,717,794,662,640,658,479,147,251,2302,2303,2304,2305,795,164,502,165,154,255,136,137,379,381,552,380],"class_list":{"0":"post-26821","1":"product","2":"type-product","3":"status-publish","4":"has-post-thumbnail","6":"product_cat-action-figuren","7":"product_cat-one-piece","8":"product_cat-preorder","9":"product_cat-statuen-anime-comic-universum","10":"product_tag-anime","11":"product_tag-anime-figuren-one-piece","12":"product_tag-anime-figuren-shop","13":"product_tag-anime-shop","14":"product_tag-anime-statue","15":"product_tag-anime-statue-shop","16":"product_tag-anime-statuen","17":"product_tag-anime-toys","18":"product_tag-collectible","19":"product_tag-collectibles","20":"product_tag-collectibles-kaufen","21":"product_tag-enel","22":"product_tag-enel-collectible","23":"product_tag-enel-one-piece","24":"product_tag-enel-statue","25":"product_tag-handsomecake","26":"product_tag-one-piece-collectibles","27":"product_tag-one-piece-resin","28":"product_tag-one-piece-statue","29":"product_tag-resin-collectibles","30":"product_tag-resin-collectibles-kaufen","31":"product_tag-resin-statuen","32":"product_tag-resin-statuen-kaufen","33":"product_tag-statue-collectible","34":"product_tag-statue-collectibles","35":"product_tag-statue-collector","36":"product_tag-statues-collectible","37":"pa_brand-lb-studio","38":"pa_scale-1_to_4","40":"first","41":"instock","42":"taxable","43":"shipping-taxable","44":"product-type-simple"},"_links":{"self":[{"href":"https:\/\/store.handsomecake.com\/en\/wp-json\/wp\/v2\/product\/26821","targetHints":{"allow":["GET"]}}],"collection":[{"href":"https:\/\/store.handsomecake.com\/en\/wp-json\/wp\/v2\/product"}],"about":[{"href":"https:\/\/store.handsomecake.com\/en\/wp-json\/wp\/v2\/types\/product"}],"replies":[{"embeddable":true,"href":"https:\/\/store.handsomecake.com\/en\/wp-json\/wp\/v2\/comments?post=26821"}],"wp:featuredmedia":[{"embeddable":true,"href":"https:\/\/store.handsomecake.com\/en\/wp-json\/wp\/v2\/media\/26822"}],"wp:attachment":[{"href":"https:\/\/store.handsomecake.com\/en\/wp-json\/wp\/v2\/media?parent=26821"}],"wp:term":[{"taxonomy":"product_brand","embeddable":true,"href":"https:\/\/store.handsomecake.com\/en\/wp-json\/wp\/v2\/product_brand?post=26821"},{"taxonomy":"product_cat","embeddable":true,"href":"https:\/\/store.handsomecake.com\/en\/wp-json\/wp\/v2\/product_cat?post=26821"},{"taxonomy":"product_tag","embeddable":true,"href":"https:\/\/store.handsomecake.com\/en\/wp-json\/wp\/v2\/product_tag?post=26821"}],"curies":[{"name":"wp","href":"https:\/\/api.w.org\/{rel}","templated":true}]}}