{"id":26805,"date":"2023-11-21T01:36:56","date_gmt":"2023-11-21T01:36:56","guid":{"rendered":"https:\/\/store.handsomecake.com\/product\/one-piece-akainu-16-resin-statue-von-lb-studio\/"},"modified":"2024-06-14T20:10:51","modified_gmt":"2024-06-14T20:10:51","slug":"one-piece-akainu-16-resin-statue-von-lb-studio","status":"publish","type":"product","link":"https:\/\/store.handsomecake.com\/en\/product\/one-piece-akainu-16-resin-statue-von-lb-studio\/","title":{"rendered":"One Piece &#8211; Akainu | 1:6 Resin Statue | von LB Studio"},"content":{"rendered":"<p><strong>One Piece &#8211; Akainu | 1:6 Resin Statue | von LB Studio<\/strong><\/p>\n<p>I do ship EU-wide, please contact me, should questions arise.<\/p>\n<p>Tolle Statue des Gro\u00dfadmirals Sakazuki.<br \/>\nWunderbar verarbeitete und sehr detaillierte Akainu Statue aus Polystone &#8211; k\u00fcnstlichem Stein-Harz-Gemisch.<\/p>\n<p><strong>Besonderheiten:<\/strong><\/p>\n<ul>\n<li>weltweit 288 St\u00fcck<\/li>\n<\/ul>\n<p><strong>Release-Status:<\/strong><\/p>\n<ul>\n<li>Preorder. Statue wird sch\u00e4tzungsweise Ende Q1 2024 fertiggestellt und wir erwarten sie bei uns im Lager gegen Ende Mai 2024.<\/li>\n<\/ul>\n<p>Wie immer bei meinen Aktionen &#8211; s\u00e4mtliche Geb\u00fchren sind, im Gegensatz zu anderen Angeboten, bereits inkludiert. Versand erfolgt ausschlie\u00dflich aus Deutschland, es fallen keine Zoll- und Importgeb\u00fchren an. Ihr kauft keine Katze im Sack \ud83d\ude42<\/p>\n<p><strong>Ma\u00dfe der Statue:<\/strong><\/p>\n<ul>\n<li>Gr\u00f6\u00dfe ca. H34cm x W30cm x D18cm<\/li>\n<li>Gewicht: TBA, gesch\u00e4tzt: ca. 6kg<\/li>\n<\/ul>\n<p>You are not prepared! \ud83d\ude42<\/p>","protected":false},"excerpt":{"rendered":"<p>One Piece &#8211; Akainu | 1:6 Resin Statue | von LB Studio I do ship EU-wide, please contact me, should questions arise. Tolle Statue des Gro\u00dfadmirals Sakazuki. Wunderbar verarbeitete und sehr detaillierte Akainu Statue aus Polystone &#8211; k\u00fcnstlichem Stein-Harz-Gemisch. Besonderheiten: weltweit 288 St\u00fcck Release-Status: Preorder. Statue wird sch\u00e4tzungsweise Ende Q1 2024 fertiggestellt und wir erwarten [&hellip;]<\/p>\n","protected":false},"featured_media":26806,"comment_status":"closed","ping_status":"closed","template":"","meta":[],"product_brand":[],"product_cat":[24,89,568,84],"product_tag":[2997,2998,2999,3003,612,664,666,717,794,662,640,658,479,147,251,795,164,502,165,154,255,136,137,3000,3001,3002,379,381,552,380],"class_list":{"0":"post-26805","1":"product","2":"type-product","3":"status-publish","4":"has-post-thumbnail","6":"product_cat-action-figuren","7":"product_cat-one-piece","8":"product_cat-preorder","9":"product_cat-statuen-anime-comic-universum","10":"product_tag-akainu","11":"product_tag-akainu-collectible","12":"product_tag-akainu-one-piece","13":"product_tag-akainu-statue","14":"product_tag-anime","15":"product_tag-anime-figuren-one-piece","16":"product_tag-anime-figuren-shop","17":"product_tag-anime-shop","18":"product_tag-anime-statue","19":"product_tag-anime-statue-shop","20":"product_tag-anime-statuen","21":"product_tag-anime-toys","22":"product_tag-collectible","23":"product_tag-collectibles","24":"product_tag-collectibles-kaufen","25":"product_tag-handsomecake","26":"product_tag-one-piece-collectibles","27":"product_tag-one-piece-resin","28":"product_tag-one-piece-statue","29":"product_tag-resin-collectibles","30":"product_tag-resin-collectibles-kaufen","31":"product_tag-resin-statuen","32":"product_tag-resin-statuen-kaufen","33":"product_tag-sakazuki","34":"product_tag-sakazuki-one-piece","35":"product_tag-sakazuki-statue","36":"product_tag-statue-collectible","37":"product_tag-statue-collectibles","38":"product_tag-statue-collector","39":"product_tag-statues-collectible","40":"pa_brand-lb-studio","41":"pa_scale-1_to_6","43":"first","44":"instock","45":"taxable","46":"shipping-taxable","47":"product-type-simple"},"_links":{"self":[{"href":"https:\/\/store.handsomecake.com\/en\/wp-json\/wp\/v2\/product\/26805","targetHints":{"allow":["GET"]}}],"collection":[{"href":"https:\/\/store.handsomecake.com\/en\/wp-json\/wp\/v2\/product"}],"about":[{"href":"https:\/\/store.handsomecake.com\/en\/wp-json\/wp\/v2\/types\/product"}],"replies":[{"embeddable":true,"href":"https:\/\/store.handsomecake.com\/en\/wp-json\/wp\/v2\/comments?post=26805"}],"wp:featuredmedia":[{"embeddable":true,"href":"https:\/\/store.handsomecake.com\/en\/wp-json\/wp\/v2\/media\/26806"}],"wp:attachment":[{"href":"https:\/\/store.handsomecake.com\/en\/wp-json\/wp\/v2\/media?parent=26805"}],"wp:term":[{"taxonomy":"product_brand","embeddable":true,"href":"https:\/\/store.handsomecake.com\/en\/wp-json\/wp\/v2\/product_brand?post=26805"},{"taxonomy":"product_cat","embeddable":true,"href":"https:\/\/store.handsomecake.com\/en\/wp-json\/wp\/v2\/product_cat?post=26805"},{"taxonomy":"product_tag","embeddable":true,"href":"https:\/\/store.handsomecake.com\/en\/wp-json\/wp\/v2\/product_tag?post=26805"}],"curies":[{"name":"wp","href":"https:\/\/api.w.org\/{rel}","templated":true}]}}