{"id":26796,"date":"2023-11-21T01:35:44","date_gmt":"2023-11-21T01:35:44","guid":{"rendered":"https:\/\/store.handsomecake.com\/product\/elden-ring-radahn-14-resin-statue-von-acy-x-swordwing-studio\/"},"modified":"2024-06-12T16:13:41","modified_gmt":"2024-06-12T16:13:41","slug":"elden-ring-radahn-14-resin-statue-von-acy-x-swordwing-studio","status":"publish","type":"product","link":"https:\/\/store.handsomecake.com\/en\/product\/elden-ring-radahn-14-resin-statue-von-acy-x-swordwing-studio\/","title":{"rendered":"Elden Ring &#8211; Radahn | 1:4 Resin Statue | von Acy x Sword&amp;Wing Studio"},"content":{"rendered":"<p><strong>Elden Ring &#8211; Radahn | 1:4 Resin Statue | von Acy x Sword&amp;Wing Studio<\/strong><\/p>\n<p>I do ship EU-wide, please contact me, should questions arise.<\/p>\n<p><em><span style=\"color: #ffffff;\"><span style=\"background-color: #2c3e50;\">&#8222;General Radahn ist zu ewiger Rastlosigkeit verdammt! Malenias Scharlachf\u00e4ule hat ihn innerlich zerfressen und sein Verstand ist schon lange dahin. Jetzt sammelt er die Leichen alter Freunde und Feinde und m\u00e4stet sich an ihnen wie ein r\u00e4udiger Hund. Und heult gen Himmel.&#8220;<\/span><\/span><\/em><\/p>\n<p>Wunderbar verarbeitete und sehr detaillierte Statue von dir Sternengei\u00dfel aus Polystone &#8211; k\u00fcnstlichem Stein-Harz-Gemisch.<\/p>\n<p><strong>Besonderheiten:<\/strong><\/p>\n<ul>\n<li>2 Waffen tragende Austauschh\u00e4nde<\/li>\n<li>weltweit nur 158 St\u00fcck<\/li>\n<\/ul>\n<p><strong>Release-Status:<\/strong><\/p>\n<ul>\n<li>Preorder. Statue wird sch\u00e4tzungsweise Q4 2024 fertiggestellt und wir erwarten sie bei uns im Lager gegen Ende Februar 2025.<\/li>\n<\/ul>\n<p>Wie immer bei meinen Aktionen &#8211; s\u00e4mtliche Geb\u00fchren sind, im Gegensatz zu anderen Angeboten, bereits inkludiert. Versand erfolgt ausschlie\u00dflich aus Deutschland, es fallen keine Zoll- und Importgeb\u00fchren an. Ihr kauft keine Katze im Sack \ud83d\ude42<\/p>\n<p><strong>Ma\u00dfe der Statue:<\/strong><\/p>\n<ul>\n<li>Gr\u00f6\u00dfe : ca. H69cm W54cm D59cm<\/li>\n<li>Gewicht: TBA , ca. 16kg (gesch\u00e4tzt)<\/li>\n<\/ul>\n<p>You are not prepared! \ud83d\ude42<\/p>","protected":false},"excerpt":{"rendered":"<p>Elden Ring &#8211; Radahn | 1:4 Resin Statue | von Acy x Sword&amp;Wing Studio I do ship EU-wide, please contact me, should questions arise. &#8222;General Radahn ist zu ewiger Rastlosigkeit verdammt! Malenias Scharlachf\u00e4ule hat ihn innerlich zerfressen und sein Verstand ist schon lange dahin. Jetzt sammelt er die Leichen alter Freunde und Feinde und m\u00e4stet [&hellip;]<\/p>\n","protected":false},"featured_media":26797,"comment_status":"closed","ping_status":"closed","template":"","meta":[],"product_brand":[],"product_cat":[24,1775,568,81],"product_tag":[658,147,251,1332,1329,2489,1330,1331,2490,1333,795,2942,2943,2944,154,136,137,379,381,665,380,382,718],"class_list":{"0":"post-26796","1":"product","2":"type-product","3":"status-publish","4":"has-post-thumbnail","6":"product_cat-action-figuren","7":"product_cat-elden-ring","8":"product_cat-preorder","9":"product_cat-statuen-computerspieluniversum","10":"product_tag-anime-toys","11":"product_tag-collectibles","12":"product_tag-collectibles-kaufen","13":"product_tag-elden-ring","14":"product_tag-elden-ring-collectibles","15":"product_tag-elden-ring-figur","16":"product_tag-elden-ring-resin","17":"product_tag-elden-ring-resin-statue","18":"product_tag-elden-ring-statue","19":"product_tag-elden-ring-statuen","20":"product_tag-handsomecake","21":"product_tag-radahn","22":"product_tag-radahn-collectible","23":"product_tag-radahn-statue","24":"product_tag-resin-collectibles","25":"product_tag-resin-statuen","26":"product_tag-resin-statuen-kaufen","27":"product_tag-statue-collectible","28":"product_tag-statue-collectibles","29":"product_tag-statuen-shop","30":"product_tag-statues-collectible","31":"product_tag-statues-collectibles","32":"product_tag-toys","33":"pa_brand-acy-studio","34":"pa_brand-sword-wing-studio","35":"pa_scale-1_to_4","37":"first","38":"instock","39":"taxable","40":"shipping-taxable","41":"product-type-simple"},"_links":{"self":[{"href":"https:\/\/store.handsomecake.com\/en\/wp-json\/wp\/v2\/product\/26796","targetHints":{"allow":["GET"]}}],"collection":[{"href":"https:\/\/store.handsomecake.com\/en\/wp-json\/wp\/v2\/product"}],"about":[{"href":"https:\/\/store.handsomecake.com\/en\/wp-json\/wp\/v2\/types\/product"}],"replies":[{"embeddable":true,"href":"https:\/\/store.handsomecake.com\/en\/wp-json\/wp\/v2\/comments?post=26796"}],"wp:featuredmedia":[{"embeddable":true,"href":"https:\/\/store.handsomecake.com\/en\/wp-json\/wp\/v2\/media\/26797"}],"wp:attachment":[{"href":"https:\/\/store.handsomecake.com\/en\/wp-json\/wp\/v2\/media?parent=26796"}],"wp:term":[{"taxonomy":"product_brand","embeddable":true,"href":"https:\/\/store.handsomecake.com\/en\/wp-json\/wp\/v2\/product_brand?post=26796"},{"taxonomy":"product_cat","embeddable":true,"href":"https:\/\/store.handsomecake.com\/en\/wp-json\/wp\/v2\/product_cat?post=26796"},{"taxonomy":"product_tag","embeddable":true,"href":"https:\/\/store.handsomecake.com\/en\/wp-json\/wp\/v2\/product_tag?post=26796"}],"curies":[{"name":"wp","href":"https:\/\/api.w.org\/{rel}","templated":true}]}}