{"id":26777,"date":"2023-11-19T22:33:31","date_gmt":"2023-11-19T22:33:31","guid":{"rendered":"https:\/\/store.handsomecake.com\/product\/dc-comics-death-of-superman-14-resin-statue-von-mfa-collectibles-2\/"},"modified":"2025-02-19T02:01:21","modified_gmt":"2025-02-19T02:01:21","slug":"dc-comics-death-of-superman-14-resin-statue-von-mfa-collectibles-2","status":"publish","type":"product","link":"https:\/\/store.handsomecake.com\/en\/product\/dc-comics-death-of-superman-14-resin-statue-von-mfa-collectibles-2\/","title":{"rendered":"DC Comics &#8211; Death Of Superman | 1:4 Resin Statue | von MFA Collectibles"},"content":{"rendered":"<p><strong>DC Comics &#8211; Death Of Superman | 1:4 Resin Statue | von MFA Collectibles<\/strong><\/p>\n<p>EU Taxfree! I do ship EU-wide, please contact me, should questions arise.<\/p>\n<p>Unglaubliche Statue einer herzzerrei\u00dfenden Szene.<br \/>\nWunderbar verarbeitete und sehr detaillierte &#8222;Death Of Superman&#8220; Statue von aus Polystone &#8211; k\u00fcnstlichem Stein-Harz-Gemisch.<\/p>\n<p><strong>Besonderheiten:<\/strong><\/p>\n<ul>\n<li>weltweit nur 70 St\u00fcck<\/li>\n<\/ul>\n<p><strong>Release-Status:<\/strong><\/p>\n<ul>\n<li>Vor Ort Lagernd.<\/li>\n<\/ul>\n<p>Wie immer bei meinen Artikeln &#8211; s\u00e4mtliche Geb\u00fchren sind, im Gegensatz zu anderen Angeboten, bereits inkludiert. Versand erfolgt ausschlie\u00dflich aus Deutschland, es fallen keine Zoll- und Importgeb\u00fchren an. Ihr kauft keine Katze im Sack \ud83d\ude42<\/p>\n<p><strong>Ma\u00dfe der Statue:<\/strong><\/p>\n<ul>\n<li>Gr\u00f6\u00dfe: H39.8cm x W47.5cm x D39.8cm<\/li>\n<li>Gewicht: TBA, gesch\u00e4tzt: ca. 15 kg<\/li>\n<\/ul>\n<p>You are not prepared! \ud83d\ude42<\/p>","protected":false},"excerpt":{"rendered":"<p>DC Comics &#8211; Death Of Superman | 1:4 Resin Statue | von MFA Collectibles EU Taxfree! I do ship EU-wide, please contact me, should questions arise. Unglaubliche Statue einer herzzerrei\u00dfenden Szene. Wunderbar verarbeitete und sehr detaillierte &#8222;Death Of Superman&#8220; Statue von aus Polystone &#8211; k\u00fcnstlichem Stein-Harz-Gemisch. Besonderheiten: weltweit nur 70 St\u00fcck Release-Status: Vor Ort Lagernd. [&hellip;]<\/p>\n","protected":false},"featured_media":26778,"comment_status":"closed","ping_status":"closed","template":"","meta":[],"product_brand":[],"product_cat":[24,268,826,84],"product_tag":[],"class_list":{"0":"post-26777","1":"product","2":"type-product","3":"status-publish","4":"has-post-thumbnail","6":"product_cat-action-figuren","7":"product_cat-dc","8":"product_cat-lagernd-vor-ort","9":"product_cat-statuen-anime-comic-universum","10":"pa_brand-mfa-collectibles","11":"pa_scale-1_to_4","13":"first","14":"instock","15":"taxable","16":"shipping-taxable","17":"product-type-simple"},"_links":{"self":[{"href":"https:\/\/store.handsomecake.com\/en\/wp-json\/wp\/v2\/product\/26777","targetHints":{"allow":["GET"]}}],"collection":[{"href":"https:\/\/store.handsomecake.com\/en\/wp-json\/wp\/v2\/product"}],"about":[{"href":"https:\/\/store.handsomecake.com\/en\/wp-json\/wp\/v2\/types\/product"}],"replies":[{"embeddable":true,"href":"https:\/\/store.handsomecake.com\/en\/wp-json\/wp\/v2\/comments?post=26777"}],"wp:featuredmedia":[{"embeddable":true,"href":"https:\/\/store.handsomecake.com\/en\/wp-json\/wp\/v2\/media\/26778"}],"wp:attachment":[{"href":"https:\/\/store.handsomecake.com\/en\/wp-json\/wp\/v2\/media?parent=26777"}],"wp:term":[{"taxonomy":"product_brand","embeddable":true,"href":"https:\/\/store.handsomecake.com\/en\/wp-json\/wp\/v2\/product_brand?post=26777"},{"taxonomy":"product_cat","embeddable":true,"href":"https:\/\/store.handsomecake.com\/en\/wp-json\/wp\/v2\/product_cat?post=26777"},{"taxonomy":"product_tag","embeddable":true,"href":"https:\/\/store.handsomecake.com\/en\/wp-json\/wp\/v2\/product_tag?post=26777"}],"curies":[{"name":"wp","href":"https:\/\/api.w.org\/{rel}","templated":true}]}}