{"id":26617,"date":"2023-11-13T16:43:13","date_gmt":"2023-11-13T16:43:13","guid":{"rendered":"https:\/\/store.handsomecake.com\/product\/world-of-warcraft-sylvanas-windrunner-11-resin-bust-von-infinity-studio\/"},"modified":"2025-05-07T19:36:32","modified_gmt":"2025-05-07T19:36:32","slug":"world-of-warcraft-sylvanas-windrunner-11-resin-bust-von-infinity-studio","status":"publish","type":"product","link":"https:\/\/store.handsomecake.com\/en\/product\/world-of-warcraft-sylvanas-windrunner-11-resin-bust-von-infinity-studio\/","title":{"rendered":"World of Warcraft &#8211; Sylvanas Windrunner | 1:1 Resin Bust | von Infinity Studio"},"content":{"rendered":"<p><strong>World of Warcraft &#8211; Sylvanas Windrunner | 1:1 Resin Bust | von Infinity Studio<\/strong><\/p>\n<p>I do ship EU-wide, please contact me, should questions arise.<\/p>\n<p>Tolle Statue der gef\u00fcrchteten Bansheek\u00f6nigin<br \/>\nWunderbar verarbeitete und sehr detaillierte Sylvanas Statue aus Polystone &#8211; k\u00fcnstlichem Stein-Harz-Gemisch.<\/p>\n<p><strong>Besonderheiten:<\/strong><\/p>\n<ul>\n<li>weltweit 428 St\u00fcck<\/li>\n<\/ul>\n<p><strong>Release-Status:<\/strong><\/p>\n<ul>\n<li>Preorder. Statue wird voraussichtlich in Q4 2024 released und wir erwarten sie sch\u00e4tzungsweise Ende Februar 2025 bei uns im Lager.<\/li>\n<\/ul>\n<p>Wie immer bei meinen Aktionen &#8211; s\u00e4mtliche Geb\u00fchren sind, im Gegensatz zu anderen Angeboten, bereits inkludiert. Versand erfolgt ausschlie\u00dflich aus Deutschland, es fallen keine Zoll- und Importgeb\u00fchren an. Ihr kauft keine Katze im Sack \ud83d\ude42<\/p>\n<p><strong>Ma\u00dfe der Statue:<\/strong><\/p>\n<ul>\n<li>Gr\u00f6\u00dfe: ca. H99cm x W72cm x D78cm<\/li>\n<li>Gewicht: TBA, ca. 25 kg (gesch\u00e4tzt)<\/li>\n<\/ul>\n<p>You are not prepared! \ud83d\ude42<\/p>","protected":false},"excerpt":{"rendered":"<p>World of Warcraft &#8211; Sylvanas Windrunner | 1:1 Resin Bust | von Infinity Studio I do ship EU-wide, please contact me, should questions arise. Tolle Statue der gef\u00fcrchteten Bansheek\u00f6nigin Wunderbar verarbeitete und sehr detaillierte Sylvanas Statue aus Polystone &#8211; k\u00fcnstlichem Stein-Harz-Gemisch. Besonderheiten: weltweit 428 St\u00fcck Release-Status: Preorder. Statue wird voraussichtlich in Q4 2024 released und [&hellip;]<\/p>\n","protected":false},"featured_media":26618,"comment_status":"closed","ping_status":"closed","template":"","meta":[],"product_brand":[],"product_cat":[24,568,81,85],"product_tag":[479,147,251,795,154,255,136,137,379,381,552,665,380,382,547,1170,1171,1172,358,718,224,104,239,103],"class_list":{"0":"post-26617","1":"product","2":"type-product","3":"status-publish","4":"has-post-thumbnail","6":"product_cat-action-figuren","7":"product_cat-preorder","8":"product_cat-statuen-computerspieluniversum","9":"product_cat-warcraft","10":"product_tag-collectible","11":"product_tag-collectibles","12":"product_tag-collectibles-kaufen","13":"product_tag-handsomecake","14":"product_tag-resin-collectibles","15":"product_tag-resin-collectibles-kaufen","16":"product_tag-resin-statuen","17":"product_tag-resin-statuen-kaufen","18":"product_tag-statue-collectible","19":"product_tag-statue-collectibles","20":"product_tag-statue-collector","21":"product_tag-statuen-shop","22":"product_tag-statues-collectible","23":"product_tag-statues-collectibles","24":"product_tag-statues-collector","25":"product_tag-sylvanas","26":"product_tag-sylvanas-collectible","27":"product_tag-sylvanas-statue","28":"product_tag-sylvanas-windrunner","29":"product_tag-toys","30":"product_tag-world-of-warcraft-collectibles","31":"product_tag-world-of-warcraft-statuen","32":"product_tag-wow-collectibles","33":"product_tag-wow-statuen","34":"pa_brand-infinity-studio","35":"pa_scale-1_to_1","37":"first","38":"outofstock","39":"taxable","40":"shipping-taxable","41":"product-type-simple"},"_links":{"self":[{"href":"https:\/\/store.handsomecake.com\/en\/wp-json\/wp\/v2\/product\/26617","targetHints":{"allow":["GET"]}}],"collection":[{"href":"https:\/\/store.handsomecake.com\/en\/wp-json\/wp\/v2\/product"}],"about":[{"href":"https:\/\/store.handsomecake.com\/en\/wp-json\/wp\/v2\/types\/product"}],"replies":[{"embeddable":true,"href":"https:\/\/store.handsomecake.com\/en\/wp-json\/wp\/v2\/comments?post=26617"}],"wp:featuredmedia":[{"embeddable":true,"href":"https:\/\/store.handsomecake.com\/en\/wp-json\/wp\/v2\/media\/26618"}],"wp:attachment":[{"href":"https:\/\/store.handsomecake.com\/en\/wp-json\/wp\/v2\/media?parent=26617"}],"wp:term":[{"taxonomy":"product_brand","embeddable":true,"href":"https:\/\/store.handsomecake.com\/en\/wp-json\/wp\/v2\/product_brand?post=26617"},{"taxonomy":"product_cat","embeddable":true,"href":"https:\/\/store.handsomecake.com\/en\/wp-json\/wp\/v2\/product_cat?post=26617"},{"taxonomy":"product_tag","embeddable":true,"href":"https:\/\/store.handsomecake.com\/en\/wp-json\/wp\/v2\/product_tag?post=26617"}],"curies":[{"name":"wp","href":"https:\/\/api.w.org\/{rel}","templated":true}]}}