{"id":26602,"date":"2023-11-13T16:41:55","date_gmt":"2023-11-13T16:41:55","guid":{"rendered":"https:\/\/store.handsomecake.com\/product\/attack-on-titan-levi-ackerman-16-resin-statue-von-chikara-studio\/"},"modified":"2025-12-03T10:52:53","modified_gmt":"2025-12-03T10:52:53","slug":"attack-on-titan-levi-ackerman-16-resin-statue-von-chikara-studio","status":"publish","type":"product","link":"https:\/\/store.handsomecake.com\/en\/product\/attack-on-titan-levi-ackerman-16-resin-statue-von-chikara-studio\/","title":{"rendered":"Attack on Titan &#8211; Levi Ackerman | 1:6 Resin Statue | von Chikara Studio"},"content":{"rendered":"<p><strong>Attack on Titan &#8211; Levi Ackerman | 1:6 Resin Statue | von Chikara Studio<\/strong><\/p>\n<p>I do ship EU-wide, please contact me, should questions arise.<\/p>\n<p><em><span style=\"color: #ffffff;\"><span style=\"background-color: #2c3e50;\">\u00a0&#8220; Everyone I&#8217;ve met was all the same. Drinking, women, Worshiping God, even family, The King, dreams, children, power&#8230; Everyone had to be drunk on something to keep pushing on. Everyone was a slave to something. &#8220;\u00a0 <\/span><\/span><\/em><\/p>\n<p>Unglaubliche Statue von dem st\u00e4rksten Soldat der Menschheit.<br \/>\nWunderbar verarbeitete und sehr detaillierte Levi Statue aus Polystone &#8211; k\u00fcnstlichem Stein-Harz-Gemisch.<\/p>\n<p><strong>Besonderheiten:<\/strong><\/p>\n<ul>\n<li>Deluxe and Deluxe(+) Versionen verf\u00fcgbar<\/li>\n<li>Deluxe(+) Version mit farbigen Erinnerungen (siehe Bilder)<\/li>\n<\/ul>\n<p><strong>Release-Status:<\/strong><\/p>\n<ul>\n<li>Preorder. Statue wird sch\u00e4tzungsweise Q2 2024 fertiggestellt und wir erwarten sie bei uns im Lager gegen Ende August 2024.<\/li>\n<\/ul>\n<p>Wie immer bei meinen Aktionen &#8211; s\u00e4mtliche Geb\u00fchren sind, im Gegensatz zu anderen Angeboten, bereits inkludiert. Versand erfolgt ausschlie\u00dflich aus Deutschland, es fallen keine Zoll- und Importgeb\u00fchren an. Ihr kauft keine Katze im Sack \ud83d\ude42<\/p>\n<p><strong>Ma\u00dfe der Statue:<\/strong><\/p>\n<ul>\n<li>Gr\u00f6\u00dfe (DX): ca. H33cm x W28cm x D26cm<\/li>\n<li>Gr\u00f6\u00dfe (DX+): ca. H33cm x W28cm x D26cm<\/li>\n<li>Gewicht: TBA, gesch\u00e4tzt: ca. 9kg<\/li>\n<\/ul>\n<p>You are not prepared! \ud83d\ude42<\/p>","protected":false},"excerpt":{"rendered":"<p>Attack on Titan &#8211; Levi Ackerman | 1:6 Resin Statue | von Chikara Studio I do ship EU-wide, please contact me, should questions arise. \u00a0&#8220; Everyone I&#8217;ve met was all the same. Drinking, women, Worshiping God, even family, The King, dreams, children, power&#8230; Everyone had to be drunk on something to keep pushing on. Everyone [&hellip;]<\/p>\n","protected":false},"featured_media":26605,"comment_status":"closed","ping_status":"closed","template":"","meta":[],"product_brand":[],"product_cat":[24,714,568,84],"product_tag":[612,656,659,666,708,1185,1186,1188,1008,709,1184,710,712,713,795,2645,711,1187,2644,379,381,665,380,382,547],"class_list":{"0":"post-26602","1":"product","2":"type-product","3":"status-publish","4":"has-post-thumbnail","6":"product_cat-action-figuren","7":"product_cat-attack-on-titan","8":"product_cat-preorder","9":"product_cat-statuen-anime-comic-universum","10":"product_tag-anime","11":"product_tag-anime-collectibles","12":"product_tag-anime-figuren","13":"product_tag-anime-figuren-shop","14":"product_tag-anime-statuen-shop","15":"product_tag-aot-eren","16":"product_tag-aot-eren-jaeger","17":"product_tag-aot-figurine","18":"product_tag-aot-toys","19":"product_tag-attack-on-titan","20":"product_tag-attack-on-titan-eren","21":"product_tag-attack-on-titan-figure","22":"product_tag-attack-on-titan-levi","23":"product_tag-beast-titan","24":"product_tag-handsomecake","25":"product_tag-kenny-ackerman","26":"product_tag-levi","27":"product_tag-levi-ackerman","28":"product_tag-levi-vs-kenny","29":"product_tag-statue-collectible","30":"product_tag-statue-collectibles","31":"product_tag-statuen-shop","32":"product_tag-statues-collectible","33":"product_tag-statues-collectibles","34":"product_tag-statues-collector","35":"pa_brand-chikara-studio","36":"pa_scale-1_to_6","38":"first","39":"instock","40":"taxable","41":"shipping-taxable","42":"product-type-variable"},"_links":{"self":[{"href":"https:\/\/store.handsomecake.com\/en\/wp-json\/wp\/v2\/product\/26602","targetHints":{"allow":["GET"]}}],"collection":[{"href":"https:\/\/store.handsomecake.com\/en\/wp-json\/wp\/v2\/product"}],"about":[{"href":"https:\/\/store.handsomecake.com\/en\/wp-json\/wp\/v2\/types\/product"}],"replies":[{"embeddable":true,"href":"https:\/\/store.handsomecake.com\/en\/wp-json\/wp\/v2\/comments?post=26602"}],"wp:featuredmedia":[{"embeddable":true,"href":"https:\/\/store.handsomecake.com\/en\/wp-json\/wp\/v2\/media\/26605"}],"wp:attachment":[{"href":"https:\/\/store.handsomecake.com\/en\/wp-json\/wp\/v2\/media?parent=26602"}],"wp:term":[{"taxonomy":"product_brand","embeddable":true,"href":"https:\/\/store.handsomecake.com\/en\/wp-json\/wp\/v2\/product_brand?post=26602"},{"taxonomy":"product_cat","embeddable":true,"href":"https:\/\/store.handsomecake.com\/en\/wp-json\/wp\/v2\/product_cat?post=26602"},{"taxonomy":"product_tag","embeddable":true,"href":"https:\/\/store.handsomecake.com\/en\/wp-json\/wp\/v2\/product_tag?post=26602"}],"curies":[{"name":"wp","href":"https:\/\/api.w.org\/{rel}","templated":true}]}}