{"id":26536,"date":"2023-11-13T02:04:36","date_gmt":"2023-11-13T02:04:36","guid":{"rendered":"https:\/\/store.handsomecake.com\/product\/genshin-impact-raiden-shogun-14-resin-statue-von-dragon-x-pop-studio\/"},"modified":"2024-06-12T16:13:16","modified_gmt":"2024-06-12T16:13:16","slug":"genshin-impact-raiden-shogun-14-resin-statue-von-dragon-x-pop-studio","status":"publish","type":"product","link":"https:\/\/store.handsomecake.com\/en\/product\/genshin-impact-raiden-shogun-14-resin-statue-von-dragon-x-pop-studio\/","title":{"rendered":"Genshin Impact &#8211; Raiden Shogun | 1:4 Resin Statue | von Dragon x POP Studio"},"content":{"rendered":"<p><strong>Genshin Impact &#8211; Raiden Shogun | 1:4 Resin Statue | von Dragon x POP Studio<\/strong><\/p>\n<p>I do ship EU-wide, please contact me, should questions arise.<\/p>\n<p><span style=\"color: #ffffff;\"><em><span style=\"background-color: #2c3e50;\">&#8220; Reality is the stillness buried deep beneath the illusion.&#8220;\u00a0 <\/span><\/em><\/span><\/p>\n<p>Tolle Statue von der Herrscherin des Inazuma-Shogunats.<br \/>\nWunderbar verarbeitete und sehr detaillierte Raiden Statue aus Polystone &#8211; k\u00fcnstlichem Stein-Harz-Gemisch.<\/p>\n<p><strong>Besonderheiten:<\/strong><\/p>\n<ul>\n<li>weltweit 128 St\u00fcck<\/li>\n<li>C Version (A Version + B Version)<\/li>\n<li>A und B Versionen auch separat erh\u00e4ltlich<\/li>\n<li>Kleidung abnehmbar<\/li>\n<\/ul>\n<p><strong>Release-Status:<\/strong><\/p>\n<ul>\n<li>Preorder. Statue wird voraussichtlich Q3 2024 released und wir erwarten sie sch\u00e4tzungsweise Ende Oktober 2024 im Lager.<\/li>\n<\/ul>\n<p>Wie immer bei meinen Aktionen &#8211; s\u00e4mtliche Geb\u00fchren sind, im Gegensatz zu anderen Angeboten, bereits inkludiert. Versand erfolgt ausschlie\u00dflich aus Deutschland, es fallen keine Zoll- und Importgeb\u00fchren an. Ihr kauft keine Katze im Sack \ud83d\ude42<\/p>\n<p><strong>Ma\u00dfe der Statue:<\/strong><\/p>\n<ul>\n<li>Gr\u00f6\u00dfe (A Version) : ca. H56 x W30 x D20 cm<\/li>\n<li>Gr\u00f6\u00dfe (B Version) : ca. H53 x W25 x D20cm<\/li>\n<li>Gewicht: TBA, gesch\u00e4tzt: ca. 12 kg<\/li>\n<\/ul>\n<p>You are not prepared! \ud83d\ude42<\/p>","protected":false},"excerpt":{"rendered":"<p>Genshin Impact &#8211; Raiden Shogun | 1:4 Resin Statue | von Dragon x POP Studio I do ship EU-wide, please contact me, should questions arise. &#8220; Reality is the stillness buried deep beneath the illusion.&#8220;\u00a0 Tolle Statue von der Herrscherin des Inazuma-Shogunats. Wunderbar verarbeitete und sehr detaillierte Raiden Statue aus Polystone &#8211; k\u00fcnstlichem Stein-Harz-Gemisch. Besonderheiten: [&hellip;]<\/p>\n","protected":false},"featured_media":26590,"comment_status":"closed","ping_status":"closed","template":"","meta":[],"product_brand":[],"product_cat":[24,568,81],"product_tag":[612,663,664,666,717,794,662,640,658,1036,479,147,251,2347,2350,2346,2349,2348,2351,2352,2353,795,2344,2345,2343,154,255,136,137,379,381,552,665,380,382,547,718],"class_list":{"0":"post-26536","1":"product","2":"type-product","3":"status-publish","4":"has-post-thumbnail","6":"product_cat-action-figuren","7":"product_cat-preorder","8":"product_cat-statuen-computerspieluniversum","9":"product_tag-anime","10":"product_tag-anime-figur-shop","11":"product_tag-anime-figuren-one-piece","12":"product_tag-anime-figuren-shop","13":"product_tag-anime-shop","14":"product_tag-anime-statue","15":"product_tag-anime-statue-shop","16":"product_tag-anime-statuen","17":"product_tag-anime-toys","18":"product_tag-cell-toys","19":"product_tag-collectible","20":"product_tag-collectibles","21":"product_tag-collectibles-kaufen","22":"product_tag-genshin-impact","23":"product_tag-genshin-impact-collectibles","24":"product_tag-genshin-impact-figurine","25":"product_tag-genshin-impact-raiden","26":"product_tag-genshin-impact-raiden-shogun","27":"product_tag-genshin-impact-resin","28":"product_tag-genshin-impact-statue","29":"product_tag-genshin-impact-statuen","30":"product_tag-handsomecake","31":"product_tag-raiden-collectible","32":"product_tag-raiden-figur","33":"product_tag-raiden-shogun","34":"product_tag-resin-collectibles","35":"product_tag-resin-collectibles-kaufen","36":"product_tag-resin-statuen","37":"product_tag-resin-statuen-kaufen","38":"product_tag-statue-collectible","39":"product_tag-statue-collectibles","40":"product_tag-statue-collector","41":"product_tag-statuen-shop","42":"product_tag-statues-collectible","43":"product_tag-statues-collectibles","44":"product_tag-statues-collector","45":"product_tag-toys","46":"pa_brand-dragon-studio","47":"pa_scale-1_to_4","49":"first","50":"instock","51":"taxable","52":"shipping-taxable","53":"product-type-variable"},"_links":{"self":[{"href":"https:\/\/store.handsomecake.com\/en\/wp-json\/wp\/v2\/product\/26536","targetHints":{"allow":["GET"]}}],"collection":[{"href":"https:\/\/store.handsomecake.com\/en\/wp-json\/wp\/v2\/product"}],"about":[{"href":"https:\/\/store.handsomecake.com\/en\/wp-json\/wp\/v2\/types\/product"}],"replies":[{"embeddable":true,"href":"https:\/\/store.handsomecake.com\/en\/wp-json\/wp\/v2\/comments?post=26536"}],"wp:featuredmedia":[{"embeddable":true,"href":"https:\/\/store.handsomecake.com\/en\/wp-json\/wp\/v2\/media\/26590"}],"wp:attachment":[{"href":"https:\/\/store.handsomecake.com\/en\/wp-json\/wp\/v2\/media?parent=26536"}],"wp:term":[{"taxonomy":"product_brand","embeddable":true,"href":"https:\/\/store.handsomecake.com\/en\/wp-json\/wp\/v2\/product_brand?post=26536"},{"taxonomy":"product_cat","embeddable":true,"href":"https:\/\/store.handsomecake.com\/en\/wp-json\/wp\/v2\/product_cat?post=26536"},{"taxonomy":"product_tag","embeddable":true,"href":"https:\/\/store.handsomecake.com\/en\/wp-json\/wp\/v2\/product_tag?post=26536"}],"curies":[{"name":"wp","href":"https:\/\/api.w.org\/{rel}","templated":true}]}}