{"id":26523,"date":"2023-11-13T02:01:48","date_gmt":"2023-11-13T02:01:48","guid":{"rendered":"https:\/\/store.handsomecake.com\/product\/demon-slayer-kocho-shinobu-16-resin-statue-von-silver-fox-studio-x-cheng-studio\/"},"modified":"2024-06-28T13:30:50","modified_gmt":"2024-06-28T13:30:50","slug":"demon-slayer-kocho-shinobu-16-resin-statue-von-silver-fox-studio-x-cheng-studio","status":"publish","type":"product","link":"https:\/\/store.handsomecake.com\/en\/product\/demon-slayer-kocho-shinobu-16-resin-statue-von-silver-fox-studio-x-cheng-studio\/","title":{"rendered":"Demon Slayer &#8211; Koch\u014d Shinobu | 1:6 Resin Statue | von Silver Fox Studio x CHENG Studio"},"content":{"rendered":"<p><strong>Demon Slayer &#8211; Koch\u014d Shinobu | 1:6 Resin Statue | von Silver Fox Studio x CHENG Studio<\/strong><\/p>\n<p>I do ship EU-wide, please contact me, should questions arise.<\/p>\n<p><span style=\"color: #ffffff;\"><em><span style=\"background-color: #2c3e50;\">&#8220; I once believed that the road of happiness continued forever and ever into the distance. When it was destroyed, I realized for the first time that it lies upon a thin sheet of glass. &#8222;<\/span><\/em><\/span><\/p>\n<p>Tolle Statue von m\u00e4chtiger Schwertk\u00e4mpferin und S\u00e4ule der Demon Slayer-Truppe<br \/>\nWunderbar verarbeitete und sehr detaillierte Insektens\u00e4ule Statue aus Polystone &#8211; k\u00fcnstlichem Stein-Harz-Gemisch.<\/p>\n<p><strong>Besonderheiten:<\/strong><\/p>\n<ul>\n<li>weltweit 188 St\u00fcck<\/li>\n<\/ul>\n<p><strong>Release-Status:<\/strong><\/p>\n<ul>\n<li>Preorder. Statue wird sch\u00e4tzungsweise am Ende Q2 2024 fertiggestellt und wir erwarten sie bei uns im Lager gegen Ende August 2024.<\/li>\n<\/ul>\n<p>Wie immer bei meinen Aktionen &#8211; s\u00e4mtliche Geb\u00fchren sind, im Gegensatz zu anderen Angeboten, bereits inkludiert. Versand erfolgt ausschlie\u00dflich aus Deutschland, es fallen keine Zoll- und Importgeb\u00fchren an. Ihr kauft keine Katze im Sack \ud83d\ude42<\/p>\n<p><strong>Ma\u00dfe der Statue:<\/strong><\/p>\n<ul>\n<li>Gr\u00f6\u00dfe: ca. H40 x W29 x D28cm<\/li>\n<li>Gewicht: TBA, ca. 11kg (gesch\u00e4tzt)<\/li>\n<\/ul>\n<p>You are not prepared! \ud83d\ude42<\/p>","protected":false},"excerpt":{"rendered":"<p>Demon Slayer &#8211; Koch\u014d Shinobu | 1:6 Resin Statue | von Silver Fox Studio x CHENG Studio I do ship EU-wide, please contact me, should questions arise. &#8220; I once believed that the road of happiness continued forever and ever into the distance. When it was destroyed, I realized for the first time that it [&hellip;]<\/p>\n","protected":false},"featured_media":26524,"comment_status":"closed","ping_status":"closed","template":"","meta":[],"product_brand":[],"product_cat":[24,1325,568,84],"product_tag":[612,656,666,708,1043,658,479,147,251,383,1432,1433,2986,1424,795,2988,2633,255,136,137,2987],"class_list":{"0":"post-26523","1":"product","2":"type-product","3":"status-publish","4":"has-post-thumbnail","6":"product_cat-action-figuren","7":"product_cat-demon-slayer","8":"product_cat-preorder","9":"product_cat-statuen-anime-comic-universum","10":"product_tag-anime","11":"product_tag-anime-collectibles","12":"product_tag-anime-figuren-shop","13":"product_tag-anime-statuen-shop","14":"product_tag-anime-statues","15":"product_tag-anime-toys","16":"product_tag-collectible","17":"product_tag-collectibles","18":"product_tag-collectibles-kaufen","19":"product_tag-collector","20":"product_tag-demon-slayer-figure","21":"product_tag-demon-slayer-resin-statue","22":"product_tag-demon-slayer-shinobu","23":"product_tag-demon-slayer-statue","24":"product_tag-handsomecake","25":"product_tag-kocho-shinobui","26":"product_tag-resin-collectible","27":"product_tag-resin-collectibles-kaufen","28":"product_tag-resin-statuen","29":"product_tag-resin-statuen-kaufen","30":"product_tag-shinobu","31":"pa_brand-cheng-studio","32":"pa_brand-silver-fox-studio","33":"pa_scale-1_to_6","35":"first","36":"instock","37":"taxable","38":"shipping-taxable","39":"product-type-simple"},"_links":{"self":[{"href":"https:\/\/store.handsomecake.com\/en\/wp-json\/wp\/v2\/product\/26523","targetHints":{"allow":["GET"]}}],"collection":[{"href":"https:\/\/store.handsomecake.com\/en\/wp-json\/wp\/v2\/product"}],"about":[{"href":"https:\/\/store.handsomecake.com\/en\/wp-json\/wp\/v2\/types\/product"}],"replies":[{"embeddable":true,"href":"https:\/\/store.handsomecake.com\/en\/wp-json\/wp\/v2\/comments?post=26523"}],"wp:featuredmedia":[{"embeddable":true,"href":"https:\/\/store.handsomecake.com\/en\/wp-json\/wp\/v2\/media\/26524"}],"wp:attachment":[{"href":"https:\/\/store.handsomecake.com\/en\/wp-json\/wp\/v2\/media?parent=26523"}],"wp:term":[{"taxonomy":"product_brand","embeddable":true,"href":"https:\/\/store.handsomecake.com\/en\/wp-json\/wp\/v2\/product_brand?post=26523"},{"taxonomy":"product_cat","embeddable":true,"href":"https:\/\/store.handsomecake.com\/en\/wp-json\/wp\/v2\/product_cat?post=26523"},{"taxonomy":"product_tag","embeddable":true,"href":"https:\/\/store.handsomecake.com\/en\/wp-json\/wp\/v2\/product_tag?post=26523"}],"curies":[{"name":"wp","href":"https:\/\/api.w.org\/{rel}","templated":true}]}}