{"id":26518,"date":"2023-11-13T01:56:35","date_gmt":"2023-11-13T01:56:35","guid":{"rendered":"https:\/\/store.handsomecake.com\/product\/genshin-impact-shenhe-14-resin-statue-von-fallen-angel-studio\/"},"modified":"2024-06-12T16:12:46","modified_gmt":"2024-06-12T16:12:46","slug":"genshin-impact-shenhe-14-resin-statue-von-fallen-angel-studio","status":"publish","type":"product","link":"https:\/\/store.handsomecake.com\/en\/product\/genshin-impact-shenhe-14-resin-statue-von-fallen-angel-studio\/","title":{"rendered":"Genshin Impact &#8211; Shenhe | 1:4 Resin Statue | von Fallen Angel Studio"},"content":{"rendered":"<p><strong>Genshin Impact &#8211; Shenhe | 1:4 Resin Statue | von Fallen Angel Studio<\/strong><\/p>\n<p>EU Taxfree! I do ship EU-wide, please contact me, should questions arise.<\/p>\n<p><span style=\"color: #ffffff;\"><em><span style=\"background-color: #2c3e50;\">&#8220; Eine adeptische Sch\u00fclerin mit einer \u00fcbernat\u00fcrlichen Aura, die ihr das langj\u00e4hrige eremitenhafte Leben in den Bergen von Liyue verleiht. Ihr Charakter ist von dem Gleichmut und der Distanzierung der Adepten zutiefst gepr\u00e4gt &#8222;<\/span><\/em><\/span><\/p>\n<p>Tolle Statue von &#8222;Unsterblicher Kranich&#8220; aus Liyue.<br \/>\nWunderbar verarbeitete und sehr detaillierte Shenhe Statue aus Polystone &#8211; k\u00fcnstlichem Stein-Harz-Gemisch.<\/p>\n<p><strong>Besonderheiten:<\/strong><\/p>\n<ul>\n<li>weltweit 199 St\u00fcck<\/li>\n<li>Exclusive Version ( Anzug Version + Bikini Version ( also 4 austauschbare K\u00f6pfe) )<\/li>\n<li>Anzug Version (2 austauschbare K\u00f6pfe) und Bikini Version (2 austauschbare K\u00f6pfe, Bikini abnehmbar) sind auch separat erh\u00e4ltlich<\/li>\n<\/ul>\n<p><strong>Release-Status:<\/strong><\/p>\n<ul>\n<li>Preorder. Statue wird voraussichtlich Q4 2024 released und wir erwarten sie sch\u00e4tzungsweise Ende Februar 2025 im Lager.<\/li>\n<\/ul>\n<p>Wie immer bei meinen Aktionen &#8211; s\u00e4mtliche Geb\u00fchren sind, im Gegensatz zu anderen Angeboten, bereits inkludiert. Versand erfolgt ausschlie\u00dflich aus Deutschland, es fallen keine Zoll- und Importgeb\u00fchren an. Ihr kauft keine Katze im Sack \ud83d\ude42<\/p>\n<p><strong>Ma\u00dfe der Statue:<\/strong><\/p>\n<ul>\n<li>Gr\u00f6\u00dfe: ca. 50cm x D29cm x W29cm<\/li>\n<li>Gewicht: TBA, gesch\u00e4tzt: ca. 12 kg<\/li>\n<\/ul>\n<p>You are not prepared! \ud83d\ude42<\/p>","protected":false},"excerpt":{"rendered":"<p>Genshin Impact &#8211; Shenhe | 1:4 Resin Statue | von Fallen Angel Studio EU Taxfree! I do ship EU-wide, please contact me, should questions arise. &#8220; Eine adeptische Sch\u00fclerin mit einer \u00fcbernat\u00fcrlichen Aura, die ihr das langj\u00e4hrige eremitenhafte Leben in den Bergen von Liyue verleiht. Ihr Charakter ist von dem Gleichmut und der Distanzierung der [&hellip;]<\/p>\n","protected":false},"featured_media":26522,"comment_status":"closed","ping_status":"closed","template":"","meta":[],"product_brand":[],"product_cat":[24,568,81],"product_tag":[612,663,664,666,717,794,662,640,658,1036,479,147,251,2347,2350,2346,2349,2351,2979,2352,2353,795,2343,154,255,136,137,2980,2981,379,381,552,665,380,382,547,718],"class_list":{"0":"post-26518","1":"product","2":"type-product","3":"status-publish","4":"has-post-thumbnail","6":"product_cat-action-figuren","7":"product_cat-preorder","8":"product_cat-statuen-computerspieluniversum","9":"product_tag-anime","10":"product_tag-anime-figur-shop","11":"product_tag-anime-figuren-one-piece","12":"product_tag-anime-figuren-shop","13":"product_tag-anime-shop","14":"product_tag-anime-statue","15":"product_tag-anime-statue-shop","16":"product_tag-anime-statuen","17":"product_tag-anime-toys","18":"product_tag-cell-toys","19":"product_tag-collectible","20":"product_tag-collectibles","21":"product_tag-collectibles-kaufen","22":"product_tag-genshin-impact","23":"product_tag-genshin-impact-collectibles","24":"product_tag-genshin-impact-figurine","25":"product_tag-genshin-impact-raiden","26":"product_tag-genshin-impact-resin","27":"product_tag-genshin-impact-shenhe","28":"product_tag-genshin-impact-statue","29":"product_tag-genshin-impact-statuen","30":"product_tag-handsomecake","31":"product_tag-raiden-shogun","32":"product_tag-resin-collectibles","33":"product_tag-resin-collectibles-kaufen","34":"product_tag-resin-statuen","35":"product_tag-resin-statuen-kaufen","36":"product_tag-shenhe-collectible","37":"product_tag-shenhe-figur","38":"product_tag-statue-collectible","39":"product_tag-statue-collectibles","40":"product_tag-statue-collector","41":"product_tag-statuen-shop","42":"product_tag-statues-collectible","43":"product_tag-statues-collectibles","44":"product_tag-statues-collector","45":"product_tag-toys","46":"pa_brand-fallen-angel-studio","47":"pa_scale-1_to_4","49":"first","50":"instock","51":"taxable","52":"shipping-taxable","53":"product-type-variable"},"_links":{"self":[{"href":"https:\/\/store.handsomecake.com\/en\/wp-json\/wp\/v2\/product\/26518","targetHints":{"allow":["GET"]}}],"collection":[{"href":"https:\/\/store.handsomecake.com\/en\/wp-json\/wp\/v2\/product"}],"about":[{"href":"https:\/\/store.handsomecake.com\/en\/wp-json\/wp\/v2\/types\/product"}],"replies":[{"embeddable":true,"href":"https:\/\/store.handsomecake.com\/en\/wp-json\/wp\/v2\/comments?post=26518"}],"wp:featuredmedia":[{"embeddable":true,"href":"https:\/\/store.handsomecake.com\/en\/wp-json\/wp\/v2\/media\/26522"}],"wp:attachment":[{"href":"https:\/\/store.handsomecake.com\/en\/wp-json\/wp\/v2\/media?parent=26518"}],"wp:term":[{"taxonomy":"product_brand","embeddable":true,"href":"https:\/\/store.handsomecake.com\/en\/wp-json\/wp\/v2\/product_brand?post=26518"},{"taxonomy":"product_cat","embeddable":true,"href":"https:\/\/store.handsomecake.com\/en\/wp-json\/wp\/v2\/product_cat?post=26518"},{"taxonomy":"product_tag","embeddable":true,"href":"https:\/\/store.handsomecake.com\/en\/wp-json\/wp\/v2\/product_tag?post=26518"}],"curies":[{"name":"wp","href":"https:\/\/api.w.org\/{rel}","templated":true}]}}