{"id":26503,"date":"2023-11-13T01:52:23","date_gmt":"2023-11-13T01:52:23","guid":{"rendered":"https:\/\/store.handsomecake.com\/product\/blue-lock-isagi-yoichi-16-resin-statue-von-ltj-studio\/"},"modified":"2024-06-12T16:12:58","modified_gmt":"2024-06-12T16:12:58","slug":"blue-lock-isagi-yoichi-16-resin-statue-von-ltj-studio","status":"publish","type":"product","link":"https:\/\/store.handsomecake.com\/en\/product\/blue-lock-isagi-yoichi-16-resin-statue-von-ltj-studio\/","title":{"rendered":"Blue Lock &#8211; Isagi Yoichi | 1:6 Resin Statue | von LTJ Studio"},"content":{"rendered":"<p><strong>Blue Lock &#8211; Isagi Yoichi | 1:6 Resin Statue | von LTJ Studio<\/strong><\/p>\n<p>I do ship EU-wide, please contact me, should questions arise.<\/p>\n<p>Tolle Statue von dem Mitglied des Team Z f\u00fcr die erste Auswahl.<br \/>\nWunderbar verarbeitete und sehr detaillierte Isagi Statue aus Polystone &#8211; k\u00fcnstlichem Stein-Harz-Gemisch.<\/p>\n<p><strong>Besonderheiten:<\/strong><\/p>\n<ul>\n<li>2 austauschbare K\u00f6pfe (eine Kopf mit LED)<\/li>\n<\/ul>\n<p><strong>Release-Status:<\/strong><\/p>\n<ul>\n<li>Preorder. Statue wird sch\u00e4tzungsweise am Ende Q2 2024 fertiggestellt und wir erwarten sie bei uns im Lager gegen Ende August 2024.<\/li>\n<\/ul>\n<p>Wie immer bei meinen Aktionen &#8211; s\u00e4mtliche Geb\u00fchren sind, im Gegensatz zu anderen Angeboten, bereits inkludiert. Versand erfolgt ausschlie\u00dflich aus Deutschland, es fallen keine Zoll- und Importgeb\u00fchren an. Ihr kauft keine Katze im Sack \ud83d\ude42<\/p>\n<p><strong>Ma\u00dfe der Statue:<\/strong><\/p>\n<ul>\n<li>Gr\u00f6\u00dfe: ca. H38cm x W33cm x L36cm<\/li>\n<li>Gewicht: TBA, gesch\u00e4tzt: ca. 11kg<\/li>\n<\/ul>\n<p>You are not prepared! \ud83d\ude42<\/p>","protected":false},"excerpt":{"rendered":"<p>Blue Lock &#8211; Isagi Yoichi | 1:6 Resin Statue | von LTJ Studio I do ship EU-wide, please contact me, should questions arise. Tolle Statue von dem Mitglied des Team Z f\u00fcr die erste Auswahl. Wunderbar verarbeitete und sehr detaillierte Isagi Statue aus Polystone &#8211; k\u00fcnstlichem Stein-Harz-Gemisch. Besonderheiten: 2 austauschbare K\u00f6pfe (eine Kopf mit LED) [&hellip;]<\/p>\n","protected":false},"featured_media":26504,"comment_status":"closed","ping_status":"closed","template":"","meta":[],"product_brand":[],"product_cat":[24,568,84],"product_tag":[612,656,666,708,1043,658,2989,2992,2990,479,147,251,383,795,2993,2991,2994,2633,255,136,137],"class_list":{"0":"post-26503","1":"product","2":"type-product","3":"status-publish","4":"has-post-thumbnail","6":"product_cat-action-figuren","7":"product_cat-preorder","8":"product_cat-statuen-anime-comic-universum","9":"product_tag-anime","10":"product_tag-anime-collectibles","11":"product_tag-anime-figuren-shop","12":"product_tag-anime-statuen-shop","13":"product_tag-anime-statues","14":"product_tag-anime-toys","15":"product_tag-blue-lock-figure","16":"product_tag-blue-lock-statue","17":"product_tag-blue-lockblue-lock-resin-statue","18":"product_tag-collectible","19":"product_tag-collectibles","20":"product_tag-collectibles-kaufen","21":"product_tag-collector","22":"product_tag-handsomecake","23":"product_tag-isagi","24":"product_tag-isagi-blue-lock","25":"product_tag-isagi-yoichi","26":"product_tag-resin-collectible","27":"product_tag-resin-collectibles-kaufen","28":"product_tag-resin-statuen","29":"product_tag-resin-statuen-kaufen","30":"pa_brand-ltj-studio","31":"pa_scale-1_to_6","33":"first","34":"instock","35":"taxable","36":"shipping-taxable","37":"product-type-simple"},"_links":{"self":[{"href":"https:\/\/store.handsomecake.com\/en\/wp-json\/wp\/v2\/product\/26503","targetHints":{"allow":["GET"]}}],"collection":[{"href":"https:\/\/store.handsomecake.com\/en\/wp-json\/wp\/v2\/product"}],"about":[{"href":"https:\/\/store.handsomecake.com\/en\/wp-json\/wp\/v2\/types\/product"}],"replies":[{"embeddable":true,"href":"https:\/\/store.handsomecake.com\/en\/wp-json\/wp\/v2\/comments?post=26503"}],"wp:featuredmedia":[{"embeddable":true,"href":"https:\/\/store.handsomecake.com\/en\/wp-json\/wp\/v2\/media\/26504"}],"wp:attachment":[{"href":"https:\/\/store.handsomecake.com\/en\/wp-json\/wp\/v2\/media?parent=26503"}],"wp:term":[{"taxonomy":"product_brand","embeddable":true,"href":"https:\/\/store.handsomecake.com\/en\/wp-json\/wp\/v2\/product_brand?post=26503"},{"taxonomy":"product_cat","embeddable":true,"href":"https:\/\/store.handsomecake.com\/en\/wp-json\/wp\/v2\/product_cat?post=26503"},{"taxonomy":"product_tag","embeddable":true,"href":"https:\/\/store.handsomecake.com\/en\/wp-json\/wp\/v2\/product_tag?post=26503"}],"curies":[{"name":"wp","href":"https:\/\/api.w.org\/{rel}","templated":true}]}}