{"id":26411,"date":"2023-11-06T22:57:17","date_gmt":"2023-11-06T22:57:17","guid":{"rendered":"https:\/\/store.handsomecake.com\/product\/one-piece-yamato-14-resin-statue-von-third-eye-studio\/"},"modified":"2024-06-12T16:12:19","modified_gmt":"2024-06-12T16:12:19","slug":"one-piece-yamato-14-resin-statue-von-third-eye-studio","status":"publish","type":"product","link":"https:\/\/store.handsomecake.com\/en\/product\/one-piece-yamato-14-resin-statue-von-third-eye-studio\/","title":{"rendered":"One Piece &#8211; Yamato | 1:4 Resin Statue | von Third Eye Studio"},"content":{"rendered":"<p><strong>One Piece &#8211; Yamato | 1:4 Resin Statue | von Third Eye Studio<\/strong><\/p>\n<p>I do ship EU-wide, please contact me, should questions arise.<\/p>\n<p>Tolle Statue des Sohnes von Kaidou<br \/>\nWunderbar verarbeitete und sehr detaillierte Yamato aus Polystone &#8211; k\u00fcnstlichem Stein-Harz-Gemisch.<\/p>\n<p><strong>Besonderheiten<\/strong>:<\/p>\n<ul>\n<li>weltweit 228 St\u00fcck<\/li>\n<li>1:6 und 1:4 Versionen verf\u00fcgbar<\/li>\n<\/ul>\n<p><strong>Release-Status:<\/strong><\/p>\n<ul>\n<li>Preorder. Statue wird sch\u00e4tzungsweise Q2 2024 fertiggestellt und wir erwarten sie bei uns im Lager gegen Ende August 2024.<\/li>\n<\/ul>\n<p>Wie immer bei meinen Aktionen &#8211; s\u00e4mtliche Geb\u00fchren sind, im Gegensatz zu anderen Angeboten, bereits inkludiert. Versand erfolgt ausschlie\u00dflich aus Deutschland, es fallen keine Zoll- und Importgeb\u00fchren an. Ihr kauft keine Katze im Sack \ud83d\ude42<\/p>\n<p><strong>Ma\u00dfe der Statue:<\/strong><\/p>\n<ul>\n<li>Gr\u00f6\u00dfe(1:4): ca. H65cm x W47cm x D33cm<\/li>\n<li>Gr\u00f6\u00dfe(1:6): ca. H43cm x W31cm x D22cm<\/li>\n<li>Gewicht: TBA, gesch\u00e4tzt: ca. 11kg<\/li>\n<\/ul>\n<p>You are not prepared! \ud83d\ude42<\/p>","protected":false},"excerpt":{"rendered":"<p>One Piece &#8211; Yamato | 1:4 Resin Statue | von Third Eye Studio I do ship EU-wide, please contact me, should questions arise. Tolle Statue des Sohnes von Kaidou Wunderbar verarbeitete und sehr detaillierte Yamato aus Polystone &#8211; k\u00fcnstlichem Stein-Harz-Gemisch. Besonderheiten: weltweit 228 St\u00fcck 1:6 und 1:4 Versionen verf\u00fcgbar Release-Status: Preorder. Statue wird sch\u00e4tzungsweise Q2 [&hellip;]<\/p>\n","protected":false},"featured_media":26455,"comment_status":"closed","ping_status":"closed","template":"","meta":[],"product_brand":[],"product_cat":[24,89,568,84],"product_tag":[612,664,666,717,794,662,640,658,479,147,251,795,164,502,165,154,255,136,137,379,381,552,380,2046,2047,2048,2049],"class_list":{"0":"post-26411","1":"product","2":"type-product","3":"status-publish","4":"has-post-thumbnail","6":"product_cat-action-figuren","7":"product_cat-one-piece","8":"product_cat-preorder","9":"product_cat-statuen-anime-comic-universum","10":"product_tag-anime","11":"product_tag-anime-figuren-one-piece","12":"product_tag-anime-figuren-shop","13":"product_tag-anime-shop","14":"product_tag-anime-statue","15":"product_tag-anime-statue-shop","16":"product_tag-anime-statuen","17":"product_tag-anime-toys","18":"product_tag-collectible","19":"product_tag-collectibles","20":"product_tag-collectibles-kaufen","21":"product_tag-handsomecake","22":"product_tag-one-piece-collectibles","23":"product_tag-one-piece-resin","24":"product_tag-one-piece-statue","25":"product_tag-resin-collectibles","26":"product_tag-resin-collectibles-kaufen","27":"product_tag-resin-statuen","28":"product_tag-resin-statuen-kaufen","29":"product_tag-statue-collectible","30":"product_tag-statue-collectibles","31":"product_tag-statue-collector","32":"product_tag-statues-collectible","33":"product_tag-yamato","34":"product_tag-yamato-collectible","35":"product_tag-yamato-one-piece","36":"product_tag-yamato-statue","37":"pa_brand-third-eye-studio","39":"first","40":"instock","41":"taxable","42":"shipping-taxable","43":"product-type-variable"},"_links":{"self":[{"href":"https:\/\/store.handsomecake.com\/en\/wp-json\/wp\/v2\/product\/26411","targetHints":{"allow":["GET"]}}],"collection":[{"href":"https:\/\/store.handsomecake.com\/en\/wp-json\/wp\/v2\/product"}],"about":[{"href":"https:\/\/store.handsomecake.com\/en\/wp-json\/wp\/v2\/types\/product"}],"replies":[{"embeddable":true,"href":"https:\/\/store.handsomecake.com\/en\/wp-json\/wp\/v2\/comments?post=26411"}],"wp:featuredmedia":[{"embeddable":true,"href":"https:\/\/store.handsomecake.com\/en\/wp-json\/wp\/v2\/media\/26455"}],"wp:attachment":[{"href":"https:\/\/store.handsomecake.com\/en\/wp-json\/wp\/v2\/media?parent=26411"}],"wp:term":[{"taxonomy":"product_brand","embeddable":true,"href":"https:\/\/store.handsomecake.com\/en\/wp-json\/wp\/v2\/product_brand?post=26411"},{"taxonomy":"product_cat","embeddable":true,"href":"https:\/\/store.handsomecake.com\/en\/wp-json\/wp\/v2\/product_cat?post=26411"},{"taxonomy":"product_tag","embeddable":true,"href":"https:\/\/store.handsomecake.com\/en\/wp-json\/wp\/v2\/product_tag?post=26411"}],"curies":[{"name":"wp","href":"https:\/\/api.w.org\/{rel}","templated":true}]}}