{"id":2641,"date":"2021-03-29T06:11:51","date_gmt":"2021-03-29T06:11:51","guid":{"rendered":"https:\/\/store.handsomecake.com\/product\/one-piece-roronoa-zoro-14-resin-statue-von-burning-wind-vs-ventus\/"},"modified":"2024-08-12T15:44:04","modified_gmt":"2024-08-12T15:44:04","slug":"one-piece-roronoa-zoro-14-resin-statue-von-burning-wind-vs-ventus","status":"publish","type":"product","link":"https:\/\/store.handsomecake.com\/en\/product\/one-piece-roronoa-zoro-14-resin-statue-von-burning-wind-vs-ventus\/","title":{"rendered":"One Piece &#8211; Roronoa Zoro | 1:4 Resin Statue | von Burning Wind vs. Ventus"},"content":{"rendered":"<p>One Piece &#8211; Roronoa Zoro &#8218; 1:4 Resin Statue &#8218; von Burning Wind vs. Ventus Studios<\/p>\n<p>I do ship EU-wide, please contact me, should questions arise.<br \/>\nTolle Statue von unserem geliebten Schwertmeister<\/p>\n<p>Wunderbar verarbeitete und sehr detaillierte Roronoa Zoro Statue aus Polystone &#8211; k\u00fcnstlichem Stein-Harz-Gemisch.<\/p>\n<p>Besonderheiten:<\/p>\n<ul>\n<li>keine<\/li>\n<\/ul>\n<p>Release-Status:<\/p>\n<ul>\n<li>Warenlager China.<\/li>\n<\/ul>\n<p>Wie immer bei meinen Aktionen &#8211; s\u00e4mtliche Geb\u00fchren sind, im Gegensatz zu anderen Angeboten, bereits inkludiert. Versand erfolgt ausschlie\u00dflich aus Deutschland, es fallen keine Zoll- und Importgeb\u00fchren an. Ihr kauft keine Katze im Sack \ud83d\ude42<\/p>\n<p>Ma\u00dfe der Statue:<br \/>\nGr\u00f6\u00dfe: ca. H51cm x W38cm x D53cm<br \/>\nGewicht: TBA, gesch\u00e4tzt: ca. 18kg<\/p>\n<p>You are not prepared! \ud83d\ude42<\/p>","protected":false},"excerpt":{"rendered":"<p>One Piece &#8211; Roronoa Zoro &#8218; 1:4 Resin Statue &#8218; von Burning Wind vs. Ventus Studios I do ship EU-wide, please contact me, should questions arise. Tolle Statue von unserem geliebten Schwertmeister Wunderbar verarbeitete und sehr detaillierte Roronoa Zoro Statue aus Polystone &#8211; k\u00fcnstlichem Stein-Harz-Gemisch. Besonderheiten: keine Release-Status: Warenlager China. Wie immer bei meinen Aktionen [&hellip;]<\/p>\n","protected":false},"featured_media":2642,"comment_status":"closed","ping_status":"closed","template":"","meta":[],"product_brand":[],"product_cat":[89,84,567],"product_tag":[],"class_list":{"0":"post-2641","1":"product","2":"type-product","3":"status-publish","4":"has-post-thumbnail","6":"product_cat-one-piece","7":"product_cat-statuen-anime-comic-universum","8":"product_cat-in_stock_warehouse_china","9":"pa_brand-burning-wind-vs-ventus","10":"pa_scale-1_to_4","12":"first","13":"outofstock","14":"taxable","15":"shipping-taxable","16":"product-type-simple"},"_links":{"self":[{"href":"https:\/\/store.handsomecake.com\/en\/wp-json\/wp\/v2\/product\/2641","targetHints":{"allow":["GET"]}}],"collection":[{"href":"https:\/\/store.handsomecake.com\/en\/wp-json\/wp\/v2\/product"}],"about":[{"href":"https:\/\/store.handsomecake.com\/en\/wp-json\/wp\/v2\/types\/product"}],"replies":[{"embeddable":true,"href":"https:\/\/store.handsomecake.com\/en\/wp-json\/wp\/v2\/comments?post=2641"}],"wp:featuredmedia":[{"embeddable":true,"href":"https:\/\/store.handsomecake.com\/en\/wp-json\/wp\/v2\/media\/2642"}],"wp:attachment":[{"href":"https:\/\/store.handsomecake.com\/en\/wp-json\/wp\/v2\/media?parent=2641"}],"wp:term":[{"taxonomy":"product_brand","embeddable":true,"href":"https:\/\/store.handsomecake.com\/en\/wp-json\/wp\/v2\/product_brand?post=2641"},{"taxonomy":"product_cat","embeddable":true,"href":"https:\/\/store.handsomecake.com\/en\/wp-json\/wp\/v2\/product_cat?post=2641"},{"taxonomy":"product_tag","embeddable":true,"href":"https:\/\/store.handsomecake.com\/en\/wp-json\/wp\/v2\/product_tag?post=2641"}],"curies":[{"name":"wp","href":"https:\/\/api.w.org\/{rel}","templated":true}]}}