{"id":26383,"date":"2023-11-06T22:53:05","date_gmt":"2023-11-06T22:53:05","guid":{"rendered":"https:\/\/store.handsomecake.com\/product\/bleach-ichigo-kurosaki-16-resin-statue-von-hex-collectibles\/"},"modified":"2024-06-12T16:12:35","modified_gmt":"2024-06-12T16:12:35","slug":"bleach-ichigo-kurosaki-16-resin-statue-von-hex-collectibles","status":"publish","type":"product","link":"https:\/\/store.handsomecake.com\/en\/product\/bleach-ichigo-kurosaki-16-resin-statue-von-hex-collectibles\/","title":{"rendered":"Bleach &#8211; Ichigo Kurosaki | 1:6 Resin Statue | von HEX Collectibles"},"content":{"rendered":"<p><strong>Bleach &#8211; Ichigo Kurosaki | 1:6 Resin Statue | von HEX Collectibles<\/strong><\/p>\n<p>EU Taxfree! I do ship EU-wide, please contact me, should questions arise.<\/p>\n<p>Tolle Statue von Ersatz-Shinigami &#8211; Ichigo Kurosaki<\/p>\n<p><span style=\"color: #ffffff;\"><em><span style=\"background-color: #2c3e50;\">\u00a0&#8220; Pariere, wenn du leben willst. Wenn du jemanden besch\u00fctzen willst, lass ihn nicht sterben, und wenn du angreifst, t\u00f6te! &#8220;\u00a0 <\/span><\/em><\/span><\/p>\n<p>Wunderbar verarbeitete und sehr detaillierte Ichigo Statue aus Polystone &#8211; k\u00fcnstlichem Stein-Harz-Gemisch.<\/p>\n<p><strong>Besonderheiten:<\/strong><\/p>\n<ul>\n<li>Regular und Exclusive Versionen verf\u00fcgbar<\/li>\n<\/ul>\n<p><strong>Release-Status:<\/strong><\/p>\n<ul>\n<li>Preorder. Statue wird voraussichtlich Q1 2025 erscheinen und wir erwarten sie voraussichtlich Ende Mai 2025 im Warenlager.<\/li>\n<\/ul>\n<p>Wie immer bei meinen Artikeln &#8211; s\u00e4mtliche Geb\u00fchren sind, im Gegensatz zu anderen Angeboten, bereits inkludiert. Versand erfolgt ausschlie\u00dflich aus Deutschland, es fallen keine Zoll- und Importgeb\u00fchren an. Ihr kauft keine Katze im Sack \ud83d\ude42<\/p>\n<p><strong>Ma\u00dfe der Statue:<\/strong><\/p>\n<ul>\n<li>Gr\u00f6\u00dfe(Regular): ca. H51cm x W52.5cm x D40cm<\/li>\n<li>Gr\u00f6\u00dfe(EX): ca. H56.5cm x W62cm x D34cm<\/li>\n<li>Gewicht: TBA, ca. 14kg (gesch\u00e4tzt)<\/li>\n<\/ul>\n<p>You are not prepared! \ud83d\ude42<\/p>","protected":false},"excerpt":{"rendered":"<p>Bleach &#8211; Ichigo Kurosaki | 1:6 Resin Statue | von HEX Collectibles EU Taxfree! I do ship EU-wide, please contact me, should questions arise. Tolle Statue von Ersatz-Shinigami &#8211; Ichigo Kurosaki \u00a0&#8220; Pariere, wenn du leben willst. Wenn du jemanden besch\u00fctzen willst, lass ihn nicht sterben, und wenn du angreifst, t\u00f6te! &#8220;\u00a0 Wunderbar verarbeitete und [&hellip;]<\/p>\n","protected":false},"featured_media":26466,"comment_status":"closed","ping_status":"closed","template":"","meta":[],"product_brand":[],"product_cat":[24,568,84],"product_tag":[612,659,666,658,991,992,995,993,994,996,147,251,383,553,795,997,998,999,1000,1001,154,136,554,379,381,552,547],"class_list":{"0":"post-26383","1":"product","2":"type-product","3":"status-publish","4":"has-post-thumbnail","6":"product_cat-action-figuren","7":"product_cat-preorder","8":"product_cat-statuen-anime-comic-universum","9":"product_tag-anime","10":"product_tag-anime-figuren","11":"product_tag-anime-figuren-shop","12":"product_tag-anime-toys","13":"product_tag-bleach-statue","14":"product_tag-bleach-collectibles","15":"product_tag-bleach","16":"product_tag-bleach-resin","17":"product_tag-bleach-statues","18":"product_tag-bleach-toys","19":"product_tag-collectibles","20":"product_tag-collectibles-kaufen","21":"product_tag-collector","22":"product_tag-figure-collector","23":"product_tag-handsomecake","24":"product_tag-ichigo-kurosaki","25":"product_tag-ichigo-kurosaki-collectibles","26":"product_tag-ichigo-kurosaki-resin","27":"product_tag-ichigo-kurosaki-statues","28":"product_tag-ichigo-kurosaki-toys","29":"product_tag-resin-collectibles","30":"product_tag-resin-statuen","31":"product_tag-resin-statues","32":"product_tag-statue-collectible","33":"product_tag-statue-collectibles","34":"product_tag-statue-collector","35":"product_tag-statues-collector","36":"pa_brand-hex-collectibles","37":"pa_scale-1_to_6","39":"first","40":"instock","41":"taxable","42":"shipping-taxable","43":"product-type-variable"},"_links":{"self":[{"href":"https:\/\/store.handsomecake.com\/en\/wp-json\/wp\/v2\/product\/26383","targetHints":{"allow":["GET"]}}],"collection":[{"href":"https:\/\/store.handsomecake.com\/en\/wp-json\/wp\/v2\/product"}],"about":[{"href":"https:\/\/store.handsomecake.com\/en\/wp-json\/wp\/v2\/types\/product"}],"replies":[{"embeddable":true,"href":"https:\/\/store.handsomecake.com\/en\/wp-json\/wp\/v2\/comments?post=26383"}],"wp:featuredmedia":[{"embeddable":true,"href":"https:\/\/store.handsomecake.com\/en\/wp-json\/wp\/v2\/media\/26466"}],"wp:attachment":[{"href":"https:\/\/store.handsomecake.com\/en\/wp-json\/wp\/v2\/media?parent=26383"}],"wp:term":[{"taxonomy":"product_brand","embeddable":true,"href":"https:\/\/store.handsomecake.com\/en\/wp-json\/wp\/v2\/product_brand?post=26383"},{"taxonomy":"product_cat","embeddable":true,"href":"https:\/\/store.handsomecake.com\/en\/wp-json\/wp\/v2\/product_cat?post=26383"},{"taxonomy":"product_tag","embeddable":true,"href":"https:\/\/store.handsomecake.com\/en\/wp-json\/wp\/v2\/product_tag?post=26383"}],"curies":[{"name":"wp","href":"https:\/\/api.w.org\/{rel}","templated":true}]}}