{"id":26382,"date":"2023-11-06T22:41:22","date_gmt":"2023-11-06T22:41:22","guid":{"rendered":"https:\/\/store.handsomecake.com\/product\/diablo-iv-lilith-14-resin-statue-von-blizzard\/"},"modified":"2025-03-31T12:03:01","modified_gmt":"2025-03-31T12:03:01","slug":"diablo-iv-lilith-14-resin-statue-von-blizzard","status":"publish","type":"product","link":"https:\/\/store.handsomecake.com\/en\/product\/diablo-iv-lilith-14-resin-statue-von-blizzard\/","title":{"rendered":"Diablo IV &#8211; Lilith | 1:4 Resin Statue | von Blizzard"},"content":{"rendered":"<p><strong>Diablo IV &#8211; Lilith | 1:4 Resin Statue | von Blizzard<\/strong><\/p>\n<p>EU Taxfree! I do ship EU-wide, please contact me, should questions arise.<\/p>\n<p><em><span style=\"color: #ffffff;\"><span style=\"background-color: #2c3e50;\">\u00a0&#8220; By three they come. By three, thy way opens. By the blood of the willing, we call thee home. Hail, Daughter of Hatred. Creator of Sanctuary. Hail&#8230;Lilith.&#8220;\u00a0 <\/span><\/span><\/em><\/p>\n<p>Wunderbar verarbeitete und sehr detaillierte Statue von der Tochter Mephistos aus Polystone &#8211; k\u00fcnstlichem Stein-Harz-Gemisch.<\/p>\n<p><strong>Besonderheiten:<\/strong><\/p>\n<ul>\n<li>handbemalt<\/li>\n<\/ul>\n<p><strong>Release-Status:<\/strong><\/p>\n<ul>\n<li>Released. Ab Bestellzeitpunkt in ca. 1-2 Wochen bei euch.<\/li>\n<\/ul>\n<p>Wie immer bei meinen Artikeln &#8211; s\u00e4mtliche Geb\u00fchren sind, im Gegensatz zu anderen Angeboten, bereits inkludiert. Versand erfolgt ausschlie\u00dflich aus Deutschland, es fallen keine Zoll- und Importgeb\u00fchren an. Ihr kauft keine Katze im Sack \ud83d\ude42<\/p>\n<p><strong>Ma\u00dfe der Statue:<\/strong><\/p>\n<ul>\n<li>Gr\u00f6\u00dfe: H62cm x 42cm x 25.5cm<\/li>\n<li>Gewicht: ca. 8.63 kg<\/li>\n<\/ul>\n<p>You are not prepared! \ud83d\ude42<\/p>","protected":false},"excerpt":{"rendered":"<p>Diablo IV &#8211; Lilith | 1:4 Resin Statue | von Blizzard EU Taxfree! I do ship EU-wide, please contact me, should questions arise. \u00a0&#8220; By three they come. By three, thy way opens. By the blood of the willing, we call thee home. Hail, Daughter of Hatred. Creator of Sanctuary. Hail&#8230;Lilith.&#8220;\u00a0 Wunderbar verarbeitete und sehr [&hellip;]<\/p>\n","protected":false},"featured_media":26431,"comment_status":"closed","ping_status":"closed","template":"","meta":[],"product_brand":[],"product_cat":[24,315,81,567],"product_tag":[147,251,317,2774,2967,2970,318,320,2966,2969,319,321,323,2965,2968,154,136,137],"class_list":{"0":"post-26382","1":"product","2":"type-product","3":"status-publish","4":"has-post-thumbnail","6":"product_cat-action-figuren","7":"product_cat-diablo","8":"product_cat-statuen-computerspieluniversum","9":"product_cat-in_stock_warehouse_china","10":"product_tag-collectibles","11":"product_tag-collectibles-kaufen","12":"product_tag-diablo","13":"product_tag-diablo-4","14":"product_tag-diablo-4-lilith","15":"product_tag-diablo-4-lilith-statue","16":"product_tag-diablo-collectibles","17":"product_tag-diablo-collectibles-kaufen","18":"product_tag-diablo-lilith","19":"product_tag-diablo-lilith-statue","20":"product_tag-diablo-statuen","21":"product_tag-diablo-statuen-kaufen","22":"product_tag-imperius-collectible","23":"product_tag-lilith","24":"product_tag-lilith-diablo","25":"product_tag-resin-collectibles","26":"product_tag-resin-statuen","27":"product_tag-resin-statuen-kaufen","28":"pa_brand-blizzard","29":"pa_scale-1_to_4","31":"first","32":"instock","33":"sale","34":"taxable","35":"shipping-taxable","36":"product-type-simple"},"_links":{"self":[{"href":"https:\/\/store.handsomecake.com\/en\/wp-json\/wp\/v2\/product\/26382","targetHints":{"allow":["GET"]}}],"collection":[{"href":"https:\/\/store.handsomecake.com\/en\/wp-json\/wp\/v2\/product"}],"about":[{"href":"https:\/\/store.handsomecake.com\/en\/wp-json\/wp\/v2\/types\/product"}],"replies":[{"embeddable":true,"href":"https:\/\/store.handsomecake.com\/en\/wp-json\/wp\/v2\/comments?post=26382"}],"wp:featuredmedia":[{"embeddable":true,"href":"https:\/\/store.handsomecake.com\/en\/wp-json\/wp\/v2\/media\/26431"}],"wp:attachment":[{"href":"https:\/\/store.handsomecake.com\/en\/wp-json\/wp\/v2\/media?parent=26382"}],"wp:term":[{"taxonomy":"product_brand","embeddable":true,"href":"https:\/\/store.handsomecake.com\/en\/wp-json\/wp\/v2\/product_brand?post=26382"},{"taxonomy":"product_cat","embeddable":true,"href":"https:\/\/store.handsomecake.com\/en\/wp-json\/wp\/v2\/product_cat?post=26382"},{"taxonomy":"product_tag","embeddable":true,"href":"https:\/\/store.handsomecake.com\/en\/wp-json\/wp\/v2\/product_tag?post=26382"}],"curies":[{"name":"wp","href":"https:\/\/api.w.org\/{rel}","templated":true}]}}