{"id":26356,"date":"2023-11-03T18:22:10","date_gmt":"2023-11-03T18:22:10","guid":{"rendered":"https:\/\/store.handsomecake.com\/product\/god-of-war-atreus-kratos-14-resin-statue-von-sword-wing-studio\/"},"modified":"2025-01-18T13:03:22","modified_gmt":"2025-01-18T13:03:22","slug":"god-of-war-atreus-kratos-14-resin-statue-von-sword-wing-studio","status":"publish","type":"product","link":"https:\/\/store.handsomecake.com\/en\/product\/god-of-war-atreus-kratos-14-resin-statue-von-sword-wing-studio\/","title":{"rendered":"God of War &#8211; Atreus &amp; Kratos | 1:4 Resin Statue | von Sword &#038; Wing Studio"},"content":{"rendered":"<p><strong>God of War &#8211; Atreus &amp; Kratos | 1:4 Resin Statue | von Sword &amp; Wing Studio<\/strong><\/p>\n<p>EU Taxfree! I do ship EU-wide, please contact me, should questions arise.<\/p>\n<p>Tolle Statue von Kratos und seinem Sohn.<br \/>\nWunderbar verarbeitete und sehr detaillierte Ragnarok Loki &amp; Kratos Statue aus Polystone &#8211; k\u00fcnstlichem Stein-Harz-Gemisch.<\/p>\n<p><strong>Besonderheiten:<\/strong><\/p>\n<ul>\n<li>weltweit auf 88 St\u00fcck begrenzt<\/li>\n<\/ul>\n<p><strong>Release-Status:<\/strong><\/p>\n<ul>\n<li>Preorder. Voraussichtlicher Release-Termin: Q1 2025, voraussichtlich bei uns im Lager: Mai 2025.<\/li>\n<\/ul>\n<p>Wie immer bei meinen Aktionen &#8211; s\u00e4mtliche Geb\u00fchren sind, im Gegensatz zu anderen Angeboten, bereits inkludiert. Versand erfolgt ausschlie\u00dflich aus Deutschland, es fallen keine Zoll- und Importgeb\u00fchren an. Ihr kauft keine Katze im Sack \ud83d\ude42<\/p>\n<p><strong>Ma\u00dfe der Statue:<\/strong><\/p>\n<ul>\n<li>Gr\u00f6\u00dfe (Standard) : ca. H80.2cm x W78cm x D64cm<\/li>\n<li>Gewicht: TBA, ca. 20kg (gesch\u00e4tzt)<\/li>\n<\/ul>\n<p>You are not prepared! \ud83d\ude42<\/p>","protected":false},"excerpt":{"rendered":"<p>God of War &#8211; Atreus &amp; Kratos | 1:4 Resin Statue | von Sword &amp; Wing Studio EU Taxfree! I do ship EU-wide, please contact me, should questions arise. Tolle Statue von Kratos und seinem Sohn. Wunderbar verarbeitete und sehr detaillierte Ragnarok Loki &amp; Kratos Statue aus Polystone &#8211; k\u00fcnstlichem Stein-Harz-Gemisch. Besonderheiten: weltweit auf 88 [&hellip;]<\/p>\n","protected":false},"featured_media":26357,"comment_status":"closed","ping_status":"closed","template":"","meta":[],"product_brand":[],"product_cat":[24,568,81],"product_tag":[612,666,717,794,662,640,658,2961,2959,147,251,2953,2954,2955,2956,2957,795,2960,2958,154,255,136,137,379,381,552,665,380,382,547],"class_list":{"0":"post-26356","1":"product","2":"type-product","3":"status-publish","4":"has-post-thumbnail","6":"product_cat-action-figuren","7":"product_cat-preorder","8":"product_cat-statuen-computerspieluniversum","9":"product_tag-anime","10":"product_tag-anime-figuren-shop","11":"product_tag-anime-shop","12":"product_tag-anime-statue","13":"product_tag-anime-statue-shop","14":"product_tag-anime-statuen","15":"product_tag-anime-toys","16":"product_tag-atreus","17":"product_tag-atreus-kratos","18":"product_tag-collectibles","19":"product_tag-collectibles-kaufen","20":"product_tag-god-of-war","21":"product_tag-god-of-war-collectibles","22":"product_tag-god-of-war-resin","23":"product_tag-god-of-war-statuen","24":"product_tag-god-of-war-toy","25":"product_tag-handsomecake","26":"product_tag-kratos","27":"product_tag-kratos-collectible","28":"product_tag-resin-collectibles","29":"product_tag-resin-collectibles-kaufen","30":"product_tag-resin-statuen","31":"product_tag-resin-statuen-kaufen","32":"product_tag-statue-collectible","33":"product_tag-statue-collectibles","34":"product_tag-statue-collector","35":"product_tag-statuen-shop","36":"product_tag-statues-collectible","37":"product_tag-statues-collectibles","38":"product_tag-statues-collector","39":"pa_brand-sword-wing-studio","40":"pa_scale-1_to_4","42":"first","43":"instock","44":"taxable","45":"shipping-taxable","46":"product-type-simple"},"_links":{"self":[{"href":"https:\/\/store.handsomecake.com\/en\/wp-json\/wp\/v2\/product\/26356","targetHints":{"allow":["GET"]}}],"collection":[{"href":"https:\/\/store.handsomecake.com\/en\/wp-json\/wp\/v2\/product"}],"about":[{"href":"https:\/\/store.handsomecake.com\/en\/wp-json\/wp\/v2\/types\/product"}],"replies":[{"embeddable":true,"href":"https:\/\/store.handsomecake.com\/en\/wp-json\/wp\/v2\/comments?post=26356"}],"wp:featuredmedia":[{"embeddable":true,"href":"https:\/\/store.handsomecake.com\/en\/wp-json\/wp\/v2\/media\/26357"}],"wp:attachment":[{"href":"https:\/\/store.handsomecake.com\/en\/wp-json\/wp\/v2\/media?parent=26356"}],"wp:term":[{"taxonomy":"product_brand","embeddable":true,"href":"https:\/\/store.handsomecake.com\/en\/wp-json\/wp\/v2\/product_brand?post=26356"},{"taxonomy":"product_cat","embeddable":true,"href":"https:\/\/store.handsomecake.com\/en\/wp-json\/wp\/v2\/product_cat?post=26356"},{"taxonomy":"product_tag","embeddable":true,"href":"https:\/\/store.handsomecake.com\/en\/wp-json\/wp\/v2\/product_tag?post=26356"}],"curies":[{"name":"wp","href":"https:\/\/api.w.org\/{rel}","templated":true}]}}