{"id":2632,"date":"2021-03-29T06:11:30","date_gmt":"2021-03-29T06:11:30","guid":{"rendered":"https:\/\/store.handsomecake.com\/product\/one-piece-vinsmoke-sanji-14-scale-resin-statue-von-dt-studio\/"},"modified":"2024-06-12T14:44:03","modified_gmt":"2024-06-12T14:44:03","slug":"one-piece-vinsmoke-sanji-14-scale-resin-statue-von-dt-studio","status":"publish","type":"product","link":"https:\/\/store.handsomecake.com\/en\/product\/one-piece-vinsmoke-sanji-14-scale-resin-statue-von-dt-studio\/","title":{"rendered":"One Piece &#8211; Vinsmoke Sanji | 1:4 Scale Resin Statue | von DT Studio"},"content":{"rendered":"<p>One Piece &#8211; Vinsmoke Sanji &#8218; 1:4 Scale Resin Statue &#8218; von DT Studio<br \/>\nI do ship EU-wide, please contact me, should questions arise.<\/p>\n<p>Tolle Statue von unserem geliebten Smut der Mugiwara-Piratenbande.<br \/>\nWunderbar verarbeitete und sehr detaillierte Sanji Statue aus Polystone &#8211; k\u00fcnstlichem Stein-Harz-Gemisch.<\/p>\n<p>Besonderheiten:<\/p>\n<ul>\n<li>keine<\/li>\n<\/ul>\n<p>Release-Status:<\/p>\n<ul>\n<li>Released. Ab Kaufzeitpunkt in ca. 3 Monaten bei euch.<\/li>\n<\/ul>\n<p>Wie immer bei meinen Aktionen &#8211; s\u00e4mtliche Geb\u00fchren sind, im Gegensatz zu anderen Angeboten, bereits inkludiert. Versand erfolgt ausschlie\u00dflich aus Deutschland, es fallen keine Zoll- und Importgeb\u00fchren an. Ihr kauft keine Katze im Sack \ud83d\ude42<\/p>\n<p>Ma\u00dfe der Statue:<br \/>\nGr\u00f6\u00dfe: ca. H45cm x W31cm x D30cm<br \/>\nGewicht: TBA, gesch\u00e4tzt: ca. 16kg<\/p>\n<p>You are not prepared! \ud83d\ude42<\/p>","protected":false},"excerpt":{"rendered":"<p>One Piece &#8211; Vinsmoke Sanji &#8218; 1:4 Scale Resin Statue &#8218; von DT Studio I do ship EU-wide, please contact me, should questions arise. Tolle Statue von unserem geliebten Smut der Mugiwara-Piratenbande. Wunderbar verarbeitete und sehr detaillierte Sanji Statue aus Polystone &#8211; k\u00fcnstlichem Stein-Harz-Gemisch. Besonderheiten: keine Release-Status: Released. Ab Kaufzeitpunkt in ca. 3 Monaten bei [&hellip;]<\/p>\n","protected":false},"featured_media":2633,"comment_status":"closed","ping_status":"closed","template":"","meta":[],"product_brand":[],"product_cat":[89,84,567],"product_tag":[],"class_list":{"0":"post-2632","1":"product","2":"type-product","3":"status-publish","4":"has-post-thumbnail","6":"product_cat-one-piece","7":"product_cat-statuen-anime-comic-universum","8":"product_cat-in_stock_warehouse_china","9":"pa_scale-1_to_4","11":"first","12":"instock","13":"taxable","14":"shipping-taxable","15":"product-type-variable"},"_links":{"self":[{"href":"https:\/\/store.handsomecake.com\/en\/wp-json\/wp\/v2\/product\/2632","targetHints":{"allow":["GET"]}}],"collection":[{"href":"https:\/\/store.handsomecake.com\/en\/wp-json\/wp\/v2\/product"}],"about":[{"href":"https:\/\/store.handsomecake.com\/en\/wp-json\/wp\/v2\/types\/product"}],"replies":[{"embeddable":true,"href":"https:\/\/store.handsomecake.com\/en\/wp-json\/wp\/v2\/comments?post=2632"}],"wp:featuredmedia":[{"embeddable":true,"href":"https:\/\/store.handsomecake.com\/en\/wp-json\/wp\/v2\/media\/2633"}],"wp:attachment":[{"href":"https:\/\/store.handsomecake.com\/en\/wp-json\/wp\/v2\/media?parent=2632"}],"wp:term":[{"taxonomy":"product_brand","embeddable":true,"href":"https:\/\/store.handsomecake.com\/en\/wp-json\/wp\/v2\/product_brand?post=2632"},{"taxonomy":"product_cat","embeddable":true,"href":"https:\/\/store.handsomecake.com\/en\/wp-json\/wp\/v2\/product_cat?post=2632"},{"taxonomy":"product_tag","embeddable":true,"href":"https:\/\/store.handsomecake.com\/en\/wp-json\/wp\/v2\/product_tag?post=2632"}],"curies":[{"name":"wp","href":"https:\/\/api.w.org\/{rel}","templated":true}]}}