{"id":2625,"date":"2021-03-29T06:11:13","date_gmt":"2021-03-29T06:11:13","guid":{"rendered":"https:\/\/store.handsomecake.com\/product\/one-piece-roronoa-zoro-17-resin-statue-von-yunqi-create-studio\/"},"modified":"2024-06-12T14:43:59","modified_gmt":"2024-06-12T14:43:59","slug":"one-piece-roronoa-zoro-17-resin-statue-von-yunqi-create-studio","status":"publish","type":"product","link":"https:\/\/store.handsomecake.com\/en\/product\/one-piece-roronoa-zoro-17-resin-statue-von-yunqi-create-studio\/","title":{"rendered":"One Piece &#8211; Roronoa Zoro | 1:7 Resin Statue | von YUNQI CREATE Studio"},"content":{"rendered":"<p>One Piece &#8211; Roronoa Zoro &#8218; 1:4 Resin Statue &#8218; von YUNQI CREATE Studio<br \/>\nI do ship EU-wide, please contact me, should questions arise.<\/p>\n<p>Tolle Statue von unserem geliebten Schwertmeister<br \/>\nWunderbar verarbeitete und sehr detaillierte Roronoa Zoro Statue aus Polystone &#8211; k\u00fcnstlichem Stein-Harz-Gemisch.<\/p>\n<p>Besonderheiten:<\/p>\n<ul>\n<li>280 St\u00fcck weltweit<\/li>\n<li>2 austauschbare K\u00f6pfe<\/li>\n<li>austauschbare Schwerter<\/li>\n<\/ul>\n<p>Release-Status:<\/p>\n<ul>\n<li>Preorder. Release: unknown<\/li>\n<\/ul>\n<p>Wie immer bei meinen Aktionen &#8211; s\u00e4mtliche Geb\u00fchren sind, im Gegensatz zu anderen Angeboten, bereits inkludiert. Versand erfolgt ausschlie\u00dflich aus Deutschland, es fallen keine Zoll- und Importgeb\u00fchren an. Ihr kauft keine Katze im Sack \ud83d\ude42<\/p>\n<p>Ma\u00dfe der Statue:<br \/>\nGr\u00f6\u00dfe: ca. H43cm x W36cm x D40cm<br \/>\nGewicht: TBA, gesch\u00e4tzt: ca. 18kg<\/p>\n<p>You are not prepared! \ud83d\ude42<\/p>","protected":false},"excerpt":{"rendered":"<p>One Piece &#8211; Roronoa Zoro &#8218; 1:4 Resin Statue &#8218; von YUNQI CREATE Studio I do ship EU-wide, please contact me, should questions arise. Tolle Statue von unserem geliebten Schwertmeister Wunderbar verarbeitete und sehr detaillierte Roronoa Zoro Statue aus Polystone &#8211; k\u00fcnstlichem Stein-Harz-Gemisch. Besonderheiten: 280 St\u00fcck weltweit 2 austauschbare K\u00f6pfe austauschbare Schwerter Release-Status: Preorder. Release: [&hellip;]<\/p>\n","protected":false},"featured_media":2626,"comment_status":"closed","ping_status":"closed","template":"","meta":[],"product_brand":[],"product_cat":[89,568,84],"product_tag":[],"class_list":{"0":"post-2625","1":"product","2":"type-product","3":"status-publish","4":"has-post-thumbnail","6":"product_cat-one-piece","7":"product_cat-preorder","8":"product_cat-statuen-anime-comic-universum","9":"pa_brand-yunqi-create-studio","10":"pa_scale-1_to_6","12":"first","13":"instock","14":"taxable","15":"shipping-taxable","16":"product-type-variable"},"_links":{"self":[{"href":"https:\/\/store.handsomecake.com\/en\/wp-json\/wp\/v2\/product\/2625","targetHints":{"allow":["GET"]}}],"collection":[{"href":"https:\/\/store.handsomecake.com\/en\/wp-json\/wp\/v2\/product"}],"about":[{"href":"https:\/\/store.handsomecake.com\/en\/wp-json\/wp\/v2\/types\/product"}],"replies":[{"embeddable":true,"href":"https:\/\/store.handsomecake.com\/en\/wp-json\/wp\/v2\/comments?post=2625"}],"wp:featuredmedia":[{"embeddable":true,"href":"https:\/\/store.handsomecake.com\/en\/wp-json\/wp\/v2\/media\/2626"}],"wp:attachment":[{"href":"https:\/\/store.handsomecake.com\/en\/wp-json\/wp\/v2\/media?parent=2625"}],"wp:term":[{"taxonomy":"product_brand","embeddable":true,"href":"https:\/\/store.handsomecake.com\/en\/wp-json\/wp\/v2\/product_brand?post=2625"},{"taxonomy":"product_cat","embeddable":true,"href":"https:\/\/store.handsomecake.com\/en\/wp-json\/wp\/v2\/product_cat?post=2625"},{"taxonomy":"product_tag","embeddable":true,"href":"https:\/\/store.handsomecake.com\/en\/wp-json\/wp\/v2\/product_tag?post=2625"}],"curies":[{"name":"wp","href":"https:\/\/api.w.org\/{rel}","templated":true}]}}